{"id":37510,"date":"2018-09-19T15:07:12","date_gmt":"2018-09-19T13:07:12","guid":{"rendered":"https:\/\/mestergull.no\/amanda\/produkt\/design-your-love-8\/"},"modified":"2025-09-18T16:32:14","modified_gmt":"2025-09-18T14:32:14","slug":"design-your-love-8","status":"publish","type":"product","link":"https:\/\/mestergull.no\/amanda\/produkt\/design-your-love-8\/","title":{"rendered":"DESIGN YOUR LOVE"},"content":{"rendered":"<ul>\n<li>Gult gull 585<\/li>\n<li>Profil 4\/Bredde 6,0 mm<\/li>\n<li>M\u00f8nster<\/li>\n<li><a href=\"\/blog\/LR-01\/\">Les mer?<\/a><\/li>\n<\/ul>\n","protected":false},"excerpt":{"rendered":"<p>Klassiske ringer i gult gull med polert overflate er her gitt to elegante diamantsk\u00e5rne spor som m\u00f8nster. Mulighetene er mange for \u00e5 gj\u00f8re en personlig vri.<\/p>\n","protected":false},"featured_media":33729,"comment_status":"open","ping_status":"closed","template":"","meta":{"_acf_changed":false},"product_cat":[313],"product_tag":[],"merke":[297],"product_serie":[{"id":87,"name":"Eksempel","slug":"eksempel"}],"produsent":[],"leverandor":[206],"varetype":[],"geografisk_tilknytning":[],"varegruppe":[{"id":64,"name":"Gullsmykker","slug":"gullsmykker"}],"butikkrettigheter":[],"class_list":{"0":"post-37510","1":"product","2":"type-product","3":"status-publish","4":"has-post-thumbnail","6":"product_cat-ring","7":"product_brand-lykkeringene","8":"product_serie-eksempel","9":"product_leverandor-mestergull-as","10":"varegruppe-gullsmykker","12":"first","13":"outofstock","14":"taxable","15":"shipping-taxable","16":"product-type-simple"},"acf":[],"product_brand":[{"id":297,"name":"LYKKERINGENE","slug":"lykkeringene"}],"product_leverandor":[{"id":206,"name":"Mestergull AS","slug":"mestergull-as"}],"_links":{"self":[{"href":"https:\/\/mestergull.no\/amanda\/wp-json\/wp\/v2\/product\/37510"}],"collection":[{"href":"https:\/\/mestergull.no\/amanda\/wp-json\/wp\/v2\/product"}],"about":[{"href":"https:\/\/mestergull.no\/amanda\/wp-json\/wp\/v2\/types\/product"}],"replies":[{"embeddable":true,"href":"https:\/\/mestergull.no\/amanda\/wp-json\/wp\/v2\/comments?post=37510"}],"wp:featuredmedia":[{"embeddable":true,"href":"https:\/\/mestergull.no\/amanda\/wp-json\/wp\/v2\/media\/33729"}],"wp:attachment":[{"href":"https:\/\/mestergull.no\/amanda\/wp-json\/wp\/v2\/media?parent=37510"}],"wp:term":[{"taxonomy":"product_cat","embeddable":true,"href":"https:\/\/mestergull.no\/amanda\/wp-json\/wp\/v2\/product_cat?post=37510"},{"taxonomy":"product_tag","embeddable":true,"href":"https:\/\/mestergull.no\/amanda\/wp-json\/wp\/v2\/product_tag?post=37510"},{"taxonomy":"product_brand","embeddable":true,"href":"https:\/\/mestergull.no\/amanda\/wp-json\/wp\/v2\/merke?post=37510"},{"taxonomy":"product_serie","embeddable":true,"href":"https:\/\/mestergull.no\/amanda\/wp-json\/wp\/v2\/product_serie?post=37510"},{"taxonomy":"produsent","embeddable":true,"href":"https:\/\/mestergull.no\/amanda\/wp-json\/wp\/v2\/produsent?post=37510"},{"taxonomy":"product_leverandor","embeddable":true,"href":"https:\/\/mestergull.no\/amanda\/wp-json\/wp\/v2\/leverandor?post=37510"},{"taxonomy":"varetype","embeddable":true,"href":"https:\/\/mestergull.no\/amanda\/wp-json\/wp\/v2\/varetype?post=37510"},{"taxonomy":"geografisk_tilknytning","embeddable":true,"href":"https:\/\/mestergull.no\/amanda\/wp-json\/wp\/v2\/geografisk_tilknytning?post=37510"},{"taxonomy":"varegruppe","embeddable":true,"href":"https:\/\/mestergull.no\/amanda\/wp-json\/wp\/v2\/varegruppe?post=37510"},{"taxonomy":"butikkrettigheter","embeddable":true,"href":"https:\/\/mestergull.no\/amanda\/wp-json\/wp\/v2\/butikkrettigheter?post=37510"}],"curies":[{"name":"wp","href":"https:\/\/api.w.org\/{rel}","templated":true}]}}