{"id":37990,"date":"2018-09-19T15:17:26","date_gmt":"2018-09-19T13:17:26","guid":{"rendered":"https:\/\/mestergull.no\/amanda\/produkt\/design-your-love-65\/"},"modified":"2025-09-18T16:33:10","modified_gmt":"2025-09-18T14:33:10","slug":"design-your-love-65","status":"publish","type":"product","link":"https:\/\/mestergull.no\/amanda\/produkt\/design-your-love-65\/","title":{"rendered":"DESIGN YOUR LOVE"},"content":{"rendered":"<ul>\n<li>Hvitt gull 585<\/li>\n<li>Profil 1<\/li>\n<li>Bredde 4,0 mm<\/li>\n<li><a href=\"\/blog\/LR-01\/\">Les mer?<\/a><\/li>\n<\/ul>\n","protected":false},"excerpt":{"rendered":"<p>Kraftige og tunge ringer i hvitt gull i profil 1. Den innvendige buede formen gj\u00f8r at ringene er sv\u00e6rt behagelig \u00e5 ha p\u00e5.<\/p>\n","protected":false},"featured_media":31479,"comment_status":"open","ping_status":"closed","template":"","meta":{"_acf_changed":false},"product_cat":[313],"product_tag":[],"merke":[297],"product_serie":[{"id":87,"name":"Eksempel","slug":"eksempel"}],"produsent":[],"leverandor":[206],"varetype":[],"geografisk_tilknytning":[],"varegruppe":[{"id":64,"name":"Gullsmykker","slug":"gullsmykker"}],"butikkrettigheter":[],"class_list":{"0":"post-37990","1":"product","2":"type-product","3":"status-publish","4":"has-post-thumbnail","6":"product_cat-ring","7":"product_brand-lykkeringene","8":"product_serie-eksempel","9":"product_leverandor-mestergull-as","10":"varegruppe-gullsmykker","12":"first","13":"outofstock","14":"taxable","15":"shipping-taxable","16":"product-type-simple"},"acf":[],"product_brand":[{"id":297,"name":"LYKKERINGENE","slug":"lykkeringene"}],"product_leverandor":[{"id":206,"name":"Mestergull AS","slug":"mestergull-as"}],"_links":{"self":[{"href":"https:\/\/mestergull.no\/amanda\/wp-json\/wp\/v2\/product\/37990"}],"collection":[{"href":"https:\/\/mestergull.no\/amanda\/wp-json\/wp\/v2\/product"}],"about":[{"href":"https:\/\/mestergull.no\/amanda\/wp-json\/wp\/v2\/types\/product"}],"replies":[{"embeddable":true,"href":"https:\/\/mestergull.no\/amanda\/wp-json\/wp\/v2\/comments?post=37990"}],"wp:featuredmedia":[{"embeddable":true,"href":"https:\/\/mestergull.no\/amanda\/wp-json\/wp\/v2\/media\/31479"}],"wp:attachment":[{"href":"https:\/\/mestergull.no\/amanda\/wp-json\/wp\/v2\/media?parent=37990"}],"wp:term":[{"taxonomy":"product_cat","embeddable":true,"href":"https:\/\/mestergull.no\/amanda\/wp-json\/wp\/v2\/product_cat?post=37990"},{"taxonomy":"product_tag","embeddable":true,"href":"https:\/\/mestergull.no\/amanda\/wp-json\/wp\/v2\/product_tag?post=37990"},{"taxonomy":"product_brand","embeddable":true,"href":"https:\/\/mestergull.no\/amanda\/wp-json\/wp\/v2\/merke?post=37990"},{"taxonomy":"product_serie","embeddable":true,"href":"https:\/\/mestergull.no\/amanda\/wp-json\/wp\/v2\/product_serie?post=37990"},{"taxonomy":"produsent","embeddable":true,"href":"https:\/\/mestergull.no\/amanda\/wp-json\/wp\/v2\/produsent?post=37990"},{"taxonomy":"product_leverandor","embeddable":true,"href":"https:\/\/mestergull.no\/amanda\/wp-json\/wp\/v2\/leverandor?post=37990"},{"taxonomy":"varetype","embeddable":true,"href":"https:\/\/mestergull.no\/amanda\/wp-json\/wp\/v2\/varetype?post=37990"},{"taxonomy":"geografisk_tilknytning","embeddable":true,"href":"https:\/\/mestergull.no\/amanda\/wp-json\/wp\/v2\/geografisk_tilknytning?post=37990"},{"taxonomy":"varegruppe","embeddable":true,"href":"https:\/\/mestergull.no\/amanda\/wp-json\/wp\/v2\/varegruppe?post=37990"},{"taxonomy":"butikkrettigheter","embeddable":true,"href":"https:\/\/mestergull.no\/amanda\/wp-json\/wp\/v2\/butikkrettigheter?post=37990"}],"curies":[{"name":"wp","href":"https:\/\/api.w.org\/{rel}","templated":true}]}}