{"id":38308,"date":"2018-09-19T15:24:24","date_gmt":"2018-09-19T13:24:24","guid":{"rendered":"https:\/\/mestergull.no\/amanda\/produkt\/id-armband-m-traktor\/"},"modified":"2026-01-03T07:35:05","modified_gmt":"2026-01-03T06:35:05","slug":"id-armband-m-traktor","status":"publish","type":"product","link":"https:\/\/mestergull.no\/amanda\/produkt\/id-armband-m-traktor\/","title":{"rendered":"Armb\u00e5nd S\u00f8lv"},"content":{"rendered":"<ul>\n<li>S\u00f8lv 925S<\/li>\n<li>Bl\u00e5 glassemalje<\/li>\n<li>L: 15 cm<\/li>\n<\/ul>\n","protected":false},"excerpt":{"rendered":"<p>De fleste barn har en fascinasjon for store kj\u00f8ret\u00f8y, enten det er brannbiler, motorsykler eller traktorer, bl\u00e5 er inspirert av Ford. Med gravering vil dette ID-armb\u00e5ndet bli ekstra personlig og verdifullt.<\/p>\n","protected":false},"featured_media":61446,"comment_status":"open","ping_status":"closed","template":"","meta":{"_acf_changed":false},"product_cat":[306],"product_tag":[],"merke":[264],"product_serie":[],"produsent":[],"leverandor":[205],"varetype":[],"geografisk_tilknytning":[],"varegruppe":[{"id":69,"name":"S\u00f8lvsmykker","slug":"solvsmykker"}],"butikkrettigheter":[],"class_list":{"0":"post-38308","1":"product","2":"type-product","3":"status-publish","4":"has-post-thumbnail","6":"product_cat-armband","7":"product_brand-pia-per","8":"product_leverandor-gullsmed-arne-nordlie-as","9":"varegruppe-solvsmykker","11":"first","12":"instock","13":"taxable","14":"shipping-taxable","15":"purchasable","16":"product-type-simple"},"acf":[],"product_brand":[{"id":264,"name":"PIA &amp; PER","slug":"pia-per"}],"product_leverandor":[{"id":205,"name":"Gullsmed Arne Nordlie AS","slug":"gullsmed-arne-nordlie-as"}],"_links":{"self":[{"href":"https:\/\/mestergull.no\/amanda\/wp-json\/wp\/v2\/product\/38308"}],"collection":[{"href":"https:\/\/mestergull.no\/amanda\/wp-json\/wp\/v2\/product"}],"about":[{"href":"https:\/\/mestergull.no\/amanda\/wp-json\/wp\/v2\/types\/product"}],"replies":[{"embeddable":true,"href":"https:\/\/mestergull.no\/amanda\/wp-json\/wp\/v2\/comments?post=38308"}],"wp:featuredmedia":[{"embeddable":true,"href":"https:\/\/mestergull.no\/amanda\/wp-json\/wp\/v2\/media\/61446"}],"wp:attachment":[{"href":"https:\/\/mestergull.no\/amanda\/wp-json\/wp\/v2\/media?parent=38308"}],"wp:term":[{"taxonomy":"product_cat","embeddable":true,"href":"https:\/\/mestergull.no\/amanda\/wp-json\/wp\/v2\/product_cat?post=38308"},{"taxonomy":"product_tag","embeddable":true,"href":"https:\/\/mestergull.no\/amanda\/wp-json\/wp\/v2\/product_tag?post=38308"},{"taxonomy":"product_brand","embeddable":true,"href":"https:\/\/mestergull.no\/amanda\/wp-json\/wp\/v2\/merke?post=38308"},{"taxonomy":"product_serie","embeddable":true,"href":"https:\/\/mestergull.no\/amanda\/wp-json\/wp\/v2\/product_serie?post=38308"},{"taxonomy":"produsent","embeddable":true,"href":"https:\/\/mestergull.no\/amanda\/wp-json\/wp\/v2\/produsent?post=38308"},{"taxonomy":"product_leverandor","embeddable":true,"href":"https:\/\/mestergull.no\/amanda\/wp-json\/wp\/v2\/leverandor?post=38308"},{"taxonomy":"varetype","embeddable":true,"href":"https:\/\/mestergull.no\/amanda\/wp-json\/wp\/v2\/varetype?post=38308"},{"taxonomy":"geografisk_tilknytning","embeddable":true,"href":"https:\/\/mestergull.no\/amanda\/wp-json\/wp\/v2\/geografisk_tilknytning?post=38308"},{"taxonomy":"varegruppe","embeddable":true,"href":"https:\/\/mestergull.no\/amanda\/wp-json\/wp\/v2\/varegruppe?post=38308"},{"taxonomy":"butikkrettigheter","embeddable":true,"href":"https:\/\/mestergull.no\/amanda\/wp-json\/wp\/v2\/butikkrettigheter?post=38308"}],"curies":[{"name":"wp","href":"https:\/\/api.w.org\/{rel}","templated":true}]}}