{"id":38481,"date":"2018-09-19T15:28:22","date_gmt":"2018-09-19T13:28:22","guid":{"rendered":"https:\/\/mestergull.no\/amanda\/produkt\/sikringslenke\/"},"modified":"2026-04-24T09:41:24","modified_gmt":"2026-04-24T07:41:24","slug":"sikringslenke","status":"publish","type":"product","link":"https:\/\/mestergull.no\/amanda\/produkt\/sikringslenke\/","title":{"rendered":"Sikringslenke"},"content":{"rendered":"<ul>\n<li>S\u00f8lv 830S<\/li>\n<li>Hvit<\/li>\n<li>Lengde: 117 mm<\/li>\n<\/ul>\n","protected":false},"excerpt":{"rendered":"<p>Sikkerhetslenke til bundsveska i hvitt s\u00f8lv. Enden av ertekjedet sys godt fast i \u00f8vre del p\u00e5 baksiden av veska. Om du har s\u00f8lvbelte, fester du karabinkroken i veskest\u00f8len f\u00f8r du hekter veska p\u00e5<\/p>\n","protected":false},"featured_media":34521,"comment_status":"open","ping_status":"closed","template":"","meta":{"_acf_changed":false},"product_cat":[309],"product_tag":[],"merke":[298],"product_serie":[],"produsent":[],"leverandor":[209],"varetype":[],"geografisk_tilknytning":[{"id":136,"name":"Bardu - M\u00e5lselv","slug":"bardu-malselv"},{"id":154,"name":"Lofoten","slug":"lofoten"},{"id":157,"name":"Modum","slug":"modum"},{"id":158,"name":"Namdal","slug":"namdal"},{"id":159,"name":"Nedre Buskerud","slug":"nedre-buskerud"},{"id":164,"name":"Nordland","slug":"nordland"},{"id":176,"name":"Rogaland Filigran","slug":"rogaland-filigran"},{"id":177,"name":"Rogaland Gravert","slug":"rogaland-gravert"}],"varegruppe":[{"id":69,"name":"S\u00f8lvsmykker","slug":"solvsmykker"}],"butikkrettigheter":[],"class_list":{"0":"post-38481","1":"product","2":"type-product","3":"status-publish","4":"has-post-thumbnail","6":"product_cat-kjede","7":"product_brand-sylvsmidja","8":"product_leverandor-sylvsmidja-as","9":"geografisk_tilknytning-bardu-malselv","10":"geografisk_tilknytning-lofoten","11":"geografisk_tilknytning-modum","12":"geografisk_tilknytning-namdal","13":"geografisk_tilknytning-nedre-buskerud","14":"geografisk_tilknytning-nordland","15":"geografisk_tilknytning-rogaland-filigran","16":"geografisk_tilknytning-rogaland-gravert","17":"varegruppe-solvsmykker","19":"first","20":"instock","21":"taxable","22":"shipping-taxable","23":"purchasable","24":"product-type-simple"},"acf":[],"product_brand":[{"id":298,"name":"SYLVSMIDJA","slug":"sylvsmidja"}],"product_leverandor":[{"id":209,"name":"Sylvsmidja AS","slug":"sylvsmidja-as"}],"_links":{"self":[{"href":"https:\/\/mestergull.no\/amanda\/wp-json\/wp\/v2\/product\/38481"}],"collection":[{"href":"https:\/\/mestergull.no\/amanda\/wp-json\/wp\/v2\/product"}],"about":[{"href":"https:\/\/mestergull.no\/amanda\/wp-json\/wp\/v2\/types\/product"}],"replies":[{"embeddable":true,"href":"https:\/\/mestergull.no\/amanda\/wp-json\/wp\/v2\/comments?post=38481"}],"wp:featuredmedia":[{"embeddable":true,"href":"https:\/\/mestergull.no\/amanda\/wp-json\/wp\/v2\/media\/34521"}],"wp:attachment":[{"href":"https:\/\/mestergull.no\/amanda\/wp-json\/wp\/v2\/media?parent=38481"}],"wp:term":[{"taxonomy":"product_cat","embeddable":true,"href":"https:\/\/mestergull.no\/amanda\/wp-json\/wp\/v2\/product_cat?post=38481"},{"taxonomy":"product_tag","embeddable":true,"href":"https:\/\/mestergull.no\/amanda\/wp-json\/wp\/v2\/product_tag?post=38481"},{"taxonomy":"product_brand","embeddable":true,"href":"https:\/\/mestergull.no\/amanda\/wp-json\/wp\/v2\/merke?post=38481"},{"taxonomy":"product_serie","embeddable":true,"href":"https:\/\/mestergull.no\/amanda\/wp-json\/wp\/v2\/product_serie?post=38481"},{"taxonomy":"produsent","embeddable":true,"href":"https:\/\/mestergull.no\/amanda\/wp-json\/wp\/v2\/produsent?post=38481"},{"taxonomy":"product_leverandor","embeddable":true,"href":"https:\/\/mestergull.no\/amanda\/wp-json\/wp\/v2\/leverandor?post=38481"},{"taxonomy":"varetype","embeddable":true,"href":"https:\/\/mestergull.no\/amanda\/wp-json\/wp\/v2\/varetype?post=38481"},{"taxonomy":"geografisk_tilknytning","embeddable":true,"href":"https:\/\/mestergull.no\/amanda\/wp-json\/wp\/v2\/geografisk_tilknytning?post=38481"},{"taxonomy":"varegruppe","embeddable":true,"href":"https:\/\/mestergull.no\/amanda\/wp-json\/wp\/v2\/varegruppe?post=38481"},{"taxonomy":"butikkrettigheter","embeddable":true,"href":"https:\/\/mestergull.no\/amanda\/wp-json\/wp\/v2\/butikkrettigheter?post=38481"}],"curies":[{"name":"wp","href":"https:\/\/api.w.org\/{rel}","templated":true}]}}