{"id":39152,"date":"2018-09-19T15:44:24","date_gmt":"2018-09-19T13:44:24","guid":{"rendered":"https:\/\/mestergull.no\/amanda\/produkt\/slipsnal-m-bil-bla\/"},"modified":"2026-01-03T07:39:14","modified_gmt":"2026-01-03T06:39:14","slug":"slipsnal-m-bil-bla","status":"publish","type":"product","link":"https:\/\/mestergull.no\/amanda\/produkt\/slipsnal-m-bil-bla\/","title":{"rendered":"Slipsn\u00e5l S\u00f8lv"},"content":{"rendered":"<ul>\n<li>S\u00f8lv 925S<\/li>\n<li>Bl\u00e5 glassemalje<\/li>\n<li>L: 48 mm B: 5 mm<\/li>\n<\/ul>\n","protected":false},"excerpt":{"rendered":"<p>Veteranbilen var sammen med fotballen v\u00e5rt f\u00f8rste emaljesmykke til gutter og ble designet for over 25 \u00e5r siden.<\/p>\n","protected":false},"featured_media":61465,"comment_status":"open","ping_status":"closed","template":"","meta":{"_acf_changed":false},"product_cat":[315],"product_tag":[],"merke":[264],"product_serie":[],"produsent":[],"leverandor":[205],"varetype":[],"geografisk_tilknytning":[],"varegruppe":[{"id":69,"name":"S\u00f8lvsmykker","slug":"solvsmykker"}],"butikkrettigheter":[],"class_list":{"0":"post-39152","1":"product","2":"type-product","3":"status-publish","4":"has-post-thumbnail","6":"product_cat-slipsnal","7":"product_brand-pia-per","8":"product_leverandor-gullsmed-arne-nordlie-as","9":"varegruppe-solvsmykker","11":"first","12":"outofstock","13":"taxable","14":"shipping-taxable","15":"purchasable","16":"product-type-simple"},"acf":[],"product_brand":[{"id":264,"name":"PIA &amp; PER","slug":"pia-per"}],"product_leverandor":[{"id":205,"name":"Gullsmed Arne Nordlie AS","slug":"gullsmed-arne-nordlie-as"}],"_links":{"self":[{"href":"https:\/\/mestergull.no\/amanda\/wp-json\/wp\/v2\/product\/39152"}],"collection":[{"href":"https:\/\/mestergull.no\/amanda\/wp-json\/wp\/v2\/product"}],"about":[{"href":"https:\/\/mestergull.no\/amanda\/wp-json\/wp\/v2\/types\/product"}],"replies":[{"embeddable":true,"href":"https:\/\/mestergull.no\/amanda\/wp-json\/wp\/v2\/comments?post=39152"}],"wp:featuredmedia":[{"embeddable":true,"href":"https:\/\/mestergull.no\/amanda\/wp-json\/wp\/v2\/media\/61465"}],"wp:attachment":[{"href":"https:\/\/mestergull.no\/amanda\/wp-json\/wp\/v2\/media?parent=39152"}],"wp:term":[{"taxonomy":"product_cat","embeddable":true,"href":"https:\/\/mestergull.no\/amanda\/wp-json\/wp\/v2\/product_cat?post=39152"},{"taxonomy":"product_tag","embeddable":true,"href":"https:\/\/mestergull.no\/amanda\/wp-json\/wp\/v2\/product_tag?post=39152"},{"taxonomy":"product_brand","embeddable":true,"href":"https:\/\/mestergull.no\/amanda\/wp-json\/wp\/v2\/merke?post=39152"},{"taxonomy":"product_serie","embeddable":true,"href":"https:\/\/mestergull.no\/amanda\/wp-json\/wp\/v2\/product_serie?post=39152"},{"taxonomy":"produsent","embeddable":true,"href":"https:\/\/mestergull.no\/amanda\/wp-json\/wp\/v2\/produsent?post=39152"},{"taxonomy":"product_leverandor","embeddable":true,"href":"https:\/\/mestergull.no\/amanda\/wp-json\/wp\/v2\/leverandor?post=39152"},{"taxonomy":"varetype","embeddable":true,"href":"https:\/\/mestergull.no\/amanda\/wp-json\/wp\/v2\/varetype?post=39152"},{"taxonomy":"geografisk_tilknytning","embeddable":true,"href":"https:\/\/mestergull.no\/amanda\/wp-json\/wp\/v2\/geografisk_tilknytning?post=39152"},{"taxonomy":"varegruppe","embeddable":true,"href":"https:\/\/mestergull.no\/amanda\/wp-json\/wp\/v2\/varegruppe?post=39152"},{"taxonomy":"butikkrettigheter","embeddable":true,"href":"https:\/\/mestergull.no\/amanda\/wp-json\/wp\/v2\/butikkrettigheter?post=39152"}],"curies":[{"name":"wp","href":"https:\/\/api.w.org\/{rel}","templated":true}]}}