{"id":39298,"date":"2018-09-19T15:48:00","date_gmt":"2018-09-19T13:48:00","guid":{"rendered":"https:\/\/mestergull.no\/amanda\/produkt\/harklype-nordland-2\/"},"modified":"2026-04-24T09:48:25","modified_gmt":"2026-04-24T07:48:25","slug":"harklype-nordland-2","status":"publish","type":"product","link":"https:\/\/mestergull.no\/amanda\/produkt\/harklype-nordland-2\/","title":{"rendered":"H\u00e5rklype Nordland"},"content":{"rendered":"<ul>\n<li>S\u00f8lv 830S<\/li>\n<li>Hvit<\/li>\n<li>M\u00e5l: 22 mm<\/li>\n<\/ul>\n","protected":false},"excerpt":{"rendered":"<p>H\u00e5rklype i hvitt s\u00f8lv til de fleste bunader. Finnes i flere st\u00f8rrelser og farger.<\/p>\n","protected":false},"featured_media":32404,"comment_status":"open","ping_status":"closed","template":"","meta":{"_acf_changed":false},"product_cat":[317],"product_tag":[],"merke":[298],"product_serie":[],"produsent":[],"leverandor":[209],"varetype":[],"geografisk_tilknytning":[{"id":164,"name":"Nordland","slug":"nordland"}],"varegruppe":[{"id":69,"name":"S\u00f8lvsmykker","slug":"solvsmykker"}],"butikkrettigheter":[],"class_list":{"0":"post-39298","1":"product","2":"type-product","3":"status-publish","4":"has-post-thumbnail","6":"product_cat-diverse","7":"product_brand-sylvsmidja","8":"product_leverandor-sylvsmidja-as","9":"geografisk_tilknytning-nordland","10":"varegruppe-solvsmykker","12":"first","13":"outofstock","14":"taxable","15":"shipping-taxable","16":"purchasable","17":"product-type-simple"},"acf":[],"product_brand":[{"id":298,"name":"SYLVSMIDJA","slug":"sylvsmidja"}],"product_leverandor":[{"id":209,"name":"Sylvsmidja AS","slug":"sylvsmidja-as"}],"_links":{"self":[{"href":"https:\/\/mestergull.no\/amanda\/wp-json\/wp\/v2\/product\/39298"}],"collection":[{"href":"https:\/\/mestergull.no\/amanda\/wp-json\/wp\/v2\/product"}],"about":[{"href":"https:\/\/mestergull.no\/amanda\/wp-json\/wp\/v2\/types\/product"}],"replies":[{"embeddable":true,"href":"https:\/\/mestergull.no\/amanda\/wp-json\/wp\/v2\/comments?post=39298"}],"wp:featuredmedia":[{"embeddable":true,"href":"https:\/\/mestergull.no\/amanda\/wp-json\/wp\/v2\/media\/32404"}],"wp:attachment":[{"href":"https:\/\/mestergull.no\/amanda\/wp-json\/wp\/v2\/media?parent=39298"}],"wp:term":[{"taxonomy":"product_cat","embeddable":true,"href":"https:\/\/mestergull.no\/amanda\/wp-json\/wp\/v2\/product_cat?post=39298"},{"taxonomy":"product_tag","embeddable":true,"href":"https:\/\/mestergull.no\/amanda\/wp-json\/wp\/v2\/product_tag?post=39298"},{"taxonomy":"product_brand","embeddable":true,"href":"https:\/\/mestergull.no\/amanda\/wp-json\/wp\/v2\/merke?post=39298"},{"taxonomy":"product_serie","embeddable":true,"href":"https:\/\/mestergull.no\/amanda\/wp-json\/wp\/v2\/product_serie?post=39298"},{"taxonomy":"produsent","embeddable":true,"href":"https:\/\/mestergull.no\/amanda\/wp-json\/wp\/v2\/produsent?post=39298"},{"taxonomy":"product_leverandor","embeddable":true,"href":"https:\/\/mestergull.no\/amanda\/wp-json\/wp\/v2\/leverandor?post=39298"},{"taxonomy":"varetype","embeddable":true,"href":"https:\/\/mestergull.no\/amanda\/wp-json\/wp\/v2\/varetype?post=39298"},{"taxonomy":"geografisk_tilknytning","embeddable":true,"href":"https:\/\/mestergull.no\/amanda\/wp-json\/wp\/v2\/geografisk_tilknytning?post=39298"},{"taxonomy":"varegruppe","embeddable":true,"href":"https:\/\/mestergull.no\/amanda\/wp-json\/wp\/v2\/varegruppe?post=39298"},{"taxonomy":"butikkrettigheter","embeddable":true,"href":"https:\/\/mestergull.no\/amanda\/wp-json\/wp\/v2\/butikkrettigheter?post=39298"}],"curies":[{"name":"wp","href":"https:\/\/api.w.org\/{rel}","templated":true}]}}