{"id":39862,"date":"2018-09-19T16:01:56","date_gmt":"2018-09-19T14:01:56","guid":{"rendered":"https:\/\/mestergull.no\/amanda\/produkt\/barneskje-b-r-h\/"},"modified":"2026-01-30T08:05:45","modified_gmt":"2026-01-30T07:05:45","slug":"barneskje-b-r-h","status":"publish","type":"product","link":"https:\/\/mestergull.no\/amanda\/produkt\/barneskje-b-r-h\/","title":{"rendered":"Barneskje S\u00f8lv"},"content":{"rendered":"<ul>\n<li>S\u00f8lv 830S<\/li>\n<li>Lengde: 148 mm<\/li>\n<li>Egnet for gravering<\/li>\n<\/ul>\n","protected":false},"excerpt":{"rendered":"<p>S\u00f8lv barneskje i m\u00f8nsteret Bj\u00f8rn, Rev &amp; Hare<\/p>\n","protected":false},"featured_media":35154,"comment_status":"open","ping_status":"closed","template":"","meta":{"_acf_changed":false},"product_cat":[324],"product_tag":[],"merke":[281],"product_serie":[],"produsent":[],"leverandor":[211],"varetype":[],"geografisk_tilknytning":[],"varegruppe":[{"id":68,"name":"S\u00f8lvbestikk","slug":"solvbestikk"}],"butikkrettigheter":[],"class_list":{"0":"post-39862","1":"product","2":"type-product","3":"status-publish","4":"has-post-thumbnail","6":"product_cat-barneskje","7":"product_brand-bjorn-rev-hare","8":"product_leverandor-th-marthinsen-solvvarefabrikk","9":"varegruppe-solvbestikk","11":"first","12":"outofstock","13":"taxable","14":"shipping-taxable","15":"purchasable","16":"product-type-simple"},"acf":[],"product_brand":[{"id":281,"name":"BJ\u00d8RN, REV &amp; HARE","slug":"bjorn-rev-hare"}],"product_leverandor":[{"id":211,"name":"Th. Marthinsen S\u00f8lvvarefabrikk","slug":"th-marthinsen-solvvarefabrikk"}],"_links":{"self":[{"href":"https:\/\/mestergull.no\/amanda\/wp-json\/wp\/v2\/product\/39862"}],"collection":[{"href":"https:\/\/mestergull.no\/amanda\/wp-json\/wp\/v2\/product"}],"about":[{"href":"https:\/\/mestergull.no\/amanda\/wp-json\/wp\/v2\/types\/product"}],"replies":[{"embeddable":true,"href":"https:\/\/mestergull.no\/amanda\/wp-json\/wp\/v2\/comments?post=39862"}],"wp:featuredmedia":[{"embeddable":true,"href":"https:\/\/mestergull.no\/amanda\/wp-json\/wp\/v2\/media\/35154"}],"wp:attachment":[{"href":"https:\/\/mestergull.no\/amanda\/wp-json\/wp\/v2\/media?parent=39862"}],"wp:term":[{"taxonomy":"product_cat","embeddable":true,"href":"https:\/\/mestergull.no\/amanda\/wp-json\/wp\/v2\/product_cat?post=39862"},{"taxonomy":"product_tag","embeddable":true,"href":"https:\/\/mestergull.no\/amanda\/wp-json\/wp\/v2\/product_tag?post=39862"},{"taxonomy":"product_brand","embeddable":true,"href":"https:\/\/mestergull.no\/amanda\/wp-json\/wp\/v2\/merke?post=39862"},{"taxonomy":"product_serie","embeddable":true,"href":"https:\/\/mestergull.no\/amanda\/wp-json\/wp\/v2\/product_serie?post=39862"},{"taxonomy":"produsent","embeddable":true,"href":"https:\/\/mestergull.no\/amanda\/wp-json\/wp\/v2\/produsent?post=39862"},{"taxonomy":"product_leverandor","embeddable":true,"href":"https:\/\/mestergull.no\/amanda\/wp-json\/wp\/v2\/leverandor?post=39862"},{"taxonomy":"varetype","embeddable":true,"href":"https:\/\/mestergull.no\/amanda\/wp-json\/wp\/v2\/varetype?post=39862"},{"taxonomy":"geografisk_tilknytning","embeddable":true,"href":"https:\/\/mestergull.no\/amanda\/wp-json\/wp\/v2\/geografisk_tilknytning?post=39862"},{"taxonomy":"varegruppe","embeddable":true,"href":"https:\/\/mestergull.no\/amanda\/wp-json\/wp\/v2\/varegruppe?post=39862"},{"taxonomy":"butikkrettigheter","embeddable":true,"href":"https:\/\/mestergull.no\/amanda\/wp-json\/wp\/v2\/butikkrettigheter?post=39862"}],"curies":[{"name":"wp","href":"https:\/\/api.w.org\/{rel}","templated":true}]}}