{"id":39896,"date":"2018-09-19T16:02:47","date_gmt":"2018-09-19T14:02:47","guid":{"rendered":"https:\/\/mestergull.no\/amanda\/produkt\/barneskje-dapsskje-solv-m-bordvers\/"},"modified":"2026-01-30T08:05:44","modified_gmt":"2026-01-30T07:05:44","slug":"barneskje-dapsskje-solv-m-bordvers","status":"publish","type":"product","link":"https:\/\/mestergull.no\/amanda\/produkt\/barneskje-dapsskje-solv-m-bordvers\/","title":{"rendered":"D\u00c5PSKJE"},"content":{"rendered":"<ul>\n<li>S\u00f8lv 830S<\/li>\n<li>Lengde: 155 mm<\/li>\n<li>Egnet for gravering<\/li>\n<\/ul>\n","protected":false},"excerpt":{"rendered":"<p>S\u00f8lv d\u00e5pskje spesialpreget med detaljer fra d\u00e5pen<\/p>\n","protected":false},"featured_media":31566,"comment_status":"open","ping_status":"closed","template":"","meta":{"_acf_changed":false},"product_cat":[324],"product_tag":[],"merke":[494],"product_serie":[],"produsent":[],"leverandor":[211],"varetype":[],"geografisk_tilknytning":[],"varegruppe":[{"id":68,"name":"S\u00f8lvbestikk","slug":"solvbestikk"}],"butikkrettigheter":[],"class_list":{"0":"post-39896","1":"product","2":"type-product","3":"status-publish","4":"has-post-thumbnail","6":"product_cat-barneskje","7":"product_brand-thm-junior","8":"product_leverandor-th-marthinsen-solvvarefabrikk","9":"varegruppe-solvbestikk","11":"first","12":"outofstock","13":"taxable","14":"shipping-taxable","15":"purchasable","16":"product-type-simple"},"acf":[],"product_brand":[{"id":494,"name":"THM JUNIOR","slug":"thm-junior"}],"product_leverandor":[{"id":211,"name":"Th. Marthinsen S\u00f8lvvarefabrikk","slug":"th-marthinsen-solvvarefabrikk"}],"_links":{"self":[{"href":"https:\/\/mestergull.no\/amanda\/wp-json\/wp\/v2\/product\/39896"}],"collection":[{"href":"https:\/\/mestergull.no\/amanda\/wp-json\/wp\/v2\/product"}],"about":[{"href":"https:\/\/mestergull.no\/amanda\/wp-json\/wp\/v2\/types\/product"}],"replies":[{"embeddable":true,"href":"https:\/\/mestergull.no\/amanda\/wp-json\/wp\/v2\/comments?post=39896"}],"wp:featuredmedia":[{"embeddable":true,"href":"https:\/\/mestergull.no\/amanda\/wp-json\/wp\/v2\/media\/31566"}],"wp:attachment":[{"href":"https:\/\/mestergull.no\/amanda\/wp-json\/wp\/v2\/media?parent=39896"}],"wp:term":[{"taxonomy":"product_cat","embeddable":true,"href":"https:\/\/mestergull.no\/amanda\/wp-json\/wp\/v2\/product_cat?post=39896"},{"taxonomy":"product_tag","embeddable":true,"href":"https:\/\/mestergull.no\/amanda\/wp-json\/wp\/v2\/product_tag?post=39896"},{"taxonomy":"product_brand","embeddable":true,"href":"https:\/\/mestergull.no\/amanda\/wp-json\/wp\/v2\/merke?post=39896"},{"taxonomy":"product_serie","embeddable":true,"href":"https:\/\/mestergull.no\/amanda\/wp-json\/wp\/v2\/product_serie?post=39896"},{"taxonomy":"produsent","embeddable":true,"href":"https:\/\/mestergull.no\/amanda\/wp-json\/wp\/v2\/produsent?post=39896"},{"taxonomy":"product_leverandor","embeddable":true,"href":"https:\/\/mestergull.no\/amanda\/wp-json\/wp\/v2\/leverandor?post=39896"},{"taxonomy":"varetype","embeddable":true,"href":"https:\/\/mestergull.no\/amanda\/wp-json\/wp\/v2\/varetype?post=39896"},{"taxonomy":"geografisk_tilknytning","embeddable":true,"href":"https:\/\/mestergull.no\/amanda\/wp-json\/wp\/v2\/geografisk_tilknytning?post=39896"},{"taxonomy":"varegruppe","embeddable":true,"href":"https:\/\/mestergull.no\/amanda\/wp-json\/wp\/v2\/varegruppe?post=39896"},{"taxonomy":"butikkrettigheter","embeddable":true,"href":"https:\/\/mestergull.no\/amanda\/wp-json\/wp\/v2\/butikkrettigheter?post=39896"}],"curies":[{"name":"wp","href":"https:\/\/api.w.org\/{rel}","templated":true}]}}