{"id":39975,"date":"2018-09-19T16:04:46","date_gmt":"2018-09-19T14:04:46","guid":{"rendered":"https:\/\/mestergull.no\/amanda\/produkt\/ro-ro-gaffel-gutt-9209\/"},"modified":"2026-01-28T09:37:55","modified_gmt":"2026-01-28T08:37:55","slug":"ro-ro-gaffel-gutt-9209","status":"publish","type":"product","link":"https:\/\/mestergull.no\/amanda\/produkt\/ro-ro-gaffel-gutt-9209\/","title":{"rendered":"Barnegaffel S\u00f8lv"},"content":{"rendered":"<ul>\n<li>S\u00f8lv 925S<\/li>\n<li>Lengde: 145 mm<\/li>\n<li>Egnet for gravering<\/li>\n<\/ul>\n","protected":false},"excerpt":{"rendered":"<p>S\u00f8lv barnegaffel i m\u00f8nsteret Ro Ro Til Fiskeskj\u00e6r<\/p>\n","protected":false},"featured_media":31814,"comment_status":"open","ping_status":"closed","template":"","meta":{"_acf_changed":false},"product_cat":[326],"product_tag":[],"merke":[280],"product_serie":[],"produsent":[],"leverandor":[211],"varetype":[],"geografisk_tilknytning":[],"varegruppe":[{"id":68,"name":"S\u00f8lvbestikk","slug":"solvbestikk"}],"butikkrettigheter":[],"class_list":{"0":"post-39975","1":"product","2":"type-product","3":"status-publish","4":"has-post-thumbnail","6":"product_cat-barnegaffel","7":"product_brand-ro-ro-til-fiskeskjaer","8":"product_leverandor-th-marthinsen-solvvarefabrikk","9":"varegruppe-solvbestikk","11":"first","12":"instock","13":"taxable","14":"shipping-taxable","15":"purchasable","16":"product-type-simple"},"acf":[],"product_brand":[{"id":280,"name":"RO RO TIL FISKESKJ\u00c6R GUTT","slug":"ro-ro-til-fiskeskjaer"}],"product_leverandor":[{"id":211,"name":"Th. Marthinsen S\u00f8lvvarefabrikk","slug":"th-marthinsen-solvvarefabrikk"}],"_links":{"self":[{"href":"https:\/\/mestergull.no\/amanda\/wp-json\/wp\/v2\/product\/39975"}],"collection":[{"href":"https:\/\/mestergull.no\/amanda\/wp-json\/wp\/v2\/product"}],"about":[{"href":"https:\/\/mestergull.no\/amanda\/wp-json\/wp\/v2\/types\/product"}],"replies":[{"embeddable":true,"href":"https:\/\/mestergull.no\/amanda\/wp-json\/wp\/v2\/comments?post=39975"}],"wp:featuredmedia":[{"embeddable":true,"href":"https:\/\/mestergull.no\/amanda\/wp-json\/wp\/v2\/media\/31814"}],"wp:attachment":[{"href":"https:\/\/mestergull.no\/amanda\/wp-json\/wp\/v2\/media?parent=39975"}],"wp:term":[{"taxonomy":"product_cat","embeddable":true,"href":"https:\/\/mestergull.no\/amanda\/wp-json\/wp\/v2\/product_cat?post=39975"},{"taxonomy":"product_tag","embeddable":true,"href":"https:\/\/mestergull.no\/amanda\/wp-json\/wp\/v2\/product_tag?post=39975"},{"taxonomy":"product_brand","embeddable":true,"href":"https:\/\/mestergull.no\/amanda\/wp-json\/wp\/v2\/merke?post=39975"},{"taxonomy":"product_serie","embeddable":true,"href":"https:\/\/mestergull.no\/amanda\/wp-json\/wp\/v2\/product_serie?post=39975"},{"taxonomy":"produsent","embeddable":true,"href":"https:\/\/mestergull.no\/amanda\/wp-json\/wp\/v2\/produsent?post=39975"},{"taxonomy":"product_leverandor","embeddable":true,"href":"https:\/\/mestergull.no\/amanda\/wp-json\/wp\/v2\/leverandor?post=39975"},{"taxonomy":"varetype","embeddable":true,"href":"https:\/\/mestergull.no\/amanda\/wp-json\/wp\/v2\/varetype?post=39975"},{"taxonomy":"geografisk_tilknytning","embeddable":true,"href":"https:\/\/mestergull.no\/amanda\/wp-json\/wp\/v2\/geografisk_tilknytning?post=39975"},{"taxonomy":"varegruppe","embeddable":true,"href":"https:\/\/mestergull.no\/amanda\/wp-json\/wp\/v2\/varegruppe?post=39975"},{"taxonomy":"butikkrettigheter","embeddable":true,"href":"https:\/\/mestergull.no\/amanda\/wp-json\/wp\/v2\/butikkrettigheter?post=39975"}],"curies":[{"name":"wp","href":"https:\/\/api.w.org\/{rel}","templated":true}]}}