{"id":41153,"date":"2018-10-04T20:36:25","date_gmt":"2018-10-04T18:36:25","guid":{"rendered":"https:\/\/mestergull.no\/amanda\/produkt\/srh-slipsnal-onyx\/"},"modified":"2026-04-20T16:50:17","modified_gmt":"2026-04-20T14:50:17","slug":"srh-slipsnal-onyx","status":"publish","type":"product","link":"https:\/\/mestergull.no\/amanda\/produkt\/srh-slipsnal-onyx\/","title":{"rendered":"Slipsn\u00e5l S\u00f8lv"},"content":{"rendered":"<ul>\n<li>S\u00f8lv 925S<\/li>\n<li>Onyx<\/li>\n<li>Bredde 6,5 mm<\/li>\n<li>Lengde 65 mm<\/li>\n<\/ul>\n","protected":false},"excerpt":{"rendered":"<p>T\u00f8ff slipsn\u00e5l i rhodinert s\u00f8lv med onyx<\/p>\n","protected":false},"featured_media":42480,"comment_status":"open","ping_status":"closed","template":"","meta":{"_acf_changed":false},"product_cat":[315],"product_tag":[],"merke":[257],"product_serie":[],"produsent":[{"id":249,"name":"Wengert Gmbh","slug":"wengert-gmbh"}],"leverandor":[206],"varetype":[{"id":1082,"name":"Slipsn\u00e5l","slug":"slipsnal"}],"geografisk_tilknytning":[],"varegruppe":[{"id":69,"name":"S\u00f8lvsmykker","slug":"solvsmykker"}],"butikkrettigheter":[],"class_list":{"0":"post-41153","1":"product","2":"type-product","3":"status-publish","4":"has-post-thumbnail","6":"product_cat-slipsnal","7":"product_brand-mestergull","8":"produsent-wengert-gmbh","9":"product_leverandor-mestergull-as","10":"varetype-slipsnal","11":"varegruppe-solvsmykker","13":"first","14":"instock","15":"taxable","16":"shipping-taxable","17":"purchasable","18":"product-type-simple"},"acf":[],"product_brand":[{"id":257,"name":"MESTERGULL","slug":"mestergull"}],"product_leverandor":[{"id":206,"name":"Mestergull AS","slug":"mestergull-as"}],"_links":{"self":[{"href":"https:\/\/mestergull.no\/amanda\/wp-json\/wp\/v2\/product\/41153"}],"collection":[{"href":"https:\/\/mestergull.no\/amanda\/wp-json\/wp\/v2\/product"}],"about":[{"href":"https:\/\/mestergull.no\/amanda\/wp-json\/wp\/v2\/types\/product"}],"replies":[{"embeddable":true,"href":"https:\/\/mestergull.no\/amanda\/wp-json\/wp\/v2\/comments?post=41153"}],"wp:featuredmedia":[{"embeddable":true,"href":"https:\/\/mestergull.no\/amanda\/wp-json\/wp\/v2\/media\/42480"}],"wp:attachment":[{"href":"https:\/\/mestergull.no\/amanda\/wp-json\/wp\/v2\/media?parent=41153"}],"wp:term":[{"taxonomy":"product_cat","embeddable":true,"href":"https:\/\/mestergull.no\/amanda\/wp-json\/wp\/v2\/product_cat?post=41153"},{"taxonomy":"product_tag","embeddable":true,"href":"https:\/\/mestergull.no\/amanda\/wp-json\/wp\/v2\/product_tag?post=41153"},{"taxonomy":"product_brand","embeddable":true,"href":"https:\/\/mestergull.no\/amanda\/wp-json\/wp\/v2\/merke?post=41153"},{"taxonomy":"product_serie","embeddable":true,"href":"https:\/\/mestergull.no\/amanda\/wp-json\/wp\/v2\/product_serie?post=41153"},{"taxonomy":"produsent","embeddable":true,"href":"https:\/\/mestergull.no\/amanda\/wp-json\/wp\/v2\/produsent?post=41153"},{"taxonomy":"product_leverandor","embeddable":true,"href":"https:\/\/mestergull.no\/amanda\/wp-json\/wp\/v2\/leverandor?post=41153"},{"taxonomy":"varetype","embeddable":true,"href":"https:\/\/mestergull.no\/amanda\/wp-json\/wp\/v2\/varetype?post=41153"},{"taxonomy":"geografisk_tilknytning","embeddable":true,"href":"https:\/\/mestergull.no\/amanda\/wp-json\/wp\/v2\/geografisk_tilknytning?post=41153"},{"taxonomy":"varegruppe","embeddable":true,"href":"https:\/\/mestergull.no\/amanda\/wp-json\/wp\/v2\/varegruppe?post=41153"},{"taxonomy":"butikkrettigheter","embeddable":true,"href":"https:\/\/mestergull.no\/amanda\/wp-json\/wp\/v2\/butikkrettigheter?post=41153"}],"curies":[{"name":"wp","href":"https:\/\/api.w.org\/{rel}","templated":true}]}}