{"id":56041,"date":"2020-07-01T19:58:02","date_gmt":"2020-07-01T17:58:02","guid":{"rendered":"https:\/\/mestergull.no\/amanda\/produkt\/dobbel-rokokko-syltetyskje\/"},"modified":"2026-02-04T06:36:26","modified_gmt":"2026-02-04T05:36:26","slug":"dobbel-rokokko-syltetyskje","status":"publish","type":"product","link":"https:\/\/mestergull.no\/amanda\/produkt\/dobbel-rokokko-syltetyskje\/","title":{"rendered":"Dobbel Rokokko, Syltet\u00f8yskje"},"content":{"rendered":"<ul>\n<li>S\u00f8lv 830S<\/li>\n<li>Lengde: 150 mm<\/li>\n<\/ul>\n","protected":false},"excerpt":{"rendered":"<p>S\u00f8lv syltet\u00f8yskje i m\u00f8nsteret Dobbel Rokokko<\/p>\n","protected":false},"featured_media":54804,"comment_status":"open","ping_status":"closed","template":"","meta":{"_acf_changed":false},"product_cat":[636],"product_tag":[],"merke":[612],"product_serie":[{"id":583,"name":"Kaffe\/dessert","slug":"kaffe-dessert"}],"produsent":[],"leverandor":[202],"varetype":[],"geografisk_tilknytning":[],"varegruppe":[{"id":68,"name":"S\u00f8lvbestikk","slug":"solvbestikk"}],"butikkrettigheter":[],"class_list":{"0":"post-56041","1":"product","2":"type-product","3":"status-publish","4":"has-post-thumbnail","6":"product_cat-skje","7":"product_brand-dobbel-rokokko","8":"product_serie-kaffe-dessert","9":"product_leverandor-arven-as","10":"varegruppe-solvbestikk","12":"first","13":"outofstock","14":"taxable","15":"shipping-taxable","16":"purchasable","17":"product-type-simple"},"acf":[],"product_brand":[{"id":612,"name":"DOBBEL ROKOKKO","slug":"dobbel-rokokko"}],"product_leverandor":[{"id":202,"name":"Arven AS","slug":"arven-as"}],"_links":{"self":[{"href":"https:\/\/mestergull.no\/amanda\/wp-json\/wp\/v2\/product\/56041"}],"collection":[{"href":"https:\/\/mestergull.no\/amanda\/wp-json\/wp\/v2\/product"}],"about":[{"href":"https:\/\/mestergull.no\/amanda\/wp-json\/wp\/v2\/types\/product"}],"replies":[{"embeddable":true,"href":"https:\/\/mestergull.no\/amanda\/wp-json\/wp\/v2\/comments?post=56041"}],"wp:featuredmedia":[{"embeddable":true,"href":"https:\/\/mestergull.no\/amanda\/wp-json\/wp\/v2\/media\/54804"}],"wp:attachment":[{"href":"https:\/\/mestergull.no\/amanda\/wp-json\/wp\/v2\/media?parent=56041"}],"wp:term":[{"taxonomy":"product_cat","embeddable":true,"href":"https:\/\/mestergull.no\/amanda\/wp-json\/wp\/v2\/product_cat?post=56041"},{"taxonomy":"product_tag","embeddable":true,"href":"https:\/\/mestergull.no\/amanda\/wp-json\/wp\/v2\/product_tag?post=56041"},{"taxonomy":"product_brand","embeddable":true,"href":"https:\/\/mestergull.no\/amanda\/wp-json\/wp\/v2\/merke?post=56041"},{"taxonomy":"product_serie","embeddable":true,"href":"https:\/\/mestergull.no\/amanda\/wp-json\/wp\/v2\/product_serie?post=56041"},{"taxonomy":"produsent","embeddable":true,"href":"https:\/\/mestergull.no\/amanda\/wp-json\/wp\/v2\/produsent?post=56041"},{"taxonomy":"product_leverandor","embeddable":true,"href":"https:\/\/mestergull.no\/amanda\/wp-json\/wp\/v2\/leverandor?post=56041"},{"taxonomy":"varetype","embeddable":true,"href":"https:\/\/mestergull.no\/amanda\/wp-json\/wp\/v2\/varetype?post=56041"},{"taxonomy":"geografisk_tilknytning","embeddable":true,"href":"https:\/\/mestergull.no\/amanda\/wp-json\/wp\/v2\/geografisk_tilknytning?post=56041"},{"taxonomy":"varegruppe","embeddable":true,"href":"https:\/\/mestergull.no\/amanda\/wp-json\/wp\/v2\/varegruppe?post=56041"},{"taxonomy":"butikkrettigheter","embeddable":true,"href":"https:\/\/mestergull.no\/amanda\/wp-json\/wp\/v2\/butikkrettigheter?post=56041"}],"curies":[{"name":"wp","href":"https:\/\/api.w.org\/{rel}","templated":true}]}}