{"id":56136,"date":"2020-07-01T20:08:03","date_gmt":"2020-07-01T18:08:03","guid":{"rendered":"https:\/\/mestergull.no\/amanda\/produkt\/arvesolv-kompottskje\/"},"modified":"2026-01-30T08:09:31","modified_gmt":"2026-01-30T07:09:31","slug":"arvesolv-kompottskje","status":"publish","type":"product","link":"https:\/\/mestergull.no\/amanda\/produkt\/arvesolv-kompottskje\/","title":{"rendered":"Arves\u00f8lv, Kompottskje"},"content":{"rendered":"<ul>\n<li>S\u00f8lv 830S<\/li>\n<li>Lengde: 180 mm<\/li>\n<\/ul>\n","protected":false},"excerpt":{"rendered":"<p>S\u00f8lv kompottskje i m\u00f8nsteret Arves\u00f8lv<\/p>\n","protected":false},"featured_media":54524,"comment_status":"open","ping_status":"closed","template":"","meta":{"_acf_changed":false},"product_cat":[636],"product_tag":[],"merke":[610],"product_serie":[{"id":583,"name":"Kaffe\/dessert","slug":"kaffe-dessert"}],"produsent":[],"leverandor":[211],"varetype":[],"geografisk_tilknytning":[],"varegruppe":[{"id":68,"name":"S\u00f8lvbestikk","slug":"solvbestikk"}],"butikkrettigheter":[],"class_list":{"0":"post-56136","1":"product","2":"type-product","3":"status-publish","4":"has-post-thumbnail","6":"product_cat-skje","7":"product_brand-arveslv","8":"product_serie-kaffe-dessert","9":"product_leverandor-th-marthinsen-solvvarefabrikk","10":"varegruppe-solvbestikk","12":"first","13":"instock","14":"taxable","15":"shipping-taxable","16":"purchasable","17":"product-type-simple"},"acf":[],"product_brand":[{"id":610,"name":"ARVES\u00d8LV","slug":"arveslv"}],"product_leverandor":[{"id":211,"name":"Th. Marthinsen S\u00f8lvvarefabrikk","slug":"th-marthinsen-solvvarefabrikk"}],"_links":{"self":[{"href":"https:\/\/mestergull.no\/amanda\/wp-json\/wp\/v2\/product\/56136"}],"collection":[{"href":"https:\/\/mestergull.no\/amanda\/wp-json\/wp\/v2\/product"}],"about":[{"href":"https:\/\/mestergull.no\/amanda\/wp-json\/wp\/v2\/types\/product"}],"replies":[{"embeddable":true,"href":"https:\/\/mestergull.no\/amanda\/wp-json\/wp\/v2\/comments?post=56136"}],"wp:featuredmedia":[{"embeddable":true,"href":"https:\/\/mestergull.no\/amanda\/wp-json\/wp\/v2\/media\/54524"}],"wp:attachment":[{"href":"https:\/\/mestergull.no\/amanda\/wp-json\/wp\/v2\/media?parent=56136"}],"wp:term":[{"taxonomy":"product_cat","embeddable":true,"href":"https:\/\/mestergull.no\/amanda\/wp-json\/wp\/v2\/product_cat?post=56136"},{"taxonomy":"product_tag","embeddable":true,"href":"https:\/\/mestergull.no\/amanda\/wp-json\/wp\/v2\/product_tag?post=56136"},{"taxonomy":"product_brand","embeddable":true,"href":"https:\/\/mestergull.no\/amanda\/wp-json\/wp\/v2\/merke?post=56136"},{"taxonomy":"product_serie","embeddable":true,"href":"https:\/\/mestergull.no\/amanda\/wp-json\/wp\/v2\/product_serie?post=56136"},{"taxonomy":"produsent","embeddable":true,"href":"https:\/\/mestergull.no\/amanda\/wp-json\/wp\/v2\/produsent?post=56136"},{"taxonomy":"product_leverandor","embeddable":true,"href":"https:\/\/mestergull.no\/amanda\/wp-json\/wp\/v2\/leverandor?post=56136"},{"taxonomy":"varetype","embeddable":true,"href":"https:\/\/mestergull.no\/amanda\/wp-json\/wp\/v2\/varetype?post=56136"},{"taxonomy":"geografisk_tilknytning","embeddable":true,"href":"https:\/\/mestergull.no\/amanda\/wp-json\/wp\/v2\/geografisk_tilknytning?post=56136"},{"taxonomy":"varegruppe","embeddable":true,"href":"https:\/\/mestergull.no\/amanda\/wp-json\/wp\/v2\/varegruppe?post=56136"},{"taxonomy":"butikkrettigheter","embeddable":true,"href":"https:\/\/mestergull.no\/amanda\/wp-json\/wp\/v2\/butikkrettigheter?post=56136"}],"curies":[{"name":"wp","href":"https:\/\/api.w.org\/{rel}","templated":true}]}}