{"id":10333,"date":"2018-06-04T12:38:26","date_gmt":"2018-06-04T10:38:26","guid":{"rendered":"https:\/\/mester-3783.bolt52.servebolt.com\/?page_id=2539"},"modified":"2018-09-07T21:52:59","modified_gmt":"2018-09-07T19:52:59","slug":"bunad-velg-distrikt","status":"publish","type":"page","link":"https:\/\/mestergull.no\/dahlsveen\/bunad-velg-distrikt\/","title":{"rendered":"Bunad &#8211; Velg ditt distrikt"},"content":{"rendered":"<p>I v\u00e5rt sortiment finner du bunadss\u00f8lv til over 60 norske bunader og folkedrakter.<br \/>\nEkte norsk bunads\u00f8lv er bygd p\u00e5 gamle h\u00e5ndverkstradisjoner og kvaliteter som lever i generasjoner.<br \/>\n<strong> Hvilken bunad har du?<\/strong><\/p>\n","protected":false},"excerpt":{"rendered":"<p>I v\u00e5rt sortiment finner du bunadss\u00f8lv til over 60 norske bunader og folkedrakter. Ekte norsk bunads\u00f8lv er bygd p\u00e5 gamle h\u00e5ndverkstradisjoner og kvaliteter som lever i generasjoner. Hvilken bunad har du?<\/p>\n","protected":false},"author":1,"featured_media":30941,"parent":0,"menu_order":0,"comment_status":"closed","ping_status":"closed","template":"template-geografisk-tilknytning.php","meta":{"_acf_changed":false,"footnotes":""},"class_list":["post-10333","page","type-page","status-publish","has-post-thumbnail","hentry"],"acf":[],"_links":{"self":[{"href":"https:\/\/mestergull.no\/dahlsveen\/wp-json\/wp\/v2\/pages\/10333"}],"collection":[{"href":"https:\/\/mestergull.no\/dahlsveen\/wp-json\/wp\/v2\/pages"}],"about":[{"href":"https:\/\/mestergull.no\/dahlsveen\/wp-json\/wp\/v2\/types\/page"}],"author":[{"embeddable":true,"href":"https:\/\/mestergull.no\/dahlsveen\/wp-json\/wp\/v2\/users\/1"}],"replies":[{"embeddable":true,"href":"https:\/\/mestergull.no\/dahlsveen\/wp-json\/wp\/v2\/comments?post=10333"}],"version-history":[{"count":1,"href":"https:\/\/mestergull.no\/dahlsveen\/wp-json\/wp\/v2\/pages\/10333\/revisions"}],"predecessor-version":[{"id":30943,"href":"https:\/\/mestergull.no\/dahlsveen\/wp-json\/wp\/v2\/pages\/10333\/revisions\/30943"}],"wp:featuredmedia":[{"embeddable":true,"href":"https:\/\/mestergull.no\/dahlsveen\/wp-json\/wp\/v2\/media\/30941"}],"wp:attachment":[{"href":"https:\/\/mestergull.no\/dahlsveen\/wp-json\/wp\/v2\/media?parent=10333"}],"curies":[{"name":"wp","href":"https:\/\/api.w.org\/{rel}","templated":true}]}}