{"id":48932,"date":"2020-06-27T13:15:15","date_gmt":"2020-06-27T11:15:15","guid":{"rendered":"https:\/\/mestergull.no\/dahlsveen\/produkt\/mne-liten-spiseskje\/"},"modified":"2026-01-19T05:31:35","modified_gmt":"2026-01-19T04:31:35","slug":"mne-liten-spiseskje","status":"publish","type":"product","link":"https:\/\/mestergull.no\/dahlsveen\/produkt\/mne-liten-spiseskje\/","title":{"rendered":"M\u00e5ne, Liten Spiseskje"},"content":{"rendered":"<ul>\n<li>S\u00f8lv 830S<\/li>\n<li>Lengde: 171 mm<\/li>\n<\/ul>\n","protected":false},"excerpt":{"rendered":"<p>S\u00f8lv liten spiseskje i m\u00f8nsteret M\u00e5ne<\/p>\n","protected":false},"featured_media":48394,"comment_status":"open","ping_status":"closed","template":"","meta":{"_acf_changed":false},"product_cat":[595],"product_tag":[],"merke":[569],"product_serie":[{"id":548,"name":"Spise, liten","slug":"spise-liten"}],"produsent":[],"leverandor":[162],"varetype":[],"geografisk_tilknytning":[],"varegruppe":[{"id":28,"name":"S\u00f8lvbestikk","slug":"solvbestikk"}],"butikkrettigheter":[],"class_list":{"0":"post-48932","1":"product","2":"type-product","3":"status-publish","4":"has-post-thumbnail","6":"product_cat-skje","7":"product_brand-mne","8":"product_serie-spise-liten","9":"product_leverandor-arven-as","10":"varegruppe-solvbestikk","12":"first","13":"outofstock","14":"taxable","15":"shipping-taxable","16":"purchasable","17":"product-type-simple"},"acf":[],"product_brand":[{"id":569,"name":"M\u00c5NE","slug":"mne"}],"product_leverandor":[{"id":162,"name":"Arven AS","slug":"arven-as"}],"_links":{"self":[{"href":"https:\/\/mestergull.no\/dahlsveen\/wp-json\/wp\/v2\/product\/48932"}],"collection":[{"href":"https:\/\/mestergull.no\/dahlsveen\/wp-json\/wp\/v2\/product"}],"about":[{"href":"https:\/\/mestergull.no\/dahlsveen\/wp-json\/wp\/v2\/types\/product"}],"replies":[{"embeddable":true,"href":"https:\/\/mestergull.no\/dahlsveen\/wp-json\/wp\/v2\/comments?post=48932"}],"wp:featuredmedia":[{"embeddable":true,"href":"https:\/\/mestergull.no\/dahlsveen\/wp-json\/wp\/v2\/media\/48394"}],"wp:attachment":[{"href":"https:\/\/mestergull.no\/dahlsveen\/wp-json\/wp\/v2\/media?parent=48932"}],"wp:term":[{"taxonomy":"product_cat","embeddable":true,"href":"https:\/\/mestergull.no\/dahlsveen\/wp-json\/wp\/v2\/product_cat?post=48932"},{"taxonomy":"product_tag","embeddable":true,"href":"https:\/\/mestergull.no\/dahlsveen\/wp-json\/wp\/v2\/product_tag?post=48932"},{"taxonomy":"product_brand","embeddable":true,"href":"https:\/\/mestergull.no\/dahlsveen\/wp-json\/wp\/v2\/merke?post=48932"},{"taxonomy":"product_serie","embeddable":true,"href":"https:\/\/mestergull.no\/dahlsveen\/wp-json\/wp\/v2\/product_serie?post=48932"},{"taxonomy":"produsent","embeddable":true,"href":"https:\/\/mestergull.no\/dahlsveen\/wp-json\/wp\/v2\/produsent?post=48932"},{"taxonomy":"product_leverandor","embeddable":true,"href":"https:\/\/mestergull.no\/dahlsveen\/wp-json\/wp\/v2\/leverandor?post=48932"},{"taxonomy":"varetype","embeddable":true,"href":"https:\/\/mestergull.no\/dahlsveen\/wp-json\/wp\/v2\/varetype?post=48932"},{"taxonomy":"geografisk_tilknytning","embeddable":true,"href":"https:\/\/mestergull.no\/dahlsveen\/wp-json\/wp\/v2\/geografisk_tilknytning?post=48932"},{"taxonomy":"varegruppe","embeddable":true,"href":"https:\/\/mestergull.no\/dahlsveen\/wp-json\/wp\/v2\/varegruppe?post=48932"},{"taxonomy":"butikkrettigheter","embeddable":true,"href":"https:\/\/mestergull.no\/dahlsveen\/wp-json\/wp\/v2\/butikkrettigheter?post=48932"}],"curies":[{"name":"wp","href":"https:\/\/api.w.org\/{rel}","templated":true}]}}