{"id":49449,"date":"2020-07-02T19:20:59","date_gmt":"2020-07-02T17:20:59","guid":{"rendered":"https:\/\/mestergull.no\/dahlsveen\/produkt\/opphoiet-rose-mokkaklype\/"},"modified":"2026-01-30T05:40:02","modified_gmt":"2026-01-30T04:40:02","slug":"opphoiet-rose-mokkaklype","status":"publish","type":"product","link":"https:\/\/mestergull.no\/dahlsveen\/produkt\/opphoiet-rose-mokkaklype\/","title":{"rendered":"Opph\u00f8iet Rose, Mokkaklype"},"content":{"rendered":"<ul>\n<li>S\u00f8lv 830S<\/li>\n<li>Lengde: 92 mm<\/li>\n<\/ul>\n","protected":false},"excerpt":{"rendered":"<p>S\u00f8lv mokkaklype i m\u00f8nsteret Opph\u00f8iet Rose<\/p>\n","protected":false},"featured_media":49335,"comment_status":"open","ping_status":"closed","template":"","meta":{"_acf_changed":false},"product_cat":[273],"product_tag":[],"merke":[584],"product_serie":[{"id":547,"name":"Servering","slug":"servering"}],"produsent":[],"leverandor":[171],"varetype":[],"geografisk_tilknytning":[],"varegruppe":[{"id":28,"name":"S\u00f8lvbestikk","slug":"solvbestikk"}],"butikkrettigheter":[],"class_list":{"0":"post-49449","1":"product","2":"type-product","3":"status-publish","4":"has-post-thumbnail","6":"product_cat-diverse","7":"product_brand-opphiet-rose","8":"product_serie-servering","9":"product_leverandor-th-marthinsen-solvvarefabrikk","10":"varegruppe-solvbestikk","12":"first","13":"outofstock","14":"taxable","15":"shipping-taxable","16":"purchasable","17":"product-type-simple"},"acf":[],"product_brand":[{"id":584,"name":"OPPH\u00d8IET ROSE","slug":"opphiet-rose"}],"product_leverandor":[{"id":171,"name":"Th. Marthinsen S\u00f8lvvarefabrikk","slug":"th-marthinsen-solvvarefabrikk"}],"_links":{"self":[{"href":"https:\/\/mestergull.no\/dahlsveen\/wp-json\/wp\/v2\/product\/49449"}],"collection":[{"href":"https:\/\/mestergull.no\/dahlsveen\/wp-json\/wp\/v2\/product"}],"about":[{"href":"https:\/\/mestergull.no\/dahlsveen\/wp-json\/wp\/v2\/types\/product"}],"replies":[{"embeddable":true,"href":"https:\/\/mestergull.no\/dahlsveen\/wp-json\/wp\/v2\/comments?post=49449"}],"wp:featuredmedia":[{"embeddable":true,"href":"https:\/\/mestergull.no\/dahlsveen\/wp-json\/wp\/v2\/media\/49335"}],"wp:attachment":[{"href":"https:\/\/mestergull.no\/dahlsveen\/wp-json\/wp\/v2\/media?parent=49449"}],"wp:term":[{"taxonomy":"product_cat","embeddable":true,"href":"https:\/\/mestergull.no\/dahlsveen\/wp-json\/wp\/v2\/product_cat?post=49449"},{"taxonomy":"product_tag","embeddable":true,"href":"https:\/\/mestergull.no\/dahlsveen\/wp-json\/wp\/v2\/product_tag?post=49449"},{"taxonomy":"product_brand","embeddable":true,"href":"https:\/\/mestergull.no\/dahlsveen\/wp-json\/wp\/v2\/merke?post=49449"},{"taxonomy":"product_serie","embeddable":true,"href":"https:\/\/mestergull.no\/dahlsveen\/wp-json\/wp\/v2\/product_serie?post=49449"},{"taxonomy":"produsent","embeddable":true,"href":"https:\/\/mestergull.no\/dahlsveen\/wp-json\/wp\/v2\/produsent?post=49449"},{"taxonomy":"product_leverandor","embeddable":true,"href":"https:\/\/mestergull.no\/dahlsveen\/wp-json\/wp\/v2\/leverandor?post=49449"},{"taxonomy":"varetype","embeddable":true,"href":"https:\/\/mestergull.no\/dahlsveen\/wp-json\/wp\/v2\/varetype?post=49449"},{"taxonomy":"geografisk_tilknytning","embeddable":true,"href":"https:\/\/mestergull.no\/dahlsveen\/wp-json\/wp\/v2\/geografisk_tilknytning?post=49449"},{"taxonomy":"varegruppe","embeddable":true,"href":"https:\/\/mestergull.no\/dahlsveen\/wp-json\/wp\/v2\/varegruppe?post=49449"},{"taxonomy":"butikkrettigheter","embeddable":true,"href":"https:\/\/mestergull.no\/dahlsveen\/wp-json\/wp\/v2\/butikkrettigheter?post=49449"}],"curies":[{"name":"wp","href":"https:\/\/api.w.org\/{rel}","templated":true}]}}