{"id":63484,"date":"2024-03-11T16:15:51","date_gmt":"2024-03-11T15:15:51","guid":{"rendered":"https:\/\/mestergull.no\/dahlsveen\/produkt\/daisy-earstud-silver-rh-blue-enamel-11-mm\/"},"modified":"2026-04-13T10:51:37","modified_gmt":"2026-04-13T08:51:37","slug":"daisy-earstud-silver-rh-blue-enamel-11-mm","status":"publish","type":"product","link":"https:\/\/mestergull.no\/dahlsveen\/produkt\/daisy-earstud-silver-rh-blue-enamel-11-mm\/","title":{"rendered":"\u00d8repynt S\u00f8lv"},"content":{"rendered":"<ul>\n<li>S\u00f8lv 925S<\/li>\n<li>Bl\u00e5 emalje<\/li>\n<li>\u00f8 11 mm<\/li>\n<\/ul>\n","protected":false},"excerpt":{"rendered":"<p>Daisy \u00f8repynt i s\u00f8lv med bl\u00e5 emalje<\/p>\n","protected":false},"featured_media":63462,"comment_status":"open","ping_status":"closed","template":"","meta":{"_acf_changed":false},"product_cat":[268],"product_tag":[],"merke":[233],"product_serie":[{"id":43,"name":"Daisy","slug":"daisy"}],"produsent":[],"leverandor":[164],"varetype":[],"geografisk_tilknytning":[],"varegruppe":[{"id":29,"name":"S\u00f8lvsmykker","slug":"solvsmykker"}],"butikkrettigheter":[],"class_list":{"0":"post-63484","1":"product","2":"type-product","3":"status-publish","4":"has-post-thumbnail","6":"product_cat-orepynt","7":"product_brand-georg-jensen","8":"product_serie-daisy","9":"product_leverandor-georg-jensen-as","10":"varegruppe-solvsmykker","12":"first","13":"instock","14":"taxable","15":"shipping-taxable","16":"purchasable","17":"product-type-simple"},"acf":[],"product_brand":[{"id":233,"name":"GEORG JENSEN","slug":"georg-jensen"}],"product_leverandor":[{"id":164,"name":"Georg Jensen AS","slug":"georg-jensen-as"}],"_links":{"self":[{"href":"https:\/\/mestergull.no\/dahlsveen\/wp-json\/wp\/v2\/product\/63484"}],"collection":[{"href":"https:\/\/mestergull.no\/dahlsveen\/wp-json\/wp\/v2\/product"}],"about":[{"href":"https:\/\/mestergull.no\/dahlsveen\/wp-json\/wp\/v2\/types\/product"}],"replies":[{"embeddable":true,"href":"https:\/\/mestergull.no\/dahlsveen\/wp-json\/wp\/v2\/comments?post=63484"}],"wp:featuredmedia":[{"embeddable":true,"href":"https:\/\/mestergull.no\/dahlsveen\/wp-json\/wp\/v2\/media\/63462"}],"wp:attachment":[{"href":"https:\/\/mestergull.no\/dahlsveen\/wp-json\/wp\/v2\/media?parent=63484"}],"wp:term":[{"taxonomy":"product_cat","embeddable":true,"href":"https:\/\/mestergull.no\/dahlsveen\/wp-json\/wp\/v2\/product_cat?post=63484"},{"taxonomy":"product_tag","embeddable":true,"href":"https:\/\/mestergull.no\/dahlsveen\/wp-json\/wp\/v2\/product_tag?post=63484"},{"taxonomy":"product_brand","embeddable":true,"href":"https:\/\/mestergull.no\/dahlsveen\/wp-json\/wp\/v2\/merke?post=63484"},{"taxonomy":"product_serie","embeddable":true,"href":"https:\/\/mestergull.no\/dahlsveen\/wp-json\/wp\/v2\/product_serie?post=63484"},{"taxonomy":"produsent","embeddable":true,"href":"https:\/\/mestergull.no\/dahlsveen\/wp-json\/wp\/v2\/produsent?post=63484"},{"taxonomy":"product_leverandor","embeddable":true,"href":"https:\/\/mestergull.no\/dahlsveen\/wp-json\/wp\/v2\/leverandor?post=63484"},{"taxonomy":"varetype","embeddable":true,"href":"https:\/\/mestergull.no\/dahlsveen\/wp-json\/wp\/v2\/varetype?post=63484"},{"taxonomy":"geografisk_tilknytning","embeddable":true,"href":"https:\/\/mestergull.no\/dahlsveen\/wp-json\/wp\/v2\/geografisk_tilknytning?post=63484"},{"taxonomy":"varegruppe","embeddable":true,"href":"https:\/\/mestergull.no\/dahlsveen\/wp-json\/wp\/v2\/varegruppe?post=63484"},{"taxonomy":"butikkrettigheter","embeddable":true,"href":"https:\/\/mestergull.no\/dahlsveen\/wp-json\/wp\/v2\/butikkrettigheter?post=63484"}],"curies":[{"name":"wp","href":"https:\/\/api.w.org\/{rel}","templated":true}]}}