{"id":8504,"date":"2018-09-04T20:40:36","date_gmt":"2018-09-04T18:40:36","guid":{"rendered":"https:\/\/mestergull.no\/dahlsveen\/produkt\/oyrepynt-kvit-forgylt-2\/"},"modified":"2026-01-28T05:49:21","modified_gmt":"2026-01-28T04:49:21","slug":"oyrepynt-kvit-forgylt-2","status":"publish","type":"product","link":"https:\/\/mestergull.no\/dahlsveen\/produkt\/oyrepynt-kvit-forgylt-2\/","title":{"rendered":"\u00d8repynt S\u00f8lv"},"content":{"rendered":"<ul>\n<li>S\u00f8lv 830S<\/li>\n<li>Hvit \/ Forgylt<\/li>\n<li>M\u00e5l: 33 mm<\/li>\n<\/ul>\n","protected":false},"excerpt":{"rendered":"<p>Blomsterforma hvitt i hvitt s\u00f8lv med tradisjonell filigrandekor og sm\u00e5, forgylte dryppl\u00f8v, til bunad<\/p>\n","protected":false},"featured_media":870,"comment_status":"open","ping_status":"closed","template":"","meta":{"_acf_changed":false},"product_cat":[268],"product_tag":[],"merke":[234],"product_serie":[],"produsent":[],"leverandor":[169],"varetype":[],"geografisk_tilknytning":[{"id":93,"name":"Aust - Agder","slug":"aust-agder"},{"id":95,"name":"Austervoll","slug":"austervoll"},{"id":96,"name":"Bardu - M\u00e5lselv","slug":"bardu-malselv"},{"id":99,"name":"B\u00f8mlo","slug":"bomlo"},{"id":102,"name":"Follo","slug":"follo"},{"id":103,"name":"Fusa","slug":"fusa"},{"id":108,"name":"Hardanger","slug":"hardanger"},{"id":111,"name":"Kvinnherad","slug":"kvinnherad"},{"id":122,"name":"Nordhordland","slug":"nordhordland"},{"id":126,"name":"Numedal - Brodert","slug":"numedal-brodert"},{"id":133,"name":"Os","slug":"os"},{"id":143,"name":"Samnanger","slug":"samnanger"},{"id":146,"name":"Sotra","slug":"sotra"},{"id":148,"name":"Sunnhordland","slug":"sunnhordland"},{"id":149,"name":"Sunnm\u00f8re","slug":"sunnmore"},{"id":152,"name":"Tysnes","slug":"tysnes"},{"id":158,"name":"Voss","slug":"voss"}],"varegruppe":[{"id":29,"name":"S\u00f8lvsmykker","slug":"solvsmykker"}],"butikkrettigheter":[],"class_list":{"0":"post-8504","1":"product","2":"type-product","3":"status-publish","4":"has-post-thumbnail","6":"product_cat-orepynt","7":"product_brand-sylvsmidja","8":"product_leverandor-sylvsmidja-as","9":"geografisk_tilknytning-aust-agder","10":"geografisk_tilknytning-austervoll","11":"geografisk_tilknytning-bardu-malselv","12":"geografisk_tilknytning-bomlo","13":"geografisk_tilknytning-follo","14":"geografisk_tilknytning-fusa","15":"geografisk_tilknytning-hardanger","16":"geografisk_tilknytning-kvinnherad","17":"geografisk_tilknytning-nordhordland","18":"geografisk_tilknytning-numedal-brodert","19":"geografisk_tilknytning-os","20":"geografisk_tilknytning-samnanger","21":"geografisk_tilknytning-sotra","22":"geografisk_tilknytning-sunnhordland","23":"geografisk_tilknytning-sunnmore","24":"geografisk_tilknytning-tysnes","25":"geografisk_tilknytning-voss","26":"varegruppe-solvsmykker","28":"first","29":"instock","30":"taxable","31":"shipping-taxable","32":"purchasable","33":"product-type-simple"},"acf":[],"product_brand":[{"id":234,"name":"SYLVSMIDJA","slug":"sylvsmidja"}],"product_leverandor":[{"id":169,"name":"Sylvsmidja AS","slug":"sylvsmidja-as"}],"_links":{"self":[{"href":"https:\/\/mestergull.no\/dahlsveen\/wp-json\/wp\/v2\/product\/8504"}],"collection":[{"href":"https:\/\/mestergull.no\/dahlsveen\/wp-json\/wp\/v2\/product"}],"about":[{"href":"https:\/\/mestergull.no\/dahlsveen\/wp-json\/wp\/v2\/types\/product"}],"replies":[{"embeddable":true,"href":"https:\/\/mestergull.no\/dahlsveen\/wp-json\/wp\/v2\/comments?post=8504"}],"wp:featuredmedia":[{"embeddable":true,"href":"https:\/\/mestergull.no\/dahlsveen\/wp-json\/wp\/v2\/media\/870"}],"wp:attachment":[{"href":"https:\/\/mestergull.no\/dahlsveen\/wp-json\/wp\/v2\/media?parent=8504"}],"wp:term":[{"taxonomy":"product_cat","embeddable":true,"href":"https:\/\/mestergull.no\/dahlsveen\/wp-json\/wp\/v2\/product_cat?post=8504"},{"taxonomy":"product_tag","embeddable":true,"href":"https:\/\/mestergull.no\/dahlsveen\/wp-json\/wp\/v2\/product_tag?post=8504"},{"taxonomy":"product_brand","embeddable":true,"href":"https:\/\/mestergull.no\/dahlsveen\/wp-json\/wp\/v2\/merke?post=8504"},{"taxonomy":"product_serie","embeddable":true,"href":"https:\/\/mestergull.no\/dahlsveen\/wp-json\/wp\/v2\/product_serie?post=8504"},{"taxonomy":"produsent","embeddable":true,"href":"https:\/\/mestergull.no\/dahlsveen\/wp-json\/wp\/v2\/produsent?post=8504"},{"taxonomy":"product_leverandor","embeddable":true,"href":"https:\/\/mestergull.no\/dahlsveen\/wp-json\/wp\/v2\/leverandor?post=8504"},{"taxonomy":"varetype","embeddable":true,"href":"https:\/\/mestergull.no\/dahlsveen\/wp-json\/wp\/v2\/varetype?post=8504"},{"taxonomy":"geografisk_tilknytning","embeddable":true,"href":"https:\/\/mestergull.no\/dahlsveen\/wp-json\/wp\/v2\/geografisk_tilknytning?post=8504"},{"taxonomy":"varegruppe","embeddable":true,"href":"https:\/\/mestergull.no\/dahlsveen\/wp-json\/wp\/v2\/varegruppe?post=8504"},{"taxonomy":"butikkrettigheter","embeddable":true,"href":"https:\/\/mestergull.no\/dahlsveen\/wp-json\/wp\/v2\/butikkrettigheter?post=8504"}],"curies":[{"name":"wp","href":"https:\/\/api.w.org\/{rel}","templated":true}]}}