{"id":9479,"date":"2018-09-04T21:05:33","date_gmt":"2018-09-04T19:05:33","guid":{"rendered":"https:\/\/mestergull.no\/dahlsveen\/produkt\/bunadskniv-4\/"},"modified":"2026-01-28T05:54:59","modified_gmt":"2026-01-28T04:54:59","slug":"bunadskniv-4","status":"publish","type":"product","link":"https:\/\/mestergull.no\/dahlsveen\/produkt\/bunadskniv-4\/","title":{"rendered":"Bunadskniv"},"content":{"rendered":"<ul>\n<li>S\u00f8lv 830S<\/li>\n<li>Oksidert<\/li>\n<li>M\u00e5l: 155 mm<\/li>\n<\/ul>\n","protected":false},"excerpt":{"rendered":"<p>Bunadskniv til herre &#8211; Et fint tilbeh\u00f8r til bunaden. Olakniven har h\u00e5ndsmidd blad og er laminert med en herdet st\u00e5lkjerne i midten. Skaftet er laga av masurbj\u00f8rk, h\u00e5ndsydd slire og akantusbeslag i s\u00f8lv p\u00e5 b\u00e5de skaft og slire<\/p>\n","protected":false},"featured_media":4368,"comment_status":"open","ping_status":"closed","template":"","meta":{"_acf_changed":false},"product_cat":[277],"product_tag":[],"merke":[234],"product_serie":[],"produsent":[],"leverandor":[169],"varetype":[],"geografisk_tilknytning":[{"id":92,"name":"Ask\u00f8y","slug":"askoy"},{"id":93,"name":"Aust - Agder","slug":"aust-agder"},{"id":94,"name":"Aust - Telemark","slug":"aust-telemark"},{"id":95,"name":"Austervoll","slug":"austervoll"},{"id":96,"name":"Bardu - M\u00e5lselv","slug":"bardu-malselv"},{"id":99,"name":"B\u00f8mlo","slug":"bomlo"},{"id":101,"name":"Fana","slug":"fana"},{"id":105,"name":"Gudbrandsdalen","slug":"gudbrandsdalen"},{"id":106,"name":"Hallingdal","slug":"hallingdal"},{"id":108,"name":"Hardanger","slug":"hardanger"},{"id":111,"name":"Kvinnherad","slug":"kvinnherad"},{"id":117,"name":"Modum","slug":"modum"},{"id":121,"name":"Nordfjord","slug":"nordfjord"},{"id":122,"name":"Nordhordland","slug":"nordhordland"},{"id":124,"name":"Nordland","slug":"nordland"},{"id":128,"name":"Numedal - Gr\u00e5tr\u00f8ye","slug":"numedal-gratroye"},{"id":129,"name":"Numedal - Rundtr\u00f8ye","slug":"numedal-rundtroye"},{"id":133,"name":"Os","slug":"os"},{"id":160,"name":"\u00d8sterdal","slug":"osterdal"},{"id":161,"name":"\u00d8stfold","slug":"ostfold"},{"id":136,"name":"Rogaland Filigran","slug":"rogaland-filigran"},{"id":137,"name":"Rogaland Gravert","slug":"rogaland-gravert"},{"id":139,"name":"Romsdal","slug":"romsdal"},{"id":143,"name":"Samnanger","slug":"samnanger"},{"id":145,"name":"Sogn","slug":"sogn"},{"id":146,"name":"Sotra","slug":"sotra"},{"id":147,"name":"Sunnfjord","slug":"sunnfjord"},{"id":148,"name":"Sunnhordland","slug":"sunnhordland"},{"id":149,"name":"Sunnm\u00f8re","slug":"sunnmore"},{"id":150,"name":"Troms","slug":"troms"},{"id":151,"name":"Tr\u00f8nderbunad","slug":"tronderbunad"},{"id":153,"name":"Valdres","slug":"valdres"},{"id":154,"name":"Vest - Agder","slug":"vest-agder"},{"id":156,"name":"Vest - Telemark","slug":"vest-telemark"},{"id":157,"name":"Vestfold","slug":"vestfold"},{"id":158,"name":"Voss","slug":"voss"}],"varegruppe":[{"id":29,"name":"S\u00f8lvsmykker","slug":"solvsmykker"}],"butikkrettigheter":[],"class_list":{"0":"post-9479","1":"product","2":"type-product","3":"status-publish","4":"has-post-thumbnail","6":"product_cat-slirekniv","7":"product_brand-sylvsmidja","8":"product_leverandor-sylvsmidja-as","9":"geografisk_tilknytning-askoy","10":"geografisk_tilknytning-aust-agder","11":"geografisk_tilknytning-aust-telemark","12":"geografisk_tilknytning-austervoll","13":"geografisk_tilknytning-bardu-malselv","14":"geografisk_tilknytning-bomlo","15":"geografisk_tilknytning-fana","16":"geografisk_tilknytning-gudbrandsdalen","17":"geografisk_tilknytning-hallingdal","18":"geografisk_tilknytning-hardanger","19":"geografisk_tilknytning-kvinnherad","20":"geografisk_tilknytning-modum","21":"geografisk_tilknytning-nordfjord","22":"geografisk_tilknytning-nordhordland","23":"geografisk_tilknytning-nordland","24":"geografisk_tilknytning-numedal-gratroye","25":"geografisk_tilknytning-numedal-rundtroye","26":"geografisk_tilknytning-os","27":"geografisk_tilknytning-osterdal","28":"geografisk_tilknytning-ostfold","29":"geografisk_tilknytning-rogaland-filigran","30":"geografisk_tilknytning-rogaland-gravert","31":"geografisk_tilknytning-romsdal","32":"geografisk_tilknytning-samnanger","33":"geografisk_tilknytning-sogn","34":"geografisk_tilknytning-sotra","35":"geografisk_tilknytning-sunnfjord","36":"geografisk_tilknytning-sunnhordland","37":"geografisk_tilknytning-sunnmore","38":"geografisk_tilknytning-troms","39":"geografisk_tilknytning-tronderbunad","40":"geografisk_tilknytning-valdres","41":"geografisk_tilknytning-vest-agder","42":"geografisk_tilknytning-vest-telemark","43":"geografisk_tilknytning-vestfold","44":"geografisk_tilknytning-voss","45":"varegruppe-solvsmykker","47":"first","48":"outofstock","49":"taxable","50":"shipping-taxable","51":"purchasable","52":"product-type-simple"},"acf":[],"product_brand":[{"id":234,"name":"SYLVSMIDJA","slug":"sylvsmidja"}],"product_leverandor":[{"id":169,"name":"Sylvsmidja AS","slug":"sylvsmidja-as"}],"_links":{"self":[{"href":"https:\/\/mestergull.no\/dahlsveen\/wp-json\/wp\/v2\/product\/9479"}],"collection":[{"href":"https:\/\/mestergull.no\/dahlsveen\/wp-json\/wp\/v2\/product"}],"about":[{"href":"https:\/\/mestergull.no\/dahlsveen\/wp-json\/wp\/v2\/types\/product"}],"replies":[{"embeddable":true,"href":"https:\/\/mestergull.no\/dahlsveen\/wp-json\/wp\/v2\/comments?post=9479"}],"wp:featuredmedia":[{"embeddable":true,"href":"https:\/\/mestergull.no\/dahlsveen\/wp-json\/wp\/v2\/media\/4368"}],"wp:attachment":[{"href":"https:\/\/mestergull.no\/dahlsveen\/wp-json\/wp\/v2\/media?parent=9479"}],"wp:term":[{"taxonomy":"product_cat","embeddable":true,"href":"https:\/\/mestergull.no\/dahlsveen\/wp-json\/wp\/v2\/product_cat?post=9479"},{"taxonomy":"product_tag","embeddable":true,"href":"https:\/\/mestergull.no\/dahlsveen\/wp-json\/wp\/v2\/product_tag?post=9479"},{"taxonomy":"product_brand","embeddable":true,"href":"https:\/\/mestergull.no\/dahlsveen\/wp-json\/wp\/v2\/merke?post=9479"},{"taxonomy":"product_serie","embeddable":true,"href":"https:\/\/mestergull.no\/dahlsveen\/wp-json\/wp\/v2\/product_serie?post=9479"},{"taxonomy":"produsent","embeddable":true,"href":"https:\/\/mestergull.no\/dahlsveen\/wp-json\/wp\/v2\/produsent?post=9479"},{"taxonomy":"product_leverandor","embeddable":true,"href":"https:\/\/mestergull.no\/dahlsveen\/wp-json\/wp\/v2\/leverandor?post=9479"},{"taxonomy":"varetype","embeddable":true,"href":"https:\/\/mestergull.no\/dahlsveen\/wp-json\/wp\/v2\/varetype?post=9479"},{"taxonomy":"geografisk_tilknytning","embeddable":true,"href":"https:\/\/mestergull.no\/dahlsveen\/wp-json\/wp\/v2\/geografisk_tilknytning?post=9479"},{"taxonomy":"varegruppe","embeddable":true,"href":"https:\/\/mestergull.no\/dahlsveen\/wp-json\/wp\/v2\/varegruppe?post=9479"},{"taxonomy":"butikkrettigheter","embeddable":true,"href":"https:\/\/mestergull.no\/dahlsveen\/wp-json\/wp\/v2\/butikkrettigheter?post=9479"}],"curies":[{"name":"wp","href":"https:\/\/api.w.org\/{rel}","templated":true}]}}