{"id":9904,"date":"2018-09-04T21:16:54","date_gmt":"2018-09-04T19:16:54","guid":{"rendered":"https:\/\/mestergull.no\/dahlsveen\/produkt\/barneskje-love-safari\/"},"modified":"2026-01-30T05:40:28","modified_gmt":"2026-01-30T04:40:28","slug":"barneskje-love-safari","status":"publish","type":"product","link":"https:\/\/mestergull.no\/dahlsveen\/produkt\/barneskje-love-safari\/","title":{"rendered":"Barneskje S\u00f8lv"},"content":{"rendered":"<ul>\n<li>S\u00f8lv 925S<\/li>\n<li>Lengde: 133 mm<\/li>\n<li>Emalje<\/li>\n<\/ul>\n","protected":false},"excerpt":{"rendered":"<p>S\u00f8lv barneskje l\u00f8ve i m\u00f8nsteret Safari<\/p>\n","protected":false},"featured_media":860,"comment_status":"open","ping_status":"closed","template":"","meta":{"_acf_changed":false},"product_cat":[280],"product_tag":[],"merke":[221],"product_serie":[],"produsent":[],"leverandor":[171],"varetype":[],"geografisk_tilknytning":[],"varegruppe":[{"id":28,"name":"S\u00f8lvbestikk","slug":"solvbestikk"}],"butikkrettigheter":[],"class_list":{"0":"post-9904","1":"product","2":"type-product","3":"status-publish","4":"has-post-thumbnail","6":"product_cat-barneskje","7":"product_brand-safari","8":"product_leverandor-th-marthinsen-solvvarefabrikk","9":"varegruppe-solvbestikk","11":"first","12":"instock","13":"taxable","14":"shipping-taxable","15":"purchasable","16":"product-type-simple"},"acf":[],"product_brand":[{"id":221,"name":"SAFARI","slug":"safari"}],"product_leverandor":[{"id":171,"name":"Th. Marthinsen S\u00f8lvvarefabrikk","slug":"th-marthinsen-solvvarefabrikk"}],"_links":{"self":[{"href":"https:\/\/mestergull.no\/dahlsveen\/wp-json\/wp\/v2\/product\/9904"}],"collection":[{"href":"https:\/\/mestergull.no\/dahlsveen\/wp-json\/wp\/v2\/product"}],"about":[{"href":"https:\/\/mestergull.no\/dahlsveen\/wp-json\/wp\/v2\/types\/product"}],"replies":[{"embeddable":true,"href":"https:\/\/mestergull.no\/dahlsveen\/wp-json\/wp\/v2\/comments?post=9904"}],"wp:featuredmedia":[{"embeddable":true,"href":"https:\/\/mestergull.no\/dahlsveen\/wp-json\/wp\/v2\/media\/860"}],"wp:attachment":[{"href":"https:\/\/mestergull.no\/dahlsveen\/wp-json\/wp\/v2\/media?parent=9904"}],"wp:term":[{"taxonomy":"product_cat","embeddable":true,"href":"https:\/\/mestergull.no\/dahlsveen\/wp-json\/wp\/v2\/product_cat?post=9904"},{"taxonomy":"product_tag","embeddable":true,"href":"https:\/\/mestergull.no\/dahlsveen\/wp-json\/wp\/v2\/product_tag?post=9904"},{"taxonomy":"product_brand","embeddable":true,"href":"https:\/\/mestergull.no\/dahlsveen\/wp-json\/wp\/v2\/merke?post=9904"},{"taxonomy":"product_serie","embeddable":true,"href":"https:\/\/mestergull.no\/dahlsveen\/wp-json\/wp\/v2\/product_serie?post=9904"},{"taxonomy":"produsent","embeddable":true,"href":"https:\/\/mestergull.no\/dahlsveen\/wp-json\/wp\/v2\/produsent?post=9904"},{"taxonomy":"product_leverandor","embeddable":true,"href":"https:\/\/mestergull.no\/dahlsveen\/wp-json\/wp\/v2\/leverandor?post=9904"},{"taxonomy":"varetype","embeddable":true,"href":"https:\/\/mestergull.no\/dahlsveen\/wp-json\/wp\/v2\/varetype?post=9904"},{"taxonomy":"geografisk_tilknytning","embeddable":true,"href":"https:\/\/mestergull.no\/dahlsveen\/wp-json\/wp\/v2\/geografisk_tilknytning?post=9904"},{"taxonomy":"varegruppe","embeddable":true,"href":"https:\/\/mestergull.no\/dahlsveen\/wp-json\/wp\/v2\/varegruppe?post=9904"},{"taxonomy":"butikkrettigheter","embeddable":true,"href":"https:\/\/mestergull.no\/dahlsveen\/wp-json\/wp\/v2\/butikkrettigheter?post=9904"}],"curies":[{"name":"wp","href":"https:\/\/api.w.org\/{rel}","templated":true}]}}