{"id":51716,"date":"2020-07-07T23:43:32","date_gmt":"2020-07-07T21:43:32","guid":{"rendered":"https:\/\/mestergull.no\/melhus\/produkt\/allianse-ring-78\/"},"modified":"2026-02-23T12:22:30","modified_gmt":"2026-02-23T11:22:30","slug":"allianse-ring-78","status":"publish","type":"product","link":"https:\/\/mestergull.no\/melhus\/produkt\/allianse-ring-78\/","title":{"rendered":"Allianse Ring"},"content":{"rendered":"<ul>\n<li>Gult gull 585<\/li>\n<li>3 diamanter<\/li>\n<li>0,04 ct. HSi<\/li>\n<li>Totalt 0,12 ct. HSi<\/li>\n<\/ul>\n","protected":false},"excerpt":{"rendered":"<p>V\u00e5r Allianse ring har siden 1992 v\u00e6rt en av de mest klassiske diamantringene i landet. Allianse lar deg bygge p\u00e5 med nye stener for hver ny anledning.<\/p>\n","protected":false},"featured_media":51577,"comment_status":"open","ping_status":"closed","template":"","meta":{"_acf_changed":false},"product_cat":[217],"product_tag":[],"merke":[614],"product_serie":[{"id":600,"name":"Dia. 0,04 ct.","slug":"dia-004-ct"}],"produsent":[{"id":181,"name":"Continental Jewellery Mfg. Ltd","slug":"continental-jewellery-mfg-ltd"}],"leverandor":[166],"varetype":[{"id":1150,"name":"Annet","slug":"annet-ringer-smykker-damesmykker"}],"geografisk_tilknytning":[],"varegruppe":[{"id":21,"name":"Diamantsmykker","slug":"diamantsmykker"}],"butikkrettigheter":[],"class_list":{"0":"post-51716","1":"product","2":"type-product","3":"status-publish","4":"has-post-thumbnail","6":"product_cat-ring","7":"product_brand-allianse","8":"product_serie-dia-004-ct","9":"produsent-continental-jewellery-mfg-ltd","10":"product_leverandor-mestergull-as","11":"varetype-annet-ringer-smykker-damesmykker","12":"varegruppe-diamantsmykker","14":"first","15":"instock","16":"taxable","17":"shipping-taxable","18":"purchasable","19":"product-type-simple"},"acf":[],"product_brand":[{"id":614,"name":"ALLIANSE","slug":"allianse"}],"product_leverandor":[{"id":166,"name":"Mestergull AS","slug":"mestergull-as"}],"_links":{"self":[{"href":"https:\/\/mestergull.no\/melhus\/wp-json\/wp\/v2\/product\/51716"}],"collection":[{"href":"https:\/\/mestergull.no\/melhus\/wp-json\/wp\/v2\/product"}],"about":[{"href":"https:\/\/mestergull.no\/melhus\/wp-json\/wp\/v2\/types\/product"}],"replies":[{"embeddable":true,"href":"https:\/\/mestergull.no\/melhus\/wp-json\/wp\/v2\/comments?post=51716"}],"wp:featuredmedia":[{"embeddable":true,"href":"https:\/\/mestergull.no\/melhus\/wp-json\/wp\/v2\/media\/51577"}],"wp:attachment":[{"href":"https:\/\/mestergull.no\/melhus\/wp-json\/wp\/v2\/media?parent=51716"}],"wp:term":[{"taxonomy":"product_cat","embeddable":true,"href":"https:\/\/mestergull.no\/melhus\/wp-json\/wp\/v2\/product_cat?post=51716"},{"taxonomy":"product_tag","embeddable":true,"href":"https:\/\/mestergull.no\/melhus\/wp-json\/wp\/v2\/product_tag?post=51716"},{"taxonomy":"product_brand","embeddable":true,"href":"https:\/\/mestergull.no\/melhus\/wp-json\/wp\/v2\/merke?post=51716"},{"taxonomy":"product_serie","embeddable":true,"href":"https:\/\/mestergull.no\/melhus\/wp-json\/wp\/v2\/product_serie?post=51716"},{"taxonomy":"produsent","embeddable":true,"href":"https:\/\/mestergull.no\/melhus\/wp-json\/wp\/v2\/produsent?post=51716"},{"taxonomy":"product_leverandor","embeddable":true,"href":"https:\/\/mestergull.no\/melhus\/wp-json\/wp\/v2\/leverandor?post=51716"},{"taxonomy":"varetype","embeddable":true,"href":"https:\/\/mestergull.no\/melhus\/wp-json\/wp\/v2\/varetype?post=51716"},{"taxonomy":"geografisk_tilknytning","embeddable":true,"href":"https:\/\/mestergull.no\/melhus\/wp-json\/wp\/v2\/geografisk_tilknytning?post=51716"},{"taxonomy":"varegruppe","embeddable":true,"href":"https:\/\/mestergull.no\/melhus\/wp-json\/wp\/v2\/varegruppe?post=51716"},{"taxonomy":"butikkrettigheter","embeddable":true,"href":"https:\/\/mestergull.no\/melhus\/wp-json\/wp\/v2\/butikkrettigheter?post=51716"}],"curies":[{"name":"wp","href":"https:\/\/api.w.org\/{rel}","templated":true}]}}