{"id":61549,"date":"2023-12-20T17:35:43","date_gmt":"2023-12-20T16:35:43","guid":{"rendered":"https:\/\/mestergull.no\/melhus\/produkt\/kjede-5\/"},"modified":"2026-02-18T06:01:08","modified_gmt":"2026-02-18T05:01:08","slug":"kjede-5","status":"publish","type":"product","link":"https:\/\/mestergull.no\/melhus\/produkt\/kjede-5\/","title":{"rendered":"Kjede Mix"},"content":{"rendered":"<ul>\n<li>St\u00e5l<\/li>\n<li>Gult gull 585<\/li>\n<li>S\u00f8lv 925S<\/li>\n<li>45 cm<\/li>\n<\/ul>\n","protected":false},"excerpt":{"rendered":"<p>Kjede i st\u00e5l 3 rader med sommerfugl i oksidert s\u00f8lv, s\u00f8lv og gult gull og endestykker i gult gull<\/p>\n","protected":false},"featured_media":61474,"comment_status":"open","ping_status":"closed","template":"","meta":{"_acf_changed":false},"product_cat":[213],"product_tag":[],"merke":[304],"product_serie":[{"id":37,"name":"Butterfly","slug":"butterfly"}],"produsent":[],"leverandor":[172],"varetype":[],"geografisk_tilknytning":[],"varegruppe":[{"id":27,"name":"St\u00e5lsmykker","slug":"stalsmykker"}],"butikkrettigheter":[],"class_list":{"0":"post-61549","1":"product","2":"type-product","3":"status-publish","4":"has-post-thumbnail","6":"product_cat-kjede","7":"product_brand-van-bergen","8":"product_serie-butterfly","9":"product_leverandor-van-bergen-design-as","10":"varegruppe-stalsmykker","12":"first","13":"outofstock","14":"taxable","15":"shipping-taxable","16":"purchasable","17":"product-type-simple"},"acf":[],"product_brand":[{"id":304,"name":"VAN BERGEN","slug":"van-bergen"}],"product_leverandor":[{"id":172,"name":"Van Bergen Design AS","slug":"van-bergen-design-as"}],"_links":{"self":[{"href":"https:\/\/mestergull.no\/melhus\/wp-json\/wp\/v2\/product\/61549"}],"collection":[{"href":"https:\/\/mestergull.no\/melhus\/wp-json\/wp\/v2\/product"}],"about":[{"href":"https:\/\/mestergull.no\/melhus\/wp-json\/wp\/v2\/types\/product"}],"replies":[{"embeddable":true,"href":"https:\/\/mestergull.no\/melhus\/wp-json\/wp\/v2\/comments?post=61549"}],"wp:featuredmedia":[{"embeddable":true,"href":"https:\/\/mestergull.no\/melhus\/wp-json\/wp\/v2\/media\/61474"}],"wp:attachment":[{"href":"https:\/\/mestergull.no\/melhus\/wp-json\/wp\/v2\/media?parent=61549"}],"wp:term":[{"taxonomy":"product_cat","embeddable":true,"href":"https:\/\/mestergull.no\/melhus\/wp-json\/wp\/v2\/product_cat?post=61549"},{"taxonomy":"product_tag","embeddable":true,"href":"https:\/\/mestergull.no\/melhus\/wp-json\/wp\/v2\/product_tag?post=61549"},{"taxonomy":"product_brand","embeddable":true,"href":"https:\/\/mestergull.no\/melhus\/wp-json\/wp\/v2\/merke?post=61549"},{"taxonomy":"product_serie","embeddable":true,"href":"https:\/\/mestergull.no\/melhus\/wp-json\/wp\/v2\/product_serie?post=61549"},{"taxonomy":"produsent","embeddable":true,"href":"https:\/\/mestergull.no\/melhus\/wp-json\/wp\/v2\/produsent?post=61549"},{"taxonomy":"product_leverandor","embeddable":true,"href":"https:\/\/mestergull.no\/melhus\/wp-json\/wp\/v2\/leverandor?post=61549"},{"taxonomy":"varetype","embeddable":true,"href":"https:\/\/mestergull.no\/melhus\/wp-json\/wp\/v2\/varetype?post=61549"},{"taxonomy":"geografisk_tilknytning","embeddable":true,"href":"https:\/\/mestergull.no\/melhus\/wp-json\/wp\/v2\/geografisk_tilknytning?post=61549"},{"taxonomy":"varegruppe","embeddable":true,"href":"https:\/\/mestergull.no\/melhus\/wp-json\/wp\/v2\/varegruppe?post=61549"},{"taxonomy":"butikkrettigheter","embeddable":true,"href":"https:\/\/mestergull.no\/melhus\/wp-json\/wp\/v2\/butikkrettigheter?post=61549"}],"curies":[{"name":"wp","href":"https:\/\/api.w.org\/{rel}","templated":true}]}}