{"id":62782,"date":"2024-08-02T11:31:39","date_gmt":"2024-08-02T09:31:39","guid":{"rendered":"https:\/\/mestergull.no\/melhus\/produkt\/sgp-ankellenke-224-cm-5\/"},"modified":"2026-04-09T16:00:18","modified_gmt":"2026-04-09T14:00:18","slug":"sgp-ankellenke-224-cm-5","status":"publish","type":"product","link":"https:\/\/mestergull.no\/melhus\/produkt\/sgp-ankellenke-224-cm-5\/","title":{"rendered":"Ankellenke S\u00f8lv"},"content":{"rendered":"<ul>\n<li>S\u00f8lv 925S<\/li>\n<li>Dekor 7,3 x 7,5 mm<\/li>\n<li>22+4 cm<\/li>\n<\/ul>\n","protected":false},"excerpt":{"rendered":"<p>S\u00f8t ankellenke i forgylt s\u00f8lv med r\u00f8de stener og halvm\u00e5ne dekor<\/p>\n","protected":false},"featured_media":62779,"comment_status":"open","ping_status":"closed","template":"","meta":{"_acf_changed":false},"product_cat":[209],"product_tag":[],"merke":[247],"product_serie":[],"produsent":[{"id":183,"name":"Daverivicenza S.R.L","slug":"daverivicenza-s-r-l"}],"leverandor":[166],"varetype":[{"id":1045,"name":"Ankelkjede","slug":"ankelkjede"}],"geografisk_tilknytning":[],"varegruppe":[{"id":29,"name":"S\u00f8lvsmykker","slug":"solvsmykker"}],"butikkrettigheter":[],"class_list":{"0":"post-62782","1":"product","2":"type-product","3":"status-publish","4":"has-post-thumbnail","6":"product_cat-ankellenke","7":"product_brand-mestergull","8":"produsent-daverivicenza-s-r-l","9":"product_leverandor-mestergull-as","10":"varetype-ankelkjede","11":"varegruppe-solvsmykker","13":"first","14":"instock","15":"taxable","16":"shipping-taxable","17":"purchasable","18":"product-type-simple"},"acf":[],"product_brand":[{"id":247,"name":"MESTERGULL","slug":"mestergull"}],"product_leverandor":[{"id":166,"name":"Mestergull AS","slug":"mestergull-as"}],"_links":{"self":[{"href":"https:\/\/mestergull.no\/melhus\/wp-json\/wp\/v2\/product\/62782"}],"collection":[{"href":"https:\/\/mestergull.no\/melhus\/wp-json\/wp\/v2\/product"}],"about":[{"href":"https:\/\/mestergull.no\/melhus\/wp-json\/wp\/v2\/types\/product"}],"replies":[{"embeddable":true,"href":"https:\/\/mestergull.no\/melhus\/wp-json\/wp\/v2\/comments?post=62782"}],"wp:featuredmedia":[{"embeddable":true,"href":"https:\/\/mestergull.no\/melhus\/wp-json\/wp\/v2\/media\/62779"}],"wp:attachment":[{"href":"https:\/\/mestergull.no\/melhus\/wp-json\/wp\/v2\/media?parent=62782"}],"wp:term":[{"taxonomy":"product_cat","embeddable":true,"href":"https:\/\/mestergull.no\/melhus\/wp-json\/wp\/v2\/product_cat?post=62782"},{"taxonomy":"product_tag","embeddable":true,"href":"https:\/\/mestergull.no\/melhus\/wp-json\/wp\/v2\/product_tag?post=62782"},{"taxonomy":"product_brand","embeddable":true,"href":"https:\/\/mestergull.no\/melhus\/wp-json\/wp\/v2\/merke?post=62782"},{"taxonomy":"product_serie","embeddable":true,"href":"https:\/\/mestergull.no\/melhus\/wp-json\/wp\/v2\/product_serie?post=62782"},{"taxonomy":"produsent","embeddable":true,"href":"https:\/\/mestergull.no\/melhus\/wp-json\/wp\/v2\/produsent?post=62782"},{"taxonomy":"product_leverandor","embeddable":true,"href":"https:\/\/mestergull.no\/melhus\/wp-json\/wp\/v2\/leverandor?post=62782"},{"taxonomy":"varetype","embeddable":true,"href":"https:\/\/mestergull.no\/melhus\/wp-json\/wp\/v2\/varetype?post=62782"},{"taxonomy":"geografisk_tilknytning","embeddable":true,"href":"https:\/\/mestergull.no\/melhus\/wp-json\/wp\/v2\/geografisk_tilknytning?post=62782"},{"taxonomy":"varegruppe","embeddable":true,"href":"https:\/\/mestergull.no\/melhus\/wp-json\/wp\/v2\/varegruppe?post=62782"},{"taxonomy":"butikkrettigheter","embeddable":true,"href":"https:\/\/mestergull.no\/melhus\/wp-json\/wp\/v2\/butikkrettigheter?post=62782"}],"curies":[{"name":"wp","href":"https:\/\/api.w.org\/{rel}","templated":true}]}}