{"id":6328,"date":"2018-09-05T22:17:30","date_gmt":"2018-09-05T20:17:30","guid":{"rendered":"https:\/\/mestergull.no\/melhus\/produkt\/armbandrosa-hv-hjerter\/"},"modified":"2026-01-03T06:50:10","modified_gmt":"2026-01-03T05:50:10","slug":"armbandrosa-hv-hjerter","status":"publish","type":"product","link":"https:\/\/mestergull.no\/melhus\/produkt\/armbandrosa-hv-hjerter\/","title":{"rendered":"Armb\u00e5nd S\u00f8lv"},"content":{"rendered":"<ul>\n<li>S\u00f8lv 925S<\/li>\n<li>Rosa\/hvit glassemalje<\/li>\n<li>L: 15 cm<\/li>\n<\/ul>\n","protected":false},"excerpt":{"rendered":"<p>Vakkert helarmb\u00e5nd som har v\u00e6rt i Pia&amp;Per-kolleksjonen i over 50 \u00e5r! Det er et tidl\u00f8st smykke som fortsetter \u00e5 glede nye generasjoner barn og unge voksne.<\/p>\n","protected":false},"featured_media":56565,"comment_status":"open","ping_status":"closed","template":"","meta":{"_acf_changed":false},"product_cat":[210],"product_tag":[],"merke":[241],"product_serie":[],"produsent":[],"leverandor":[165],"varetype":[],"geografisk_tilknytning":[],"varegruppe":[{"id":29,"name":"S\u00f8lvsmykker","slug":"solvsmykker"}],"butikkrettigheter":[],"class_list":{"0":"post-6328","1":"product","2":"type-product","3":"status-publish","4":"has-post-thumbnail","6":"product_cat-armband","7":"product_brand-pia-per","8":"product_leverandor-gullsmed-arne-nordlie-as","9":"varegruppe-solvsmykker","11":"first","12":"instock","13":"taxable","14":"shipping-taxable","15":"purchasable","16":"product-type-simple"},"acf":[],"product_brand":[{"id":241,"name":"PIA &amp; PER","slug":"pia-per"}],"product_leverandor":[{"id":165,"name":"Gullsmed Arne Nordlie AS","slug":"gullsmed-arne-nordlie-as"}],"_links":{"self":[{"href":"https:\/\/mestergull.no\/melhus\/wp-json\/wp\/v2\/product\/6328"}],"collection":[{"href":"https:\/\/mestergull.no\/melhus\/wp-json\/wp\/v2\/product"}],"about":[{"href":"https:\/\/mestergull.no\/melhus\/wp-json\/wp\/v2\/types\/product"}],"replies":[{"embeddable":true,"href":"https:\/\/mestergull.no\/melhus\/wp-json\/wp\/v2\/comments?post=6328"}],"wp:featuredmedia":[{"embeddable":true,"href":"https:\/\/mestergull.no\/melhus\/wp-json\/wp\/v2\/media\/56565"}],"wp:attachment":[{"href":"https:\/\/mestergull.no\/melhus\/wp-json\/wp\/v2\/media?parent=6328"}],"wp:term":[{"taxonomy":"product_cat","embeddable":true,"href":"https:\/\/mestergull.no\/melhus\/wp-json\/wp\/v2\/product_cat?post=6328"},{"taxonomy":"product_tag","embeddable":true,"href":"https:\/\/mestergull.no\/melhus\/wp-json\/wp\/v2\/product_tag?post=6328"},{"taxonomy":"product_brand","embeddable":true,"href":"https:\/\/mestergull.no\/melhus\/wp-json\/wp\/v2\/merke?post=6328"},{"taxonomy":"product_serie","embeddable":true,"href":"https:\/\/mestergull.no\/melhus\/wp-json\/wp\/v2\/product_serie?post=6328"},{"taxonomy":"produsent","embeddable":true,"href":"https:\/\/mestergull.no\/melhus\/wp-json\/wp\/v2\/produsent?post=6328"},{"taxonomy":"product_leverandor","embeddable":true,"href":"https:\/\/mestergull.no\/melhus\/wp-json\/wp\/v2\/leverandor?post=6328"},{"taxonomy":"varetype","embeddable":true,"href":"https:\/\/mestergull.no\/melhus\/wp-json\/wp\/v2\/varetype?post=6328"},{"taxonomy":"geografisk_tilknytning","embeddable":true,"href":"https:\/\/mestergull.no\/melhus\/wp-json\/wp\/v2\/geografisk_tilknytning?post=6328"},{"taxonomy":"varegruppe","embeddable":true,"href":"https:\/\/mestergull.no\/melhus\/wp-json\/wp\/v2\/varegruppe?post=6328"},{"taxonomy":"butikkrettigheter","embeddable":true,"href":"https:\/\/mestergull.no\/melhus\/wp-json\/wp\/v2\/butikkrettigheter?post=6328"}],"curies":[{"name":"wp","href":"https:\/\/api.w.org\/{rel}","templated":true}]}}