{"id":6981,"date":"2018-09-05T22:31:27","date_gmt":"2018-09-05T20:31:27","guid":{"rendered":"https:\/\/mestergull.no\/melhus\/produkt\/knapp-23\/"},"modified":"2026-01-28T08:05:16","modified_gmt":"2026-01-28T07:05:16","slug":"knapp-23","status":"publish","type":"product","link":"https:\/\/mestergull.no\/melhus\/produkt\/knapp-23\/","title":{"rendered":"Knapp"},"content":{"rendered":"<ul>\n<li>S\u00f8lv 830S<\/li>\n<li>Oksidert<\/li>\n<\/ul>\n","protected":false},"excerpt":{"rendered":"<p>Oksidert s\u00f8lvknapp med bunn til bunad<\/p>\n","protected":false},"featured_media":2120,"comment_status":"open","ping_status":"closed","template":"","meta":{"_acf_changed":false},"product_cat":[223],"product_tag":[],"merke":[288],"product_serie":[],"produsent":[],"leverandor":[169],"varetype":[],"geografisk_tilknytning":[{"id":106,"name":"Hallingdal","slug":"hallingdal"},{"id":128,"name":"Numedal - Gr\u00e5tr\u00f8ye","slug":"numedal-gratroye"},{"id":129,"name":"Numedal - Rundtr\u00f8ye","slug":"numedal-rundtroye"}],"varegruppe":[{"id":29,"name":"S\u00f8lvsmykker","slug":"solvsmykker"}],"butikkrettigheter":[],"class_list":{"0":"post-6981","1":"product","2":"type-product","3":"status-publish","4":"has-post-thumbnail","6":"product_cat-knapp","7":"product_brand-sylvsmidja","8":"product_leverandor-sylvsmidja-as","9":"geografisk_tilknytning-hallingdal","10":"geografisk_tilknytning-numedal-gratroye","11":"geografisk_tilknytning-numedal-rundtroye","12":"varegruppe-solvsmykker","14":"first","15":"outofstock","16":"taxable","17":"shipping-taxable","18":"purchasable","19":"product-type-simple"},"acf":[],"product_brand":[{"id":288,"name":"SYLVSMIDJA","slug":"sylvsmidja"}],"product_leverandor":[{"id":169,"name":"Sylvsmidja AS","slug":"sylvsmidja-as"}],"_links":{"self":[{"href":"https:\/\/mestergull.no\/melhus\/wp-json\/wp\/v2\/product\/6981"}],"collection":[{"href":"https:\/\/mestergull.no\/melhus\/wp-json\/wp\/v2\/product"}],"about":[{"href":"https:\/\/mestergull.no\/melhus\/wp-json\/wp\/v2\/types\/product"}],"replies":[{"embeddable":true,"href":"https:\/\/mestergull.no\/melhus\/wp-json\/wp\/v2\/comments?post=6981"}],"wp:featuredmedia":[{"embeddable":true,"href":"https:\/\/mestergull.no\/melhus\/wp-json\/wp\/v2\/media\/2120"}],"wp:attachment":[{"href":"https:\/\/mestergull.no\/melhus\/wp-json\/wp\/v2\/media?parent=6981"}],"wp:term":[{"taxonomy":"product_cat","embeddable":true,"href":"https:\/\/mestergull.no\/melhus\/wp-json\/wp\/v2\/product_cat?post=6981"},{"taxonomy":"product_tag","embeddable":true,"href":"https:\/\/mestergull.no\/melhus\/wp-json\/wp\/v2\/product_tag?post=6981"},{"taxonomy":"product_brand","embeddable":true,"href":"https:\/\/mestergull.no\/melhus\/wp-json\/wp\/v2\/merke?post=6981"},{"taxonomy":"product_serie","embeddable":true,"href":"https:\/\/mestergull.no\/melhus\/wp-json\/wp\/v2\/product_serie?post=6981"},{"taxonomy":"produsent","embeddable":true,"href":"https:\/\/mestergull.no\/melhus\/wp-json\/wp\/v2\/produsent?post=6981"},{"taxonomy":"product_leverandor","embeddable":true,"href":"https:\/\/mestergull.no\/melhus\/wp-json\/wp\/v2\/leverandor?post=6981"},{"taxonomy":"varetype","embeddable":true,"href":"https:\/\/mestergull.no\/melhus\/wp-json\/wp\/v2\/varetype?post=6981"},{"taxonomy":"geografisk_tilknytning","embeddable":true,"href":"https:\/\/mestergull.no\/melhus\/wp-json\/wp\/v2\/geografisk_tilknytning?post=6981"},{"taxonomy":"varegruppe","embeddable":true,"href":"https:\/\/mestergull.no\/melhus\/wp-json\/wp\/v2\/varegruppe?post=6981"},{"taxonomy":"butikkrettigheter","embeddable":true,"href":"https:\/\/mestergull.no\/melhus\/wp-json\/wp\/v2\/butikkrettigheter?post=6981"}],"curies":[{"name":"wp","href":"https:\/\/api.w.org\/{rel}","templated":true}]}}