{"id":7202,"date":"2018-09-05T22:36:26","date_gmt":"2018-09-05T20:36:26","guid":{"rendered":"https:\/\/mestergull.no\/melhus\/produkt\/halssolje\/"},"modified":"2026-01-28T08:08:32","modified_gmt":"2026-01-28T07:08:32","slug":"halssolje","status":"publish","type":"product","link":"https:\/\/mestergull.no\/melhus\/produkt\/halssolje\/","title":{"rendered":"Halss\u00f8lje"},"content":{"rendered":"<ul>\n<li>S\u00f8lv 830S<\/li>\n<li>Oksidert<\/li>\n<li>M\u00e5l: 37 x 55 mm<\/li>\n<\/ul>\n","protected":false},"excerpt":{"rendered":"<p>Dobbel halss\u00f8lje i oksidert s\u00f8lv med korsl\u00f8vheng og lilla stener, til bunad<\/p>\n","protected":false},"featured_media":941,"comment_status":"open","ping_status":"closed","template":"","meta":{"_acf_changed":false},"product_cat":[227],"product_tag":[],"merke":[288],"product_serie":[],"produsent":[],"leverandor":[169],"varetype":[],"geografisk_tilknytning":[{"id":109,"name":"Hardanger vinterbunad","slug":"hardanger-vinterbunad"},{"id":159,"name":"Voss vinterbunad","slug":"voss-vinterbunad"}],"varegruppe":[{"id":29,"name":"S\u00f8lvsmykker","slug":"solvsmykker"}],"butikkrettigheter":[],"class_list":{"0":"post-7202","1":"product","2":"type-product","3":"status-publish","4":"has-post-thumbnail","6":"product_cat-solje","7":"product_brand-sylvsmidja","8":"product_leverandor-sylvsmidja-as","9":"geografisk_tilknytning-hardanger-vinterbunad","10":"geografisk_tilknytning-voss-vinterbunad","11":"varegruppe-solvsmykker","13":"first","14":"outofstock","15":"taxable","16":"shipping-taxable","17":"purchasable","18":"product-type-simple"},"acf":[],"product_brand":[{"id":288,"name":"SYLVSMIDJA","slug":"sylvsmidja"}],"product_leverandor":[{"id":169,"name":"Sylvsmidja AS","slug":"sylvsmidja-as"}],"_links":{"self":[{"href":"https:\/\/mestergull.no\/melhus\/wp-json\/wp\/v2\/product\/7202"}],"collection":[{"href":"https:\/\/mestergull.no\/melhus\/wp-json\/wp\/v2\/product"}],"about":[{"href":"https:\/\/mestergull.no\/melhus\/wp-json\/wp\/v2\/types\/product"}],"replies":[{"embeddable":true,"href":"https:\/\/mestergull.no\/melhus\/wp-json\/wp\/v2\/comments?post=7202"}],"wp:featuredmedia":[{"embeddable":true,"href":"https:\/\/mestergull.no\/melhus\/wp-json\/wp\/v2\/media\/941"}],"wp:attachment":[{"href":"https:\/\/mestergull.no\/melhus\/wp-json\/wp\/v2\/media?parent=7202"}],"wp:term":[{"taxonomy":"product_cat","embeddable":true,"href":"https:\/\/mestergull.no\/melhus\/wp-json\/wp\/v2\/product_cat?post=7202"},{"taxonomy":"product_tag","embeddable":true,"href":"https:\/\/mestergull.no\/melhus\/wp-json\/wp\/v2\/product_tag?post=7202"},{"taxonomy":"product_brand","embeddable":true,"href":"https:\/\/mestergull.no\/melhus\/wp-json\/wp\/v2\/merke?post=7202"},{"taxonomy":"product_serie","embeddable":true,"href":"https:\/\/mestergull.no\/melhus\/wp-json\/wp\/v2\/product_serie?post=7202"},{"taxonomy":"produsent","embeddable":true,"href":"https:\/\/mestergull.no\/melhus\/wp-json\/wp\/v2\/produsent?post=7202"},{"taxonomy":"product_leverandor","embeddable":true,"href":"https:\/\/mestergull.no\/melhus\/wp-json\/wp\/v2\/leverandor?post=7202"},{"taxonomy":"varetype","embeddable":true,"href":"https:\/\/mestergull.no\/melhus\/wp-json\/wp\/v2\/varetype?post=7202"},{"taxonomy":"geografisk_tilknytning","embeddable":true,"href":"https:\/\/mestergull.no\/melhus\/wp-json\/wp\/v2\/geografisk_tilknytning?post=7202"},{"taxonomy":"varegruppe","embeddable":true,"href":"https:\/\/mestergull.no\/melhus\/wp-json\/wp\/v2\/varegruppe?post=7202"},{"taxonomy":"butikkrettigheter","embeddable":true,"href":"https:\/\/mestergull.no\/melhus\/wp-json\/wp\/v2\/butikkrettigheter?post=7202"}],"curies":[{"name":"wp","href":"https:\/\/api.w.org\/{rel}","templated":true}]}}