{"id":7379,"date":"2018-09-05T22:40:33","date_gmt":"2018-09-05T20:40:33","guid":{"rendered":"https:\/\/mestergull.no\/melhus\/produkt\/halssolje-42\/"},"modified":"2026-01-28T08:10:14","modified_gmt":"2026-01-28T07:10:14","slug":"halssolje-42","status":"publish","type":"product","link":"https:\/\/mestergull.no\/melhus\/produkt\/halssolje-42\/","title":{"rendered":"Halss\u00f8lje"},"content":{"rendered":"<ul>\n<li>S\u00f8lv 830S<\/li>\n<li>Oksidert<\/li>\n<\/ul>\n","protected":false},"excerpt":{"rendered":"<p>Halss\u00f8lje til Bardu og M\u00e5lselv i oksidert s\u00f8lv, til bunad<\/p>\n","protected":false},"featured_media":1560,"comment_status":"open","ping_status":"closed","template":"","meta":{"_acf_changed":false},"product_cat":[227],"product_tag":[],"merke":[288],"product_serie":[],"produsent":[],"leverandor":[169],"varetype":[],"geografisk_tilknytning":[{"id":96,"name":"Bardu - M\u00e5lselv","slug":"bardu-malselv"}],"varegruppe":[{"id":29,"name":"S\u00f8lvsmykker","slug":"solvsmykker"}],"butikkrettigheter":[],"class_list":{"0":"post-7379","1":"product","2":"type-product","3":"status-publish","4":"has-post-thumbnail","6":"product_cat-solje","7":"product_brand-sylvsmidja","8":"product_leverandor-sylvsmidja-as","9":"geografisk_tilknytning-bardu-malselv","10":"varegruppe-solvsmykker","12":"first","13":"outofstock","14":"taxable","15":"shipping-taxable","16":"purchasable","17":"product-type-simple"},"acf":[],"product_brand":[{"id":288,"name":"SYLVSMIDJA","slug":"sylvsmidja"}],"product_leverandor":[{"id":169,"name":"Sylvsmidja AS","slug":"sylvsmidja-as"}],"_links":{"self":[{"href":"https:\/\/mestergull.no\/melhus\/wp-json\/wp\/v2\/product\/7379"}],"collection":[{"href":"https:\/\/mestergull.no\/melhus\/wp-json\/wp\/v2\/product"}],"about":[{"href":"https:\/\/mestergull.no\/melhus\/wp-json\/wp\/v2\/types\/product"}],"replies":[{"embeddable":true,"href":"https:\/\/mestergull.no\/melhus\/wp-json\/wp\/v2\/comments?post=7379"}],"wp:featuredmedia":[{"embeddable":true,"href":"https:\/\/mestergull.no\/melhus\/wp-json\/wp\/v2\/media\/1560"}],"wp:attachment":[{"href":"https:\/\/mestergull.no\/melhus\/wp-json\/wp\/v2\/media?parent=7379"}],"wp:term":[{"taxonomy":"product_cat","embeddable":true,"href":"https:\/\/mestergull.no\/melhus\/wp-json\/wp\/v2\/product_cat?post=7379"},{"taxonomy":"product_tag","embeddable":true,"href":"https:\/\/mestergull.no\/melhus\/wp-json\/wp\/v2\/product_tag?post=7379"},{"taxonomy":"product_brand","embeddable":true,"href":"https:\/\/mestergull.no\/melhus\/wp-json\/wp\/v2\/merke?post=7379"},{"taxonomy":"product_serie","embeddable":true,"href":"https:\/\/mestergull.no\/melhus\/wp-json\/wp\/v2\/product_serie?post=7379"},{"taxonomy":"produsent","embeddable":true,"href":"https:\/\/mestergull.no\/melhus\/wp-json\/wp\/v2\/produsent?post=7379"},{"taxonomy":"product_leverandor","embeddable":true,"href":"https:\/\/mestergull.no\/melhus\/wp-json\/wp\/v2\/leverandor?post=7379"},{"taxonomy":"varetype","embeddable":true,"href":"https:\/\/mestergull.no\/melhus\/wp-json\/wp\/v2\/varetype?post=7379"},{"taxonomy":"geografisk_tilknytning","embeddable":true,"href":"https:\/\/mestergull.no\/melhus\/wp-json\/wp\/v2\/geografisk_tilknytning?post=7379"},{"taxonomy":"varegruppe","embeddable":true,"href":"https:\/\/mestergull.no\/melhus\/wp-json\/wp\/v2\/varegruppe?post=7379"},{"taxonomy":"butikkrettigheter","embeddable":true,"href":"https:\/\/mestergull.no\/melhus\/wp-json\/wp\/v2\/butikkrettigheter?post=7379"}],"curies":[{"name":"wp","href":"https:\/\/api.w.org\/{rel}","templated":true}]}}