{"id":7509,"date":"2018-09-05T22:43:36","date_gmt":"2018-09-05T20:43:36","guid":{"rendered":"https:\/\/mestergull.no\/melhus\/produkt\/stork-barneskje\/"},"modified":"2026-03-13T14:22:42","modified_gmt":"2026-03-13T13:22:42","slug":"stork-barneskje","status":"publish","type":"product","link":"https:\/\/mestergull.no\/melhus\/produkt\/stork-barneskje\/","title":{"rendered":"Barneskje S\u00f8lv"},"content":{"rendered":"<ul>\n<li>S\u00f8lv 925S<\/li>\n<li>Lengde: 155 mm<\/li>\n<li>Egnet for gravering<\/li>\n<\/ul>\n","protected":false},"excerpt":{"rendered":"<p>S\u00f8lv barneskje i m\u00f8nsteret Stork, leveres med et vakkert armb\u00e5nd i s\u00f8lv.<\/p>\n","protected":false},"featured_media":3694,"comment_status":"open","ping_status":"closed","template":"","meta":{"_acf_changed":false},"product_cat":[228],"product_tag":[],"merke":[250],"product_serie":[],"produsent":[],"leverandor":[162],"varetype":[],"geografisk_tilknytning":[],"varegruppe":[{"id":28,"name":"S\u00f8lvbestikk","slug":"solvbestikk"}],"butikkrettigheter":[],"class_list":{"0":"post-7509","1":"product","2":"type-product","3":"status-publish","4":"has-post-thumbnail","6":"product_cat-barneskje","7":"product_brand-stork","8":"product_leverandor-arven-as","9":"varegruppe-solvbestikk","11":"first","12":"instock","13":"taxable","14":"shipping-taxable","15":"purchasable","16":"product-type-simple"},"acf":[],"product_brand":[{"id":250,"name":"STORK","slug":"stork"}],"product_leverandor":[{"id":162,"name":"Arven AS","slug":"arven-as"}],"_links":{"self":[{"href":"https:\/\/mestergull.no\/melhus\/wp-json\/wp\/v2\/product\/7509"}],"collection":[{"href":"https:\/\/mestergull.no\/melhus\/wp-json\/wp\/v2\/product"}],"about":[{"href":"https:\/\/mestergull.no\/melhus\/wp-json\/wp\/v2\/types\/product"}],"replies":[{"embeddable":true,"href":"https:\/\/mestergull.no\/melhus\/wp-json\/wp\/v2\/comments?post=7509"}],"wp:featuredmedia":[{"embeddable":true,"href":"https:\/\/mestergull.no\/melhus\/wp-json\/wp\/v2\/media\/3694"}],"wp:attachment":[{"href":"https:\/\/mestergull.no\/melhus\/wp-json\/wp\/v2\/media?parent=7509"}],"wp:term":[{"taxonomy":"product_cat","embeddable":true,"href":"https:\/\/mestergull.no\/melhus\/wp-json\/wp\/v2\/product_cat?post=7509"},{"taxonomy":"product_tag","embeddable":true,"href":"https:\/\/mestergull.no\/melhus\/wp-json\/wp\/v2\/product_tag?post=7509"},{"taxonomy":"product_brand","embeddable":true,"href":"https:\/\/mestergull.no\/melhus\/wp-json\/wp\/v2\/merke?post=7509"},{"taxonomy":"product_serie","embeddable":true,"href":"https:\/\/mestergull.no\/melhus\/wp-json\/wp\/v2\/product_serie?post=7509"},{"taxonomy":"produsent","embeddable":true,"href":"https:\/\/mestergull.no\/melhus\/wp-json\/wp\/v2\/produsent?post=7509"},{"taxonomy":"product_leverandor","embeddable":true,"href":"https:\/\/mestergull.no\/melhus\/wp-json\/wp\/v2\/leverandor?post=7509"},{"taxonomy":"varetype","embeddable":true,"href":"https:\/\/mestergull.no\/melhus\/wp-json\/wp\/v2\/varetype?post=7509"},{"taxonomy":"geografisk_tilknytning","embeddable":true,"href":"https:\/\/mestergull.no\/melhus\/wp-json\/wp\/v2\/geografisk_tilknytning?post=7509"},{"taxonomy":"varegruppe","embeddable":true,"href":"https:\/\/mestergull.no\/melhus\/wp-json\/wp\/v2\/varegruppe?post=7509"},{"taxonomy":"butikkrettigheter","embeddable":true,"href":"https:\/\/mestergull.no\/melhus\/wp-json\/wp\/v2\/butikkrettigheter?post=7509"}],"curies":[{"name":"wp","href":"https:\/\/api.w.org\/{rel}","templated":true}]}}