{"id":7884,"date":"2018-09-06T13:55:32","date_gmt":"2018-09-06T11:55:32","guid":{"rendered":"https:\/\/mestergull.no\/melhus\/produkt\/drape-anheng-solv-gull-stor-oks-6dia\/"},"modified":"2026-02-18T06:00:24","modified_gmt":"2026-02-18T05:00:24","slug":"drape-anheng-solv-gull-stor-oks-6dia","status":"publish","type":"product","link":"https:\/\/mestergull.no\/melhus\/produkt\/drape-anheng-solv-gull-stor-oks-6dia\/","title":{"rendered":"Anheng S\u00f8lv"},"content":{"rendered":"<ul>\n<li>S\u00f8lv 925S<\/li>\n<li>6 dia. 0,12 ct. TWSI<\/li>\n<li>Gult Gull 585<\/li>\n<li>St\u00e5l<\/li>\n<\/ul>\n","protected":false},"excerpt":{"rendered":"<p>Stor dr\u00e5pe anheng i oksidert s\u00f8lv med gult gull b\u00e5nd og dia. 6 x 0,02 carat TWSI. Blir levert med st\u00e5lkjede og gult gull logo. St\u00f8rrelse p\u00e5 anheng 2,2 x 1,6 cm.<\/p>\n","protected":false},"featured_media":8204,"comment_status":"open","ping_status":"closed","template":"","meta":{"_acf_changed":false},"product_cat":[208],"product_tag":[],"merke":[304],"product_serie":[{"id":46,"name":"Dr\u00e5pe","slug":"drape"}],"produsent":[],"leverandor":[172],"varetype":[{"id":971,"name":"Annet","slug":"annet-anheng"}],"geografisk_tilknytning":[],"varegruppe":[{"id":29,"name":"S\u00f8lvsmykker","slug":"solvsmykker"}],"butikkrettigheter":[],"class_list":{"0":"post-7884","1":"product","2":"type-product","3":"status-publish","4":"has-post-thumbnail","6":"product_cat-anheng","7":"product_brand-van-bergen","8":"product_serie-drape","9":"product_leverandor-van-bergen-design-as","10":"varetype-annet-anheng","11":"varegruppe-solvsmykker","13":"first","14":"outofstock","15":"taxable","16":"shipping-taxable","17":"purchasable","18":"product-type-simple"},"acf":[],"product_brand":[{"id":304,"name":"VAN BERGEN","slug":"van-bergen"}],"product_leverandor":[{"id":172,"name":"Van Bergen Design AS","slug":"van-bergen-design-as"}],"_links":{"self":[{"href":"https:\/\/mestergull.no\/melhus\/wp-json\/wp\/v2\/product\/7884"}],"collection":[{"href":"https:\/\/mestergull.no\/melhus\/wp-json\/wp\/v2\/product"}],"about":[{"href":"https:\/\/mestergull.no\/melhus\/wp-json\/wp\/v2\/types\/product"}],"replies":[{"embeddable":true,"href":"https:\/\/mestergull.no\/melhus\/wp-json\/wp\/v2\/comments?post=7884"}],"wp:featuredmedia":[{"embeddable":true,"href":"https:\/\/mestergull.no\/melhus\/wp-json\/wp\/v2\/media\/8204"}],"wp:attachment":[{"href":"https:\/\/mestergull.no\/melhus\/wp-json\/wp\/v2\/media?parent=7884"}],"wp:term":[{"taxonomy":"product_cat","embeddable":true,"href":"https:\/\/mestergull.no\/melhus\/wp-json\/wp\/v2\/product_cat?post=7884"},{"taxonomy":"product_tag","embeddable":true,"href":"https:\/\/mestergull.no\/melhus\/wp-json\/wp\/v2\/product_tag?post=7884"},{"taxonomy":"product_brand","embeddable":true,"href":"https:\/\/mestergull.no\/melhus\/wp-json\/wp\/v2\/merke?post=7884"},{"taxonomy":"product_serie","embeddable":true,"href":"https:\/\/mestergull.no\/melhus\/wp-json\/wp\/v2\/product_serie?post=7884"},{"taxonomy":"produsent","embeddable":true,"href":"https:\/\/mestergull.no\/melhus\/wp-json\/wp\/v2\/produsent?post=7884"},{"taxonomy":"product_leverandor","embeddable":true,"href":"https:\/\/mestergull.no\/melhus\/wp-json\/wp\/v2\/leverandor?post=7884"},{"taxonomy":"varetype","embeddable":true,"href":"https:\/\/mestergull.no\/melhus\/wp-json\/wp\/v2\/varetype?post=7884"},{"taxonomy":"geografisk_tilknytning","embeddable":true,"href":"https:\/\/mestergull.no\/melhus\/wp-json\/wp\/v2\/geografisk_tilknytning?post=7884"},{"taxonomy":"varegruppe","embeddable":true,"href":"https:\/\/mestergull.no\/melhus\/wp-json\/wp\/v2\/varegruppe?post=7884"},{"taxonomy":"butikkrettigheter","embeddable":true,"href":"https:\/\/mestergull.no\/melhus\/wp-json\/wp\/v2\/butikkrettigheter?post=7884"}],"curies":[{"name":"wp","href":"https:\/\/api.w.org\/{rel}","templated":true}]}}