{"id":39825,"date":"2019-08-06T20:52:00","date_gmt":"2019-08-06T18:52:00","guid":{"rendered":"https:\/\/mestergull.no\/meyer\/produkt\/wg-ring-halo-med-sidering-73-dia-tot-130-ct\/"},"modified":"2026-03-18T16:35:46","modified_gmt":"2026-03-18T15:35:46","slug":"wg-ring-halo-med-sidering-73-dia-tot-130-ct","status":"publish","type":"product","link":"https:\/\/mestergull.no\/meyer\/produkt\/wg-ring-halo-med-sidering-73-dia-tot-130-ct\/","title":{"rendered":"Ring Hvitt gull"},"content":{"rendered":"<ul>\n<li>Hvitt gull 585<\/li>\n<li>73 diamanter<\/li>\n<li>Totalt 1,30 ct.<\/li>\n<\/ul>\n","protected":false},"excerpt":{"rendered":"<p>To ringer spesialutviklet for kunde i hvitt gull med totalt 73 diamanter. Totalt 1,30 ct. Senterstenen er p\u00e5 0,50 ct. og brillianter i st\u00f8rrelsen 0,01 ct. og 0,02 ct. er brukt i pav\u00e8ringen<\/p>\n","protected":false},"featured_media":39809,"comment_status":"open","ping_status":"closed","template":"","meta":{"_acf_changed":false},"product_cat":[267],"product_tag":[],"merke":[449],"product_serie":[{"id":77,"name":"Spesialdesign","slug":"shooting-star"}],"produsent":[{"id":196,"name":"Mestergull As","slug":"mestergull-as"}],"leverandor":[166],"varetype":[{"id":848,"name":"Annet","slug":"annet-ringer-smykker-damesmykker"}],"geografisk_tilknytning":[],"varegruppe":[{"id":21,"name":"Diamantsmykker","slug":"diamantsmykker"}],"butikkrettigheter":[],"class_list":{"0":"post-39825","1":"product","2":"type-product","3":"status-publish","4":"has-post-thumbnail","6":"product_cat-ring","7":"product_brand-design-studio","8":"product_serie-shooting-star","9":"produsent-mestergull-as","10":"product_leverandor-mestergull-as","11":"varetype-annet-ringer-smykker-damesmykker","12":"varegruppe-diamantsmykker","14":"first","15":"outofstock","16":"taxable","17":"shipping-taxable","18":"product-type-simple"},"acf":[],"product_brand":[{"id":449,"name":"DESIGN STUDIO","slug":"design-studio"}],"product_leverandor":[{"id":166,"name":"Mestergull AS","slug":"mestergull-as"}],"_links":{"self":[{"href":"https:\/\/mestergull.no\/meyer\/wp-json\/wp\/v2\/product\/39825"}],"collection":[{"href":"https:\/\/mestergull.no\/meyer\/wp-json\/wp\/v2\/product"}],"about":[{"href":"https:\/\/mestergull.no\/meyer\/wp-json\/wp\/v2\/types\/product"}],"replies":[{"embeddable":true,"href":"https:\/\/mestergull.no\/meyer\/wp-json\/wp\/v2\/comments?post=39825"}],"wp:featuredmedia":[{"embeddable":true,"href":"https:\/\/mestergull.no\/meyer\/wp-json\/wp\/v2\/media\/39809"}],"wp:attachment":[{"href":"https:\/\/mestergull.no\/meyer\/wp-json\/wp\/v2\/media?parent=39825"}],"wp:term":[{"taxonomy":"product_cat","embeddable":true,"href":"https:\/\/mestergull.no\/meyer\/wp-json\/wp\/v2\/product_cat?post=39825"},{"taxonomy":"product_tag","embeddable":true,"href":"https:\/\/mestergull.no\/meyer\/wp-json\/wp\/v2\/product_tag?post=39825"},{"taxonomy":"product_brand","embeddable":true,"href":"https:\/\/mestergull.no\/meyer\/wp-json\/wp\/v2\/merke?post=39825"},{"taxonomy":"product_serie","embeddable":true,"href":"https:\/\/mestergull.no\/meyer\/wp-json\/wp\/v2\/product_serie?post=39825"},{"taxonomy":"produsent","embeddable":true,"href":"https:\/\/mestergull.no\/meyer\/wp-json\/wp\/v2\/produsent?post=39825"},{"taxonomy":"product_leverandor","embeddable":true,"href":"https:\/\/mestergull.no\/meyer\/wp-json\/wp\/v2\/leverandor?post=39825"},{"taxonomy":"varetype","embeddable":true,"href":"https:\/\/mestergull.no\/meyer\/wp-json\/wp\/v2\/varetype?post=39825"},{"taxonomy":"geografisk_tilknytning","embeddable":true,"href":"https:\/\/mestergull.no\/meyer\/wp-json\/wp\/v2\/geografisk_tilknytning?post=39825"},{"taxonomy":"varegruppe","embeddable":true,"href":"https:\/\/mestergull.no\/meyer\/wp-json\/wp\/v2\/varegruppe?post=39825"},{"taxonomy":"butikkrettigheter","embeddable":true,"href":"https:\/\/mestergull.no\/meyer\/wp-json\/wp\/v2\/butikkrettigheter?post=39825"}],"curies":[{"name":"wp","href":"https:\/\/api.w.org\/{rel}","templated":true}]}}