{"id":44219,"date":"2020-03-17T20:33:17","date_gmt":"2020-03-17T19:33:17","guid":{"rendered":"https:\/\/mestergull.no\/meyer\/produkt\/yg-anheng-schaferhund\/"},"modified":"2025-12-18T09:30:04","modified_gmt":"2025-12-18T08:30:04","slug":"yg-anheng-schaferhund","status":"publish","type":"product","link":"https:\/\/mestergull.no\/meyer\/produkt\/yg-anheng-schaferhund\/","title":{"rendered":"Anheng Gult gull"},"content":{"rendered":"<ul>\n<li>Gult Gull 585<\/li>\n<li>L: 25 mm<\/li>\n<li>H: 19 mm<\/li>\n<li>Selges med double kjede 45 cm<\/li>\n<\/ul>\n","protected":false},"excerpt":{"rendered":"<p>Sch\u00e4ferhund anheng i gult gull &#8211; Disse Sch\u00e4ferhund smykkene er designet p\u00e5 eget verksted. De blir st\u00f8pt for oss, og ferdigstilles p\u00e5 eget verksted. De kan kj\u00f8pes i v\u00e5r butikk eller i v\u00e5r nettbutikk.<\/p>\n","protected":false},"featured_media":44212,"comment_status":"open","ping_status":"closed","template":"","meta":{"_acf_changed":false},"product_cat":[258],"product_tag":[],"merke":[528],"product_serie":[],"produsent":[],"leverandor":[678],"varetype":[],"geografisk_tilknytning":[],"varegruppe":[{"id":24,"name":"Gullsmykker","slug":"gullsmykker"}],"butikkrettigheter":[],"class_list":{"0":"post-44219","1":"product","2":"type-product","3":"status-publish","4":"has-post-thumbnail","6":"product_cat-anheng","7":"product_brand-eget-merke","8":"product_leverandor-meyers-gull-og-solv","9":"varegruppe-gullsmykker","11":"first","12":"instock","13":"taxable","14":"shipping-taxable","15":"purchasable","16":"product-type-simple"},"acf":[],"product_brand":[{"id":528,"name":"EGET MERKE","slug":"eget-merke"}],"product_leverandor":[{"id":678,"name":"Meyers Gull og S\u00f8lv","slug":"meyers-gull-og-solv"}],"_links":{"self":[{"href":"https:\/\/mestergull.no\/meyer\/wp-json\/wp\/v2\/product\/44219"}],"collection":[{"href":"https:\/\/mestergull.no\/meyer\/wp-json\/wp\/v2\/product"}],"about":[{"href":"https:\/\/mestergull.no\/meyer\/wp-json\/wp\/v2\/types\/product"}],"replies":[{"embeddable":true,"href":"https:\/\/mestergull.no\/meyer\/wp-json\/wp\/v2\/comments?post=44219"}],"wp:featuredmedia":[{"embeddable":true,"href":"https:\/\/mestergull.no\/meyer\/wp-json\/wp\/v2\/media\/44212"}],"wp:attachment":[{"href":"https:\/\/mestergull.no\/meyer\/wp-json\/wp\/v2\/media?parent=44219"}],"wp:term":[{"taxonomy":"product_cat","embeddable":true,"href":"https:\/\/mestergull.no\/meyer\/wp-json\/wp\/v2\/product_cat?post=44219"},{"taxonomy":"product_tag","embeddable":true,"href":"https:\/\/mestergull.no\/meyer\/wp-json\/wp\/v2\/product_tag?post=44219"},{"taxonomy":"product_brand","embeddable":true,"href":"https:\/\/mestergull.no\/meyer\/wp-json\/wp\/v2\/merke?post=44219"},{"taxonomy":"product_serie","embeddable":true,"href":"https:\/\/mestergull.no\/meyer\/wp-json\/wp\/v2\/product_serie?post=44219"},{"taxonomy":"produsent","embeddable":true,"href":"https:\/\/mestergull.no\/meyer\/wp-json\/wp\/v2\/produsent?post=44219"},{"taxonomy":"product_leverandor","embeddable":true,"href":"https:\/\/mestergull.no\/meyer\/wp-json\/wp\/v2\/leverandor?post=44219"},{"taxonomy":"varetype","embeddable":true,"href":"https:\/\/mestergull.no\/meyer\/wp-json\/wp\/v2\/varetype?post=44219"},{"taxonomy":"geografisk_tilknytning","embeddable":true,"href":"https:\/\/mestergull.no\/meyer\/wp-json\/wp\/v2\/geografisk_tilknytning?post=44219"},{"taxonomy":"varegruppe","embeddable":true,"href":"https:\/\/mestergull.no\/meyer\/wp-json\/wp\/v2\/varegruppe?post=44219"},{"taxonomy":"butikkrettigheter","embeddable":true,"href":"https:\/\/mestergull.no\/meyer\/wp-json\/wp\/v2\/butikkrettigheter?post=44219"}],"curies":[{"name":"wp","href":"https:\/\/api.w.org\/{rel}","templated":true}]}}