{"id":44220,"date":"2020-03-17T20:33:22","date_gmt":"2020-03-17T19:33:22","guid":{"rendered":"https:\/\/mestergull.no\/meyer\/produkt\/pin\/"},"modified":"2025-02-25T16:08:52","modified_gmt":"2025-02-25T15:08:52","slug":"pin","status":"publish","type":"product","link":"https:\/\/mestergull.no\/meyer\/produkt\/pin\/","title":{"rendered":"PIN"},"content":{"rendered":"<ul>\n<li>S\u00f8lv 830S<\/li>\n<li>L: 25 mm<\/li>\n<li>H: 19 mm<\/li>\n<li>Selges med fors\u00f8lvet bakdel<\/li>\n<\/ul>\n","protected":false},"excerpt":{"rendered":"<p>Sch\u00e4ferhund pin i s\u00f8lv &#8211; Disse Sch\u00e4ferfund smykkene er designet p\u00e5 eget verksted. De blir st\u00f8pt for oss, og ferdigstilles p\u00e5 eget verksted. De kan kj\u00f8pes i v\u00e5r butikk eller i v\u00e5r nettbutikk.<\/p>\n","protected":false},"featured_media":44215,"comment_status":"open","ping_status":"closed","template":"","meta":{"_acf_changed":false},"product_cat":[265],"product_tag":[],"merke":[528],"product_serie":[],"produsent":[],"leverandor":[678],"varetype":[],"geografisk_tilknytning":[],"varegruppe":[{"id":29,"name":"S\u00f8lvsmykker","slug":"solvsmykker"}],"butikkrettigheter":[],"class_list":{"0":"post-44220","1":"product","2":"type-product","3":"status-publish","4":"has-post-thumbnail","6":"product_cat-nal","7":"product_brand-eget-merke","8":"product_leverandor-meyers-gull-og-solv","9":"varegruppe-solvsmykker","11":"first","12":"instock","13":"taxable","14":"shipping-taxable","15":"purchasable","16":"product-type-simple"},"acf":[],"product_brand":[{"id":528,"name":"EGET MERKE","slug":"eget-merke"}],"product_leverandor":[{"id":678,"name":"Meyers Gull og S\u00f8lv","slug":"meyers-gull-og-solv"}],"_links":{"self":[{"href":"https:\/\/mestergull.no\/meyer\/wp-json\/wp\/v2\/product\/44220"}],"collection":[{"href":"https:\/\/mestergull.no\/meyer\/wp-json\/wp\/v2\/product"}],"about":[{"href":"https:\/\/mestergull.no\/meyer\/wp-json\/wp\/v2\/types\/product"}],"replies":[{"embeddable":true,"href":"https:\/\/mestergull.no\/meyer\/wp-json\/wp\/v2\/comments?post=44220"}],"wp:featuredmedia":[{"embeddable":true,"href":"https:\/\/mestergull.no\/meyer\/wp-json\/wp\/v2\/media\/44215"}],"wp:attachment":[{"href":"https:\/\/mestergull.no\/meyer\/wp-json\/wp\/v2\/media?parent=44220"}],"wp:term":[{"taxonomy":"product_cat","embeddable":true,"href":"https:\/\/mestergull.no\/meyer\/wp-json\/wp\/v2\/product_cat?post=44220"},{"taxonomy":"product_tag","embeddable":true,"href":"https:\/\/mestergull.no\/meyer\/wp-json\/wp\/v2\/product_tag?post=44220"},{"taxonomy":"product_brand","embeddable":true,"href":"https:\/\/mestergull.no\/meyer\/wp-json\/wp\/v2\/merke?post=44220"},{"taxonomy":"product_serie","embeddable":true,"href":"https:\/\/mestergull.no\/meyer\/wp-json\/wp\/v2\/product_serie?post=44220"},{"taxonomy":"produsent","embeddable":true,"href":"https:\/\/mestergull.no\/meyer\/wp-json\/wp\/v2\/produsent?post=44220"},{"taxonomy":"product_leverandor","embeddable":true,"href":"https:\/\/mestergull.no\/meyer\/wp-json\/wp\/v2\/leverandor?post=44220"},{"taxonomy":"varetype","embeddable":true,"href":"https:\/\/mestergull.no\/meyer\/wp-json\/wp\/v2\/varetype?post=44220"},{"taxonomy":"geografisk_tilknytning","embeddable":true,"href":"https:\/\/mestergull.no\/meyer\/wp-json\/wp\/v2\/geografisk_tilknytning?post=44220"},{"taxonomy":"varegruppe","embeddable":true,"href":"https:\/\/mestergull.no\/meyer\/wp-json\/wp\/v2\/varegruppe?post=44220"},{"taxonomy":"butikkrettigheter","embeddable":true,"href":"https:\/\/mestergull.no\/meyer\/wp-json\/wp\/v2\/butikkrettigheter?post=44220"}],"curies":[{"name":"wp","href":"https:\/\/api.w.org\/{rel}","templated":true}]}}