{"id":46502,"date":"2020-07-01T03:35:42","date_gmt":"2020-07-01T01:35:42","guid":{"rendered":"https:\/\/mestergull.no\/meyer\/produkt\/drage-fiskegaffel-med-solvtinner\/"},"modified":"2026-01-30T07:46:00","modified_gmt":"2026-01-30T06:46:00","slug":"drage-fiskegaffel-med-solvtinner","status":"publish","type":"product","link":"https:\/\/mestergull.no\/meyer\/produkt\/drage-fiskegaffel-med-solvtinner\/","title":{"rendered":"Drage, Fiskegaffel Med S\u00f8lvtinner"},"content":{"rendered":"<ul>\n<li>S\u00f8lv 830S<\/li>\n<li>Lengde: 193 mm<\/li>\n<\/ul>\n","protected":false},"excerpt":{"rendered":"<p>S\u00f8lv fiskegaffel med S\u00f8lvtinner i m\u00f8nsteret Drage<\/p>\n","protected":false},"featured_media":45557,"comment_status":"open","ping_status":"closed","template":"","meta":{"_acf_changed":false},"product_cat":[603],"product_tag":[],"merke":[583],"product_serie":[{"id":552,"name":"Servering","slug":"servering"}],"produsent":[],"leverandor":[171],"varetype":[],"geografisk_tilknytning":[],"varegruppe":[{"id":28,"name":"S\u00f8lvbestikk","slug":"solvbestikk"}],"butikkrettigheter":[],"class_list":{"0":"post-46502","1":"product","2":"type-product","3":"status-publish","4":"has-post-thumbnail","6":"product_cat-gaffel","7":"product_brand-drageslv","8":"product_serie-servering","9":"product_leverandor-th-marthinsen-solvvarefabrikk","10":"varegruppe-solvbestikk","12":"first","13":"outofstock","14":"taxable","15":"shipping-taxable","16":"purchasable","17":"product-type-simple"},"acf":[],"product_brand":[{"id":583,"name":"DRAGES\u00d8LV","slug":"drageslv"}],"product_leverandor":[{"id":171,"name":"Th. Marthinsen S\u00f8lvvarefabrikk","slug":"th-marthinsen-solvvarefabrikk"}],"_links":{"self":[{"href":"https:\/\/mestergull.no\/meyer\/wp-json\/wp\/v2\/product\/46502"}],"collection":[{"href":"https:\/\/mestergull.no\/meyer\/wp-json\/wp\/v2\/product"}],"about":[{"href":"https:\/\/mestergull.no\/meyer\/wp-json\/wp\/v2\/types\/product"}],"replies":[{"embeddable":true,"href":"https:\/\/mestergull.no\/meyer\/wp-json\/wp\/v2\/comments?post=46502"}],"wp:featuredmedia":[{"embeddable":true,"href":"https:\/\/mestergull.no\/meyer\/wp-json\/wp\/v2\/media\/45557"}],"wp:attachment":[{"href":"https:\/\/mestergull.no\/meyer\/wp-json\/wp\/v2\/media?parent=46502"}],"wp:term":[{"taxonomy":"product_cat","embeddable":true,"href":"https:\/\/mestergull.no\/meyer\/wp-json\/wp\/v2\/product_cat?post=46502"},{"taxonomy":"product_tag","embeddable":true,"href":"https:\/\/mestergull.no\/meyer\/wp-json\/wp\/v2\/product_tag?post=46502"},{"taxonomy":"product_brand","embeddable":true,"href":"https:\/\/mestergull.no\/meyer\/wp-json\/wp\/v2\/merke?post=46502"},{"taxonomy":"product_serie","embeddable":true,"href":"https:\/\/mestergull.no\/meyer\/wp-json\/wp\/v2\/product_serie?post=46502"},{"taxonomy":"produsent","embeddable":true,"href":"https:\/\/mestergull.no\/meyer\/wp-json\/wp\/v2\/produsent?post=46502"},{"taxonomy":"product_leverandor","embeddable":true,"href":"https:\/\/mestergull.no\/meyer\/wp-json\/wp\/v2\/leverandor?post=46502"},{"taxonomy":"varetype","embeddable":true,"href":"https:\/\/mestergull.no\/meyer\/wp-json\/wp\/v2\/varetype?post=46502"},{"taxonomy":"geografisk_tilknytning","embeddable":true,"href":"https:\/\/mestergull.no\/meyer\/wp-json\/wp\/v2\/geografisk_tilknytning?post=46502"},{"taxonomy":"varegruppe","embeddable":true,"href":"https:\/\/mestergull.no\/meyer\/wp-json\/wp\/v2\/varegruppe?post=46502"},{"taxonomy":"butikkrettigheter","embeddable":true,"href":"https:\/\/mestergull.no\/meyer\/wp-json\/wp\/v2\/butikkrettigheter?post=46502"}],"curies":[{"name":"wp","href":"https:\/\/api.w.org\/{rel}","templated":true}]}}