{"id":46587,"date":"2020-07-01T03:45:30","date_gmt":"2020-07-01T01:45:30","guid":{"rendered":"https:\/\/mestergull.no\/meyer\/produkt\/anitra-forskjrsgaffel\/"},"modified":"2025-06-11T07:13:43","modified_gmt":"2025-06-11T05:13:43","slug":"anitra-forskjrsgaffel","status":"publish","type":"product","link":"https:\/\/mestergull.no\/meyer\/produkt\/anitra-forskjrsgaffel\/","title":{"rendered":"Anitra, Forskj\u00e6rsgaffel"},"content":{"rendered":"<ul>\n<li>S\u00f8lv 830S<\/li>\n<li>Lengde: 235 mm<\/li>\n<\/ul>\n","protected":false},"excerpt":{"rendered":"<p>S\u00f8lv forskj\u00e6rsgaffel i m\u00f8nsteret Anitra<\/p>\n","protected":false},"featured_media":46056,"comment_status":"open","ping_status":"closed","template":"","meta":{"_acf_changed":false},"product_cat":[603],"product_tag":[],"merke":[582],"product_serie":[{"id":552,"name":"Servering","slug":"servering"}],"produsent":[],"leverandor":[162],"varetype":[],"geografisk_tilknytning":[],"varegruppe":[{"id":28,"name":"S\u00f8lvbestikk","slug":"solvbestikk"}],"butikkrettigheter":[],"class_list":{"0":"post-46587","1":"product","2":"type-product","3":"status-publish","4":"has-post-thumbnail","6":"product_cat-gaffel","7":"product_brand-anitra","8":"product_serie-servering","9":"product_leverandor-arven-as","10":"varegruppe-solvbestikk","12":"first","13":"outofstock","14":"taxable","15":"shipping-taxable","16":"purchasable","17":"product-type-simple"},"acf":[],"product_brand":[{"id":582,"name":"ANITRA","slug":"anitra"}],"product_leverandor":[{"id":162,"name":"Arven AS","slug":"arven-as"}],"_links":{"self":[{"href":"https:\/\/mestergull.no\/meyer\/wp-json\/wp\/v2\/product\/46587"}],"collection":[{"href":"https:\/\/mestergull.no\/meyer\/wp-json\/wp\/v2\/product"}],"about":[{"href":"https:\/\/mestergull.no\/meyer\/wp-json\/wp\/v2\/types\/product"}],"replies":[{"embeddable":true,"href":"https:\/\/mestergull.no\/meyer\/wp-json\/wp\/v2\/comments?post=46587"}],"wp:featuredmedia":[{"embeddable":true,"href":"https:\/\/mestergull.no\/meyer\/wp-json\/wp\/v2\/media\/46056"}],"wp:attachment":[{"href":"https:\/\/mestergull.no\/meyer\/wp-json\/wp\/v2\/media?parent=46587"}],"wp:term":[{"taxonomy":"product_cat","embeddable":true,"href":"https:\/\/mestergull.no\/meyer\/wp-json\/wp\/v2\/product_cat?post=46587"},{"taxonomy":"product_tag","embeddable":true,"href":"https:\/\/mestergull.no\/meyer\/wp-json\/wp\/v2\/product_tag?post=46587"},{"taxonomy":"product_brand","embeddable":true,"href":"https:\/\/mestergull.no\/meyer\/wp-json\/wp\/v2\/merke?post=46587"},{"taxonomy":"product_serie","embeddable":true,"href":"https:\/\/mestergull.no\/meyer\/wp-json\/wp\/v2\/product_serie?post=46587"},{"taxonomy":"produsent","embeddable":true,"href":"https:\/\/mestergull.no\/meyer\/wp-json\/wp\/v2\/produsent?post=46587"},{"taxonomy":"product_leverandor","embeddable":true,"href":"https:\/\/mestergull.no\/meyer\/wp-json\/wp\/v2\/leverandor?post=46587"},{"taxonomy":"varetype","embeddable":true,"href":"https:\/\/mestergull.no\/meyer\/wp-json\/wp\/v2\/varetype?post=46587"},{"taxonomy":"geografisk_tilknytning","embeddable":true,"href":"https:\/\/mestergull.no\/meyer\/wp-json\/wp\/v2\/geografisk_tilknytning?post=46587"},{"taxonomy":"varegruppe","embeddable":true,"href":"https:\/\/mestergull.no\/meyer\/wp-json\/wp\/v2\/varegruppe?post=46587"},{"taxonomy":"butikkrettigheter","embeddable":true,"href":"https:\/\/mestergull.no\/meyer\/wp-json\/wp\/v2\/butikkrettigheter?post=46587"}],"curies":[{"name":"wp","href":"https:\/\/api.w.org\/{rel}","templated":true}]}}