{"id":47031,"date":"2020-07-01T04:36:33","date_gmt":"2020-07-01T02:36:33","guid":{"rendered":"https:\/\/mestergull.no\/meyer\/produkt\/mne-biffkniv\/"},"modified":"2026-01-19T06:20:40","modified_gmt":"2026-01-19T05:20:40","slug":"mne-biffkniv","status":"publish","type":"product","link":"https:\/\/mestergull.no\/meyer\/produkt\/mne-biffkniv\/","title":{"rendered":"M\u00e5ne, Biffkniv"},"content":{"rendered":"<ul>\n<li>S\u00f8lv 830S<\/li>\n<li>Lengde: 210 mm<\/li>\n<\/ul>\n","protected":false},"excerpt":{"rendered":"<p>S\u00f8lv biffkniv i m\u00f8nsteret M\u00e5ne<\/p>\n","protected":false},"featured_media":45895,"comment_status":"open","ping_status":"closed","template":"","meta":{"_acf_changed":false},"product_cat":[605],"product_tag":[],"merke":[597],"product_serie":[{"id":554,"name":"Spise, stor","slug":"spise-stor"}],"produsent":[],"leverandor":[162],"varetype":[],"geografisk_tilknytning":[],"varegruppe":[{"id":28,"name":"S\u00f8lvbestikk","slug":"solvbestikk"}],"butikkrettigheter":[],"class_list":{"0":"post-47031","1":"product","2":"type-product","3":"status-publish","4":"has-post-thumbnail","6":"product_cat-kniv","7":"product_brand-mne","8":"product_serie-spise-stor","9":"product_leverandor-arven-as","10":"varegruppe-solvbestikk","12":"first","13":"outofstock","14":"taxable","15":"shipping-taxable","16":"purchasable","17":"product-type-simple"},"acf":[],"product_brand":[{"id":597,"name":"M\u00c5NE","slug":"mne"}],"product_leverandor":[{"id":162,"name":"Arven AS","slug":"arven-as"}],"_links":{"self":[{"href":"https:\/\/mestergull.no\/meyer\/wp-json\/wp\/v2\/product\/47031"}],"collection":[{"href":"https:\/\/mestergull.no\/meyer\/wp-json\/wp\/v2\/product"}],"about":[{"href":"https:\/\/mestergull.no\/meyer\/wp-json\/wp\/v2\/types\/product"}],"replies":[{"embeddable":true,"href":"https:\/\/mestergull.no\/meyer\/wp-json\/wp\/v2\/comments?post=47031"}],"wp:featuredmedia":[{"embeddable":true,"href":"https:\/\/mestergull.no\/meyer\/wp-json\/wp\/v2\/media\/45895"}],"wp:attachment":[{"href":"https:\/\/mestergull.no\/meyer\/wp-json\/wp\/v2\/media?parent=47031"}],"wp:term":[{"taxonomy":"product_cat","embeddable":true,"href":"https:\/\/mestergull.no\/meyer\/wp-json\/wp\/v2\/product_cat?post=47031"},{"taxonomy":"product_tag","embeddable":true,"href":"https:\/\/mestergull.no\/meyer\/wp-json\/wp\/v2\/product_tag?post=47031"},{"taxonomy":"product_brand","embeddable":true,"href":"https:\/\/mestergull.no\/meyer\/wp-json\/wp\/v2\/merke?post=47031"},{"taxonomy":"product_serie","embeddable":true,"href":"https:\/\/mestergull.no\/meyer\/wp-json\/wp\/v2\/product_serie?post=47031"},{"taxonomy":"produsent","embeddable":true,"href":"https:\/\/mestergull.no\/meyer\/wp-json\/wp\/v2\/produsent?post=47031"},{"taxonomy":"product_leverandor","embeddable":true,"href":"https:\/\/mestergull.no\/meyer\/wp-json\/wp\/v2\/leverandor?post=47031"},{"taxonomy":"varetype","embeddable":true,"href":"https:\/\/mestergull.no\/meyer\/wp-json\/wp\/v2\/varetype?post=47031"},{"taxonomy":"geografisk_tilknytning","embeddable":true,"href":"https:\/\/mestergull.no\/meyer\/wp-json\/wp\/v2\/geografisk_tilknytning?post=47031"},{"taxonomy":"varegruppe","embeddable":true,"href":"https:\/\/mestergull.no\/meyer\/wp-json\/wp\/v2\/varegruppe?post=47031"},{"taxonomy":"butikkrettigheter","embeddable":true,"href":"https:\/\/mestergull.no\/meyer\/wp-json\/wp\/v2\/butikkrettigheter?post=47031"}],"curies":[{"name":"wp","href":"https:\/\/api.w.org\/{rel}","templated":true}]}}