{"id":58815,"date":"2024-07-01T17:20:33","date_gmt":"2024-07-01T15:20:33","guid":{"rendered":"https:\/\/mestergull.no\/meyer\/produkt\/sgp-ankellenke-224-cm-4\/"},"modified":"2026-04-21T10:24:27","modified_gmt":"2026-04-21T08:24:27","slug":"sgp-ankellenke-224-cm-4","status":"publish","type":"product","link":"https:\/\/mestergull.no\/meyer\/produkt\/sgp-ankellenke-224-cm-4\/","title":{"rendered":"Ankellenke S\u00f8lv"},"content":{"rendered":"<ul>\n<li>S\u00f8lv 925S<\/li>\n<li>Dekor 7,4 x 7,4 mm<\/li>\n<li>22+4 cm<\/li>\n<\/ul>\n","protected":false},"excerpt":{"rendered":"<p>S\u00f8t ankellenke i forgylt s\u00f8lv med firkl\u00f8ver<\/p>\n","protected":false},"featured_media":58796,"comment_status":"open","ping_status":"closed","template":"","meta":{"_acf_changed":false},"product_cat":[259],"product_tag":[],"merke":[214],"product_serie":[],"produsent":[{"id":183,"name":"Daverivicenza S.R.L","slug":"daverivicenza-s-r-l"}],"leverandor":[166],"varetype":[{"id":849,"name":"Ankelkjede","slug":"ankelkjede"}],"geografisk_tilknytning":[],"varegruppe":[{"id":29,"name":"S\u00f8lvsmykker","slug":"solvsmykker"}],"butikkrettigheter":[],"class_list":{"0":"post-58815","1":"product","2":"type-product","3":"status-publish","4":"has-post-thumbnail","6":"product_cat-ankellenke","7":"product_brand-mestergull","8":"produsent-daverivicenza-s-r-l","9":"product_leverandor-mestergull-as","10":"varetype-ankelkjede","11":"varegruppe-solvsmykker","13":"first","14":"instock","15":"taxable","16":"shipping-taxable","17":"purchasable","18":"product-type-simple"},"acf":[],"product_brand":[{"id":214,"name":"MESTERGULL","slug":"mestergull"}],"product_leverandor":[{"id":166,"name":"Mestergull AS","slug":"mestergull-as"}],"_links":{"self":[{"href":"https:\/\/mestergull.no\/meyer\/wp-json\/wp\/v2\/product\/58815"}],"collection":[{"href":"https:\/\/mestergull.no\/meyer\/wp-json\/wp\/v2\/product"}],"about":[{"href":"https:\/\/mestergull.no\/meyer\/wp-json\/wp\/v2\/types\/product"}],"replies":[{"embeddable":true,"href":"https:\/\/mestergull.no\/meyer\/wp-json\/wp\/v2\/comments?post=58815"}],"wp:featuredmedia":[{"embeddable":true,"href":"https:\/\/mestergull.no\/meyer\/wp-json\/wp\/v2\/media\/58796"}],"wp:attachment":[{"href":"https:\/\/mestergull.no\/meyer\/wp-json\/wp\/v2\/media?parent=58815"}],"wp:term":[{"taxonomy":"product_cat","embeddable":true,"href":"https:\/\/mestergull.no\/meyer\/wp-json\/wp\/v2\/product_cat?post=58815"},{"taxonomy":"product_tag","embeddable":true,"href":"https:\/\/mestergull.no\/meyer\/wp-json\/wp\/v2\/product_tag?post=58815"},{"taxonomy":"product_brand","embeddable":true,"href":"https:\/\/mestergull.no\/meyer\/wp-json\/wp\/v2\/merke?post=58815"},{"taxonomy":"product_serie","embeddable":true,"href":"https:\/\/mestergull.no\/meyer\/wp-json\/wp\/v2\/product_serie?post=58815"},{"taxonomy":"produsent","embeddable":true,"href":"https:\/\/mestergull.no\/meyer\/wp-json\/wp\/v2\/produsent?post=58815"},{"taxonomy":"product_leverandor","embeddable":true,"href":"https:\/\/mestergull.no\/meyer\/wp-json\/wp\/v2\/leverandor?post=58815"},{"taxonomy":"varetype","embeddable":true,"href":"https:\/\/mestergull.no\/meyer\/wp-json\/wp\/v2\/varetype?post=58815"},{"taxonomy":"geografisk_tilknytning","embeddable":true,"href":"https:\/\/mestergull.no\/meyer\/wp-json\/wp\/v2\/geografisk_tilknytning?post=58815"},{"taxonomy":"varegruppe","embeddable":true,"href":"https:\/\/mestergull.no\/meyer\/wp-json\/wp\/v2\/varegruppe?post=58815"},{"taxonomy":"butikkrettigheter","embeddable":true,"href":"https:\/\/mestergull.no\/meyer\/wp-json\/wp\/v2\/butikkrettigheter?post=58815"}],"curies":[{"name":"wp","href":"https:\/\/api.w.org\/{rel}","templated":true}]}}