{"id":59342,"date":"2024-10-08T01:27:17","date_gmt":"2024-10-07T23:27:17","guid":{"rendered":"https:\/\/mestergull.no\/meyer\/produkt\/srh-anheng-cz-inkl-kjede-38-cm-2\/"},"modified":"2026-04-09T13:21:41","modified_gmt":"2026-04-09T11:21:41","slug":"srh-anheng-cz-inkl-kjede-38-cm-2","status":"publish","type":"product","link":"https:\/\/mestergull.no\/meyer\/produkt\/srh-anheng-cz-inkl-kjede-38-cm-2\/","title":{"rendered":"Anheng S\u00f8lv"},"content":{"rendered":"<ul>\n<li>S\u00f8lv 925S<\/li>\n<li>Cubic zirkonia<\/li>\n<li>9,5 x 9,5 mm<\/li>\n<li>Inkl kjede 38 cm<\/li>\n<\/ul>\n","protected":false},"excerpt":{"rendered":"<p>S\u00f8tt hjerteanheng i rhodinert s\u00f8lv med lilla og bl\u00e5 cubic zirkonia<\/p>\n","protected":false},"featured_media":58852,"comment_status":"open","ping_status":"closed","template":"","meta":{"_acf_changed":false},"product_cat":[258],"product_tag":[],"merke":[224],"product_serie":[],"produsent":[{"id":207,"name":"Sjr Gmbh","slug":"sjr-gmbh"}],"leverandor":[166],"varetype":[{"id":820,"name":"Annet","slug":"annet-anheng-smykker-damesmykker"}],"geografisk_tilknytning":[],"varegruppe":[{"id":29,"name":"S\u00f8lvsmykker","slug":"solvsmykker"}],"butikkrettigheter":[],"class_list":{"0":"post-59342","1":"product","2":"type-product","3":"status-publish","4":"has-post-thumbnail","6":"product_cat-anheng","7":"product_brand-mg-basic","8":"produsent-sjr-gmbh","9":"product_leverandor-mestergull-as","10":"varetype-annet-anheng-smykker-damesmykker","11":"varegruppe-solvsmykker","13":"first","14":"instock","15":"taxable","16":"shipping-taxable","17":"purchasable","18":"product-type-simple"},"acf":[],"product_brand":[{"id":224,"name":"MG BASIC","slug":"mg-basic"}],"product_leverandor":[{"id":166,"name":"Mestergull AS","slug":"mestergull-as"}],"_links":{"self":[{"href":"https:\/\/mestergull.no\/meyer\/wp-json\/wp\/v2\/product\/59342"}],"collection":[{"href":"https:\/\/mestergull.no\/meyer\/wp-json\/wp\/v2\/product"}],"about":[{"href":"https:\/\/mestergull.no\/meyer\/wp-json\/wp\/v2\/types\/product"}],"replies":[{"embeddable":true,"href":"https:\/\/mestergull.no\/meyer\/wp-json\/wp\/v2\/comments?post=59342"}],"wp:featuredmedia":[{"embeddable":true,"href":"https:\/\/mestergull.no\/meyer\/wp-json\/wp\/v2\/media\/58852"}],"wp:attachment":[{"href":"https:\/\/mestergull.no\/meyer\/wp-json\/wp\/v2\/media?parent=59342"}],"wp:term":[{"taxonomy":"product_cat","embeddable":true,"href":"https:\/\/mestergull.no\/meyer\/wp-json\/wp\/v2\/product_cat?post=59342"},{"taxonomy":"product_tag","embeddable":true,"href":"https:\/\/mestergull.no\/meyer\/wp-json\/wp\/v2\/product_tag?post=59342"},{"taxonomy":"product_brand","embeddable":true,"href":"https:\/\/mestergull.no\/meyer\/wp-json\/wp\/v2\/merke?post=59342"},{"taxonomy":"product_serie","embeddable":true,"href":"https:\/\/mestergull.no\/meyer\/wp-json\/wp\/v2\/product_serie?post=59342"},{"taxonomy":"produsent","embeddable":true,"href":"https:\/\/mestergull.no\/meyer\/wp-json\/wp\/v2\/produsent?post=59342"},{"taxonomy":"product_leverandor","embeddable":true,"href":"https:\/\/mestergull.no\/meyer\/wp-json\/wp\/v2\/leverandor?post=59342"},{"taxonomy":"varetype","embeddable":true,"href":"https:\/\/mestergull.no\/meyer\/wp-json\/wp\/v2\/varetype?post=59342"},{"taxonomy":"geografisk_tilknytning","embeddable":true,"href":"https:\/\/mestergull.no\/meyer\/wp-json\/wp\/v2\/geografisk_tilknytning?post=59342"},{"taxonomy":"varegruppe","embeddable":true,"href":"https:\/\/mestergull.no\/meyer\/wp-json\/wp\/v2\/varegruppe?post=59342"},{"taxonomy":"butikkrettigheter","embeddable":true,"href":"https:\/\/mestergull.no\/meyer\/wp-json\/wp\/v2\/butikkrettigheter?post=59342"}],"curies":[{"name":"wp","href":"https:\/\/api.w.org\/{rel}","templated":true}]}}