{"id":6649,"date":"2018-09-05T10:16:47","date_gmt":"2018-09-05T08:16:47","guid":{"rendered":"https:\/\/mestergull.no\/meyer\/produkt\/ringhjerte-morkbla\/"},"modified":"2026-01-03T07:21:29","modified_gmt":"2026-01-03T06:21:29","slug":"ringhjerte-morkbla","status":"publish","type":"product","link":"https:\/\/mestergull.no\/meyer\/produkt\/ringhjerte-morkbla\/","title":{"rendered":"Ring S\u00f8lv"},"content":{"rendered":"<ul>\n<li>S\u00f8lv 925S<\/li>\n<li>Kongebl\u00e5 glassemalje<\/li>\n<li>38 &#8211; 50, regulerbar<\/li>\n<\/ul>\n","protected":false},"excerpt":{"rendered":"<p>De myke linjene og det fine m\u00f8nsteret i emaljen gj\u00f8r denne hjerteringen til et vakkert smykke p\u00e5 sm\u00e5 barnehender. Ringskinnen er regulerbar. En glimrende gave til d\u00e5p, navnefest eller bursdag.<\/p>\n","protected":false},"featured_media":52411,"comment_status":"open","ping_status":"closed","template":"","meta":{"_acf_changed":false},"product_cat":[267],"product_tag":[],"merke":[208],"product_serie":[],"produsent":[],"leverandor":[165],"varetype":[],"geografisk_tilknytning":[],"varegruppe":[{"id":29,"name":"S\u00f8lvsmykker","slug":"solvsmykker"}],"butikkrettigheter":[],"class_list":{"0":"post-6649","1":"product","2":"type-product","3":"status-publish","4":"has-post-thumbnail","6":"product_cat-ring","7":"product_brand-pia-per","8":"product_leverandor-gullsmed-arne-nordlie-as","9":"varegruppe-solvsmykker","11":"first","12":"outofstock","13":"taxable","14":"shipping-taxable","15":"purchasable","16":"product-type-simple"},"acf":[],"product_brand":[{"id":208,"name":"PIA &amp; PER","slug":"pia-per"}],"product_leverandor":[{"id":165,"name":"Gullsmed Arne Nordlie AS","slug":"gullsmed-arne-nordlie-as"}],"_links":{"self":[{"href":"https:\/\/mestergull.no\/meyer\/wp-json\/wp\/v2\/product\/6649"}],"collection":[{"href":"https:\/\/mestergull.no\/meyer\/wp-json\/wp\/v2\/product"}],"about":[{"href":"https:\/\/mestergull.no\/meyer\/wp-json\/wp\/v2\/types\/product"}],"replies":[{"embeddable":true,"href":"https:\/\/mestergull.no\/meyer\/wp-json\/wp\/v2\/comments?post=6649"}],"wp:featuredmedia":[{"embeddable":true,"href":"https:\/\/mestergull.no\/meyer\/wp-json\/wp\/v2\/media\/52411"}],"wp:attachment":[{"href":"https:\/\/mestergull.no\/meyer\/wp-json\/wp\/v2\/media?parent=6649"}],"wp:term":[{"taxonomy":"product_cat","embeddable":true,"href":"https:\/\/mestergull.no\/meyer\/wp-json\/wp\/v2\/product_cat?post=6649"},{"taxonomy":"product_tag","embeddable":true,"href":"https:\/\/mestergull.no\/meyer\/wp-json\/wp\/v2\/product_tag?post=6649"},{"taxonomy":"product_brand","embeddable":true,"href":"https:\/\/mestergull.no\/meyer\/wp-json\/wp\/v2\/merke?post=6649"},{"taxonomy":"product_serie","embeddable":true,"href":"https:\/\/mestergull.no\/meyer\/wp-json\/wp\/v2\/product_serie?post=6649"},{"taxonomy":"produsent","embeddable":true,"href":"https:\/\/mestergull.no\/meyer\/wp-json\/wp\/v2\/produsent?post=6649"},{"taxonomy":"product_leverandor","embeddable":true,"href":"https:\/\/mestergull.no\/meyer\/wp-json\/wp\/v2\/leverandor?post=6649"},{"taxonomy":"varetype","embeddable":true,"href":"https:\/\/mestergull.no\/meyer\/wp-json\/wp\/v2\/varetype?post=6649"},{"taxonomy":"geografisk_tilknytning","embeddable":true,"href":"https:\/\/mestergull.no\/meyer\/wp-json\/wp\/v2\/geografisk_tilknytning?post=6649"},{"taxonomy":"varegruppe","embeddable":true,"href":"https:\/\/mestergull.no\/meyer\/wp-json\/wp\/v2\/varegruppe?post=6649"},{"taxonomy":"butikkrettigheter","embeddable":true,"href":"https:\/\/mestergull.no\/meyer\/wp-json\/wp\/v2\/butikkrettigheter?post=6649"}],"curies":[{"name":"wp","href":"https:\/\/api.w.org\/{rel}","templated":true}]}}