{"id":7460,"date":"2018-09-05T10:35:49","date_gmt":"2018-09-05T08:35:49","guid":{"rendered":"https:\/\/mestergull.no\/meyer\/produkt\/ro-ro-kniv-pike-9107\/"},"modified":"2026-04-15T16:37:48","modified_gmt":"2026-04-15T14:37:48","slug":"ro-ro-kniv-pike-9107","status":"publish","type":"product","link":"https:\/\/mestergull.no\/meyer\/produkt\/ro-ro-kniv-pike-9107\/","title":{"rendered":"Barnekniv S\u00f8lv"},"content":{"rendered":"<ul>\n<li>S\u00f8lv 925S<\/li>\n<li>Lengde: 165 mm<\/li>\n<li>Egnet for gravering<\/li>\n<\/ul>\n","protected":false},"excerpt":{"rendered":"<p>S\u00f8lv barnekniv i m\u00f8nsteret Ro Ro Til Fiskeskj\u00e6r<\/p>\n","protected":false},"featured_media":1400,"comment_status":"open","ping_status":"closed","template":"","meta":{"_acf_changed":false},"product_cat":[279],"product_tag":[],"merke":[558],"product_serie":[],"produsent":[],"leverandor":[163],"varetype":[],"geografisk_tilknytning":[],"varegruppe":[{"id":28,"name":"S\u00f8lvbestikk","slug":"solvbestikk"}],"butikkrettigheter":[],"class_list":{"0":"post-7460","1":"product","2":"type-product","3":"status-publish","4":"has-post-thumbnail","6":"product_cat-barnekniv","7":"product_brand-ro-ro-til-fiskeskjaer-pike","8":"product_leverandor-eik-solv-plett-as","9":"varegruppe-solvbestikk","11":"first","12":"instock","13":"taxable","14":"shipping-taxable","15":"purchasable","16":"product-type-simple"},"acf":[],"product_brand":[{"id":558,"name":"RO RO TIL FISKESKJ\u00c6R PIKE","slug":"ro-ro-til-fiskeskjaer-pike"}],"product_leverandor":[{"id":163,"name":"Eik S\u00f8lv-Plett AS","slug":"eik-solv-plett-as"}],"_links":{"self":[{"href":"https:\/\/mestergull.no\/meyer\/wp-json\/wp\/v2\/product\/7460"}],"collection":[{"href":"https:\/\/mestergull.no\/meyer\/wp-json\/wp\/v2\/product"}],"about":[{"href":"https:\/\/mestergull.no\/meyer\/wp-json\/wp\/v2\/types\/product"}],"replies":[{"embeddable":true,"href":"https:\/\/mestergull.no\/meyer\/wp-json\/wp\/v2\/comments?post=7460"}],"wp:featuredmedia":[{"embeddable":true,"href":"https:\/\/mestergull.no\/meyer\/wp-json\/wp\/v2\/media\/1400"}],"wp:attachment":[{"href":"https:\/\/mestergull.no\/meyer\/wp-json\/wp\/v2\/media?parent=7460"}],"wp:term":[{"taxonomy":"product_cat","embeddable":true,"href":"https:\/\/mestergull.no\/meyer\/wp-json\/wp\/v2\/product_cat?post=7460"},{"taxonomy":"product_tag","embeddable":true,"href":"https:\/\/mestergull.no\/meyer\/wp-json\/wp\/v2\/product_tag?post=7460"},{"taxonomy":"product_brand","embeddable":true,"href":"https:\/\/mestergull.no\/meyer\/wp-json\/wp\/v2\/merke?post=7460"},{"taxonomy":"product_serie","embeddable":true,"href":"https:\/\/mestergull.no\/meyer\/wp-json\/wp\/v2\/product_serie?post=7460"},{"taxonomy":"produsent","embeddable":true,"href":"https:\/\/mestergull.no\/meyer\/wp-json\/wp\/v2\/produsent?post=7460"},{"taxonomy":"product_leverandor","embeddable":true,"href":"https:\/\/mestergull.no\/meyer\/wp-json\/wp\/v2\/leverandor?post=7460"},{"taxonomy":"varetype","embeddable":true,"href":"https:\/\/mestergull.no\/meyer\/wp-json\/wp\/v2\/varetype?post=7460"},{"taxonomy":"geografisk_tilknytning","embeddable":true,"href":"https:\/\/mestergull.no\/meyer\/wp-json\/wp\/v2\/geografisk_tilknytning?post=7460"},{"taxonomy":"varegruppe","embeddable":true,"href":"https:\/\/mestergull.no\/meyer\/wp-json\/wp\/v2\/varegruppe?post=7460"},{"taxonomy":"butikkrettigheter","embeddable":true,"href":"https:\/\/mestergull.no\/meyer\/wp-json\/wp\/v2\/butikkrettigheter?post=7460"}],"curies":[{"name":"wp","href":"https:\/\/api.w.org\/{rel}","templated":true}]}}