{"id":7462,"date":"2018-09-05T10:35:52","date_gmt":"2018-09-05T08:35:52","guid":{"rendered":"https:\/\/mestergull.no\/meyer\/produkt\/barnekniv-hane-hone-kylling\/"},"modified":"2026-01-30T07:43:56","modified_gmt":"2026-01-30T06:43:56","slug":"barnekniv-hane-hone-kylling","status":"publish","type":"product","link":"https:\/\/mestergull.no\/meyer\/produkt\/barnekniv-hane-hone-kylling\/","title":{"rendered":"Barnekniv S\u00f8lv"},"content":{"rendered":"<ul>\n<li>S\u00f8lv 830S<\/li>\n<li>Lengde: 183 mm<\/li>\n<li>Egnet for gravering<\/li>\n<\/ul>\n","protected":false},"excerpt":{"rendered":"<p>S\u00f8lv barnekniv i m\u00f8nsteret Hane, H\u00f8ne &amp; Kylling<\/p>\n","protected":false},"featured_media":2893,"comment_status":"open","ping_status":"closed","template":"","meta":{"_acf_changed":false},"product_cat":[279],"product_tag":[],"merke":[517],"product_serie":[],"produsent":[],"leverandor":[171],"varetype":[],"geografisk_tilknytning":[],"varegruppe":[{"id":28,"name":"S\u00f8lvbestikk","slug":"solvbestikk"}],"butikkrettigheter":[],"class_list":{"0":"post-7462","1":"product","2":"type-product","3":"status-publish","4":"has-post-thumbnail","6":"product_cat-barnekniv","7":"product_brand-hane-hone-og-kyllin","8":"product_leverandor-th-marthinsen-solvvarefabrikk","9":"varegruppe-solvbestikk","11":"first","12":"outofstock","13":"taxable","14":"shipping-taxable","15":"purchasable","16":"product-type-simple"},"acf":[],"product_brand":[{"id":517,"name":"HANE, H\u00d8NE OG KYLLIN","slug":"hane-hone-og-kyllin"}],"product_leverandor":[{"id":171,"name":"Th. Marthinsen S\u00f8lvvarefabrikk","slug":"th-marthinsen-solvvarefabrikk"}],"_links":{"self":[{"href":"https:\/\/mestergull.no\/meyer\/wp-json\/wp\/v2\/product\/7462"}],"collection":[{"href":"https:\/\/mestergull.no\/meyer\/wp-json\/wp\/v2\/product"}],"about":[{"href":"https:\/\/mestergull.no\/meyer\/wp-json\/wp\/v2\/types\/product"}],"replies":[{"embeddable":true,"href":"https:\/\/mestergull.no\/meyer\/wp-json\/wp\/v2\/comments?post=7462"}],"wp:featuredmedia":[{"embeddable":true,"href":"https:\/\/mestergull.no\/meyer\/wp-json\/wp\/v2\/media\/2893"}],"wp:attachment":[{"href":"https:\/\/mestergull.no\/meyer\/wp-json\/wp\/v2\/media?parent=7462"}],"wp:term":[{"taxonomy":"product_cat","embeddable":true,"href":"https:\/\/mestergull.no\/meyer\/wp-json\/wp\/v2\/product_cat?post=7462"},{"taxonomy":"product_tag","embeddable":true,"href":"https:\/\/mestergull.no\/meyer\/wp-json\/wp\/v2\/product_tag?post=7462"},{"taxonomy":"product_brand","embeddable":true,"href":"https:\/\/mestergull.no\/meyer\/wp-json\/wp\/v2\/merke?post=7462"},{"taxonomy":"product_serie","embeddable":true,"href":"https:\/\/mestergull.no\/meyer\/wp-json\/wp\/v2\/product_serie?post=7462"},{"taxonomy":"produsent","embeddable":true,"href":"https:\/\/mestergull.no\/meyer\/wp-json\/wp\/v2\/produsent?post=7462"},{"taxonomy":"product_leverandor","embeddable":true,"href":"https:\/\/mestergull.no\/meyer\/wp-json\/wp\/v2\/leverandor?post=7462"},{"taxonomy":"varetype","embeddable":true,"href":"https:\/\/mestergull.no\/meyer\/wp-json\/wp\/v2\/varetype?post=7462"},{"taxonomy":"geografisk_tilknytning","embeddable":true,"href":"https:\/\/mestergull.no\/meyer\/wp-json\/wp\/v2\/geografisk_tilknytning?post=7462"},{"taxonomy":"varegruppe","embeddable":true,"href":"https:\/\/mestergull.no\/meyer\/wp-json\/wp\/v2\/varegruppe?post=7462"},{"taxonomy":"butikkrettigheter","embeddable":true,"href":"https:\/\/mestergull.no\/meyer\/wp-json\/wp\/v2\/butikkrettigheter?post=7462"}],"curies":[{"name":"wp","href":"https:\/\/api.w.org\/{rel}","templated":true}]}}