{"id":8060,"date":"2018-09-06T20:15:46","date_gmt":"2018-09-06T18:15:46","guid":{"rendered":"https:\/\/mestergull.no\/meyer\/produkt\/design-your-love-47\/"},"modified":"2025-09-18T16:23:09","modified_gmt":"2025-09-18T14:23:09","slug":"design-your-love-47","status":"publish","type":"product","link":"https:\/\/mestergull.no\/meyer\/produkt\/design-your-love-47\/","title":{"rendered":"DESIGN YOUR LOVE"},"content":{"rendered":"<ul>\n<li>Hvitt gull 585<\/li>\n<li>Profil 1\/Profil 2<\/li>\n<li>Bredde 2,5 mm\/5,0 mm<\/li>\n<li><a href=\"\/blog\/LR-01\/\">Les mer?<\/a><\/li>\n<\/ul>\n","protected":false},"excerpt":{"rendered":"<p>En spennende kombinasjon med sammensetning av to ringer. En rund i hvitt gull i profil 1 og en i r\u00f8dt gull fra profil 2. Damering er gitt et stjernedryss. Velger dere stjernedryss kan dere fritt velge antall, st\u00f8rrelse og plassering p\u00e5 diamantene.<\/p>\n","protected":false},"featured_media":8006,"comment_status":"open","ping_status":"closed","template":"","meta":{"_acf_changed":false},"product_cat":[267],"product_tag":[],"merke":[257],"product_serie":[{"id":47,"name":"Eksempel","slug":"eksempel"}],"produsent":[],"leverandor":[166],"varetype":[],"geografisk_tilknytning":[],"varegruppe":[{"id":24,"name":"Gullsmykker","slug":"gullsmykker"}],"butikkrettigheter":[],"class_list":{"0":"post-8060","1":"product","2":"type-product","3":"status-publish","4":"has-post-thumbnail","6":"product_cat-ring","7":"product_brand-lykkeringene","8":"product_serie-eksempel","9":"product_leverandor-mestergull-as","10":"varegruppe-gullsmykker","12":"first","13":"outofstock","14":"taxable","15":"shipping-taxable","16":"product-type-simple"},"acf":[],"product_brand":[{"id":257,"name":"LYKKERINGENE","slug":"lykkeringene"}],"product_leverandor":[{"id":166,"name":"Mestergull AS","slug":"mestergull-as"}],"_links":{"self":[{"href":"https:\/\/mestergull.no\/meyer\/wp-json\/wp\/v2\/product\/8060"}],"collection":[{"href":"https:\/\/mestergull.no\/meyer\/wp-json\/wp\/v2\/product"}],"about":[{"href":"https:\/\/mestergull.no\/meyer\/wp-json\/wp\/v2\/types\/product"}],"replies":[{"embeddable":true,"href":"https:\/\/mestergull.no\/meyer\/wp-json\/wp\/v2\/comments?post=8060"}],"wp:featuredmedia":[{"embeddable":true,"href":"https:\/\/mestergull.no\/meyer\/wp-json\/wp\/v2\/media\/8006"}],"wp:attachment":[{"href":"https:\/\/mestergull.no\/meyer\/wp-json\/wp\/v2\/media?parent=8060"}],"wp:term":[{"taxonomy":"product_cat","embeddable":true,"href":"https:\/\/mestergull.no\/meyer\/wp-json\/wp\/v2\/product_cat?post=8060"},{"taxonomy":"product_tag","embeddable":true,"href":"https:\/\/mestergull.no\/meyer\/wp-json\/wp\/v2\/product_tag?post=8060"},{"taxonomy":"product_brand","embeddable":true,"href":"https:\/\/mestergull.no\/meyer\/wp-json\/wp\/v2\/merke?post=8060"},{"taxonomy":"product_serie","embeddable":true,"href":"https:\/\/mestergull.no\/meyer\/wp-json\/wp\/v2\/product_serie?post=8060"},{"taxonomy":"produsent","embeddable":true,"href":"https:\/\/mestergull.no\/meyer\/wp-json\/wp\/v2\/produsent?post=8060"},{"taxonomy":"product_leverandor","embeddable":true,"href":"https:\/\/mestergull.no\/meyer\/wp-json\/wp\/v2\/leverandor?post=8060"},{"taxonomy":"varetype","embeddable":true,"href":"https:\/\/mestergull.no\/meyer\/wp-json\/wp\/v2\/varetype?post=8060"},{"taxonomy":"geografisk_tilknytning","embeddable":true,"href":"https:\/\/mestergull.no\/meyer\/wp-json\/wp\/v2\/geografisk_tilknytning?post=8060"},{"taxonomy":"varegruppe","embeddable":true,"href":"https:\/\/mestergull.no\/meyer\/wp-json\/wp\/v2\/varegruppe?post=8060"},{"taxonomy":"butikkrettigheter","embeddable":true,"href":"https:\/\/mestergull.no\/meyer\/wp-json\/wp\/v2\/butikkrettigheter?post=8060"}],"curies":[{"name":"wp","href":"https:\/\/api.w.org\/{rel}","templated":true}]}}