{"id":10334,"date":"2018-06-05T22:34:06","date_gmt":"2018-06-05T20:34:06","guid":{"rendered":"https:\/\/mester-3783.bolt52.servebolt.com\/?page_id=2966"},"modified":"2025-07-18T10:52:53","modified_gmt":"2025-07-18T08:52:53","slug":"om-oss","status":"publish","type":"page","link":"https:\/\/mestergull.no\/neerbye\/om-oss\/","title":{"rendered":"Om oss"},"content":{"rendered":"<blockquote class=\"wp-block-quote is-layout-flow wp-block-quote-is-layout-flow\"><p>Juvel\u00e9r H.A. Neerbye ble etablert i Oslo i 1914 av Hans Anton Neerbye. Siden den gang har vi tilbudt v\u00e5re kunder eksklusive merkevarer og et godt utvalg unike diamantsmykker. I 2024 feiret vi 110-\u00e5rsjubileum med oppussing og ny\u00e5pning av Oslos flotteste gullsmedforretning.<br>Velkommen til oss i Henrik Ibsensgate 60!<\/p><\/blockquote><p class=\"has-cyan-bluish-gray-color has-text-color has-link-color has-medium-font-size wp-elements-bc246a5309e404fe1317985b4c684b52\"><\/p>","protected":false},"excerpt":{"rendered":"<p>Juvel\u00e9r H.A. Neerbye ble etablert i Oslo i 1914 av Hans Anton Neerbye. Siden den gang har vi tilbudt v\u00e5re kunder eksklusive merkevarer og et godt utvalg unike diamantsmykker. I 2024 feiret vi 110-\u00e5rsjubileum med oppussing og ny\u00e5pning av Oslos flotteste gullsmedforretning.Velkommen til oss i Henrik Ibsensgate 60!<\/p>\n","protected":false},"author":1,"featured_media":65692,"parent":0,"menu_order":0,"comment_status":"closed","ping_status":"closed","template":"","meta":{"_acf_changed":false,"footnotes":""},"class_list":["post-10334","page","type-page","status-publish","has-post-thumbnail","hentry"],"acf":[],"_links":{"self":[{"href":"https:\/\/mestergull.no\/neerbye\/wp-json\/wp\/v2\/pages\/10334"}],"collection":[{"href":"https:\/\/mestergull.no\/neerbye\/wp-json\/wp\/v2\/pages"}],"about":[{"href":"https:\/\/mestergull.no\/neerbye\/wp-json\/wp\/v2\/types\/page"}],"author":[{"embeddable":true,"href":"https:\/\/mestergull.no\/neerbye\/wp-json\/wp\/v2\/users\/1"}],"replies":[{"embeddable":true,"href":"https:\/\/mestergull.no\/neerbye\/wp-json\/wp\/v2\/comments?post=10334"}],"version-history":[{"count":80,"href":"https:\/\/mestergull.no\/neerbye\/wp-json\/wp\/v2\/pages\/10334\/revisions"}],"predecessor-version":[{"id":67554,"href":"https:\/\/mestergull.no\/neerbye\/wp-json\/wp\/v2\/pages\/10334\/revisions\/67554"}],"wp:featuredmedia":[{"embeddable":true,"href":"https:\/\/mestergull.no\/neerbye\/wp-json\/wp\/v2\/media\/65692"}],"wp:attachment":[{"href":"https:\/\/mestergull.no\/neerbye\/wp-json\/wp\/v2\/media?parent=10334"}],"curies":[{"name":"wp","href":"https:\/\/api.w.org\/{rel}","templated":true}]}}