{"id":46798,"date":"2020-06-27T20:21:51","date_gmt":"2020-06-27T18:21:51","guid":{"rendered":"https:\/\/mestergull.no\/neerbye\/produkt\/mne-kakespade\/"},"modified":"2026-01-19T05:34:59","modified_gmt":"2026-01-19T04:34:59","slug":"mne-kakespade","status":"publish","type":"product","link":"https:\/\/mestergull.no\/neerbye\/produkt\/mne-kakespade\/","title":{"rendered":"M\u00e5ne, Kakespade"},"content":{"rendered":"<ul>\n<li>S\u00f8lv 830S<\/li>\n<li>Lengde: 240 mm<\/li>\n<\/ul>\n","protected":false},"excerpt":{"rendered":"<p>S\u00f8lv kakespade i m\u00f8nsteret M\u00e5ne<\/p>\n","protected":false},"featured_media":46317,"comment_status":"open","ping_status":"closed","template":"","meta":{"_acf_changed":false},"product_cat":[273],"product_tag":[],"merke":[586],"product_serie":[{"id":576,"name":"Servering","slug":"servering"}],"produsent":[],"leverandor":[162],"varetype":[],"geografisk_tilknytning":[],"varegruppe":[{"id":28,"name":"S\u00f8lvbestikk","slug":"solvbestikk"}],"butikkrettigheter":[],"class_list":{"0":"post-46798","1":"product","2":"type-product","3":"status-publish","4":"has-post-thumbnail","6":"product_cat-diverse","7":"pa_materiale-solv","8":"product_brand-mne","9":"product_serie-servering","10":"product_leverandor-arven-as","11":"varegruppe-solvbestikk","13":"first","14":"outofstock","15":"taxable","16":"shipping-taxable","17":"purchasable","18":"product-type-simple"},"acf":[],"product_brand":[{"id":586,"name":"M\u00c5NE","slug":"mne"}],"product_leverandor":[{"id":162,"name":"Arven AS","slug":"arven-as"}],"_links":{"self":[{"href":"https:\/\/mestergull.no\/neerbye\/wp-json\/wp\/v2\/product\/46798"}],"collection":[{"href":"https:\/\/mestergull.no\/neerbye\/wp-json\/wp\/v2\/product"}],"about":[{"href":"https:\/\/mestergull.no\/neerbye\/wp-json\/wp\/v2\/types\/product"}],"replies":[{"embeddable":true,"href":"https:\/\/mestergull.no\/neerbye\/wp-json\/wp\/v2\/comments?post=46798"}],"wp:featuredmedia":[{"embeddable":true,"href":"https:\/\/mestergull.no\/neerbye\/wp-json\/wp\/v2\/media\/46317"}],"wp:attachment":[{"href":"https:\/\/mestergull.no\/neerbye\/wp-json\/wp\/v2\/media?parent=46798"}],"wp:term":[{"taxonomy":"product_cat","embeddable":true,"href":"https:\/\/mestergull.no\/neerbye\/wp-json\/wp\/v2\/product_cat?post=46798"},{"taxonomy":"product_tag","embeddable":true,"href":"https:\/\/mestergull.no\/neerbye\/wp-json\/wp\/v2\/product_tag?post=46798"},{"taxonomy":"product_brand","embeddable":true,"href":"https:\/\/mestergull.no\/neerbye\/wp-json\/wp\/v2\/merke?post=46798"},{"taxonomy":"product_serie","embeddable":true,"href":"https:\/\/mestergull.no\/neerbye\/wp-json\/wp\/v2\/product_serie?post=46798"},{"taxonomy":"produsent","embeddable":true,"href":"https:\/\/mestergull.no\/neerbye\/wp-json\/wp\/v2\/produsent?post=46798"},{"taxonomy":"product_leverandor","embeddable":true,"href":"https:\/\/mestergull.no\/neerbye\/wp-json\/wp\/v2\/leverandor?post=46798"},{"taxonomy":"varetype","embeddable":true,"href":"https:\/\/mestergull.no\/neerbye\/wp-json\/wp\/v2\/varetype?post=46798"},{"taxonomy":"geografisk_tilknytning","embeddable":true,"href":"https:\/\/mestergull.no\/neerbye\/wp-json\/wp\/v2\/geografisk_tilknytning?post=46798"},{"taxonomy":"varegruppe","embeddable":true,"href":"https:\/\/mestergull.no\/neerbye\/wp-json\/wp\/v2\/varegruppe?post=46798"},{"taxonomy":"butikkrettigheter","embeddable":true,"href":"https:\/\/mestergull.no\/neerbye\/wp-json\/wp\/v2\/butikkrettigheter?post=46798"}],"curies":[{"name":"wp","href":"https:\/\/api.w.org\/{rel}","templated":true}]}}