{"id":46923,"date":"2020-06-27T21:23:10","date_gmt":"2020-06-27T19:23:10","guid":{"rendered":"https:\/\/mestergull.no\/neerbye\/produkt\/juvel-forskjaersgaffel\/"},"modified":"2026-01-30T05:54:31","modified_gmt":"2026-01-30T04:54:31","slug":"juvel-forskjaersgaffel","status":"publish","type":"product","link":"https:\/\/mestergull.no\/neerbye\/produkt\/juvel-forskjaersgaffel\/","title":{"rendered":"Juvel, Forskj\u00e6rsgaffel"},"content":{"rendered":"<ul>\n<li>S\u00f8lv 830S<\/li>\n<li>Lengde: 234 mm<\/li>\n<\/ul>\n","protected":false},"excerpt":{"rendered":"<p>S\u00f8lv forskj\u00e6rsgaffel i m\u00f8nsteret Juvel<\/p>\n","protected":false},"featured_media":46394,"comment_status":"open","ping_status":"closed","template":"","meta":{"_acf_changed":false},"product_cat":[623],"product_tag":[],"merke":[602],"product_serie":[{"id":576,"name":"Servering","slug":"servering"}],"produsent":[],"leverandor":[171],"varetype":[],"geografisk_tilknytning":[],"varegruppe":[{"id":28,"name":"S\u00f8lvbestikk","slug":"solvbestikk"}],"butikkrettigheter":[],"class_list":{"0":"post-46923","1":"product","2":"type-product","3":"status-publish","4":"has-post-thumbnail","6":"product_cat-gaffel","7":"pa_materiale-solv","8":"product_brand-juvel","9":"product_serie-servering","10":"product_leverandor-th-marthinsen-solvvarefabrikk","11":"varegruppe-solvbestikk","13":"first","14":"outofstock","15":"taxable","16":"shipping-taxable","17":"purchasable","18":"product-type-simple"},"acf":[],"product_brand":[{"id":602,"name":"JUVEL","slug":"juvel"}],"product_leverandor":[{"id":171,"name":"Th. Marthinsen S\u00f8lvvarefabrikk","slug":"th-marthinsen-solvvarefabrikk"}],"_links":{"self":[{"href":"https:\/\/mestergull.no\/neerbye\/wp-json\/wp\/v2\/product\/46923"}],"collection":[{"href":"https:\/\/mestergull.no\/neerbye\/wp-json\/wp\/v2\/product"}],"about":[{"href":"https:\/\/mestergull.no\/neerbye\/wp-json\/wp\/v2\/types\/product"}],"replies":[{"embeddable":true,"href":"https:\/\/mestergull.no\/neerbye\/wp-json\/wp\/v2\/comments?post=46923"}],"wp:featuredmedia":[{"embeddable":true,"href":"https:\/\/mestergull.no\/neerbye\/wp-json\/wp\/v2\/media\/46394"}],"wp:attachment":[{"href":"https:\/\/mestergull.no\/neerbye\/wp-json\/wp\/v2\/media?parent=46923"}],"wp:term":[{"taxonomy":"product_cat","embeddable":true,"href":"https:\/\/mestergull.no\/neerbye\/wp-json\/wp\/v2\/product_cat?post=46923"},{"taxonomy":"product_tag","embeddable":true,"href":"https:\/\/mestergull.no\/neerbye\/wp-json\/wp\/v2\/product_tag?post=46923"},{"taxonomy":"product_brand","embeddable":true,"href":"https:\/\/mestergull.no\/neerbye\/wp-json\/wp\/v2\/merke?post=46923"},{"taxonomy":"product_serie","embeddable":true,"href":"https:\/\/mestergull.no\/neerbye\/wp-json\/wp\/v2\/product_serie?post=46923"},{"taxonomy":"produsent","embeddable":true,"href":"https:\/\/mestergull.no\/neerbye\/wp-json\/wp\/v2\/produsent?post=46923"},{"taxonomy":"product_leverandor","embeddable":true,"href":"https:\/\/mestergull.no\/neerbye\/wp-json\/wp\/v2\/leverandor?post=46923"},{"taxonomy":"varetype","embeddable":true,"href":"https:\/\/mestergull.no\/neerbye\/wp-json\/wp\/v2\/varetype?post=46923"},{"taxonomy":"geografisk_tilknytning","embeddable":true,"href":"https:\/\/mestergull.no\/neerbye\/wp-json\/wp\/v2\/geografisk_tilknytning?post=46923"},{"taxonomy":"varegruppe","embeddable":true,"href":"https:\/\/mestergull.no\/neerbye\/wp-json\/wp\/v2\/varegruppe?post=46923"},{"taxonomy":"butikkrettigheter","embeddable":true,"href":"https:\/\/mestergull.no\/neerbye\/wp-json\/wp\/v2\/butikkrettigheter?post=46923"}],"curies":[{"name":"wp","href":"https:\/\/api.w.org\/{rel}","templated":true}]}}