{"id":46937,"date":"2020-06-27T21:24:44","date_gmt":"2020-06-27T19:24:44","guid":{"rendered":"https:\/\/mestergull.no\/neerbye\/produkt\/rosendal-forskjrsgaffel\/"},"modified":"2026-02-04T05:37:06","modified_gmt":"2026-02-04T04:37:06","slug":"rosendal-forskjrsgaffel","status":"publish","type":"product","link":"https:\/\/mestergull.no\/neerbye\/produkt\/rosendal-forskjrsgaffel\/","title":{"rendered":"Rosendal, Forskj\u00e6rsgaffel"},"content":{"rendered":"<ul>\n<li>S\u00f8lv 830S<\/li>\n<li>Lengde: 240 mm<\/li>\n<\/ul>\n","protected":false},"excerpt":{"rendered":"<p>S\u00f8lv forskj\u00e6rsgaffel i m\u00f8nsteret Rosendal<\/p>\n","protected":false},"featured_media":46171,"comment_status":"open","ping_status":"closed","template":"","meta":{"_acf_changed":false},"product_cat":[623],"product_tag":[],"merke":[610],"product_serie":[{"id":576,"name":"Servering","slug":"servering"}],"produsent":[],"leverandor":[162],"varetype":[],"geografisk_tilknytning":[],"varegruppe":[{"id":28,"name":"S\u00f8lvbestikk","slug":"solvbestikk"}],"butikkrettigheter":[],"class_list":{"0":"post-46937","1":"product","2":"type-product","3":"status-publish","4":"has-post-thumbnail","6":"product_cat-gaffel","7":"pa_materiale-solv","8":"product_brand-rosendal","9":"product_serie-servering","10":"product_leverandor-arven-as","11":"varegruppe-solvbestikk","13":"first","14":"outofstock","15":"taxable","16":"shipping-taxable","17":"purchasable","18":"product-type-simple"},"acf":[],"product_brand":[{"id":610,"name":"ROSENDAL","slug":"rosendal"}],"product_leverandor":[{"id":162,"name":"Arven AS","slug":"arven-as"}],"_links":{"self":[{"href":"https:\/\/mestergull.no\/neerbye\/wp-json\/wp\/v2\/product\/46937"}],"collection":[{"href":"https:\/\/mestergull.no\/neerbye\/wp-json\/wp\/v2\/product"}],"about":[{"href":"https:\/\/mestergull.no\/neerbye\/wp-json\/wp\/v2\/types\/product"}],"replies":[{"embeddable":true,"href":"https:\/\/mestergull.no\/neerbye\/wp-json\/wp\/v2\/comments?post=46937"}],"wp:featuredmedia":[{"embeddable":true,"href":"https:\/\/mestergull.no\/neerbye\/wp-json\/wp\/v2\/media\/46171"}],"wp:attachment":[{"href":"https:\/\/mestergull.no\/neerbye\/wp-json\/wp\/v2\/media?parent=46937"}],"wp:term":[{"taxonomy":"product_cat","embeddable":true,"href":"https:\/\/mestergull.no\/neerbye\/wp-json\/wp\/v2\/product_cat?post=46937"},{"taxonomy":"product_tag","embeddable":true,"href":"https:\/\/mestergull.no\/neerbye\/wp-json\/wp\/v2\/product_tag?post=46937"},{"taxonomy":"product_brand","embeddable":true,"href":"https:\/\/mestergull.no\/neerbye\/wp-json\/wp\/v2\/merke?post=46937"},{"taxonomy":"product_serie","embeddable":true,"href":"https:\/\/mestergull.no\/neerbye\/wp-json\/wp\/v2\/product_serie?post=46937"},{"taxonomy":"produsent","embeddable":true,"href":"https:\/\/mestergull.no\/neerbye\/wp-json\/wp\/v2\/produsent?post=46937"},{"taxonomy":"product_leverandor","embeddable":true,"href":"https:\/\/mestergull.no\/neerbye\/wp-json\/wp\/v2\/leverandor?post=46937"},{"taxonomy":"varetype","embeddable":true,"href":"https:\/\/mestergull.no\/neerbye\/wp-json\/wp\/v2\/varetype?post=46937"},{"taxonomy":"geografisk_tilknytning","embeddable":true,"href":"https:\/\/mestergull.no\/neerbye\/wp-json\/wp\/v2\/geografisk_tilknytning?post=46937"},{"taxonomy":"varegruppe","embeddable":true,"href":"https:\/\/mestergull.no\/neerbye\/wp-json\/wp\/v2\/varegruppe?post=46937"},{"taxonomy":"butikkrettigheter","embeddable":true,"href":"https:\/\/mestergull.no\/neerbye\/wp-json\/wp\/v2\/butikkrettigheter?post=46937"}],"curies":[{"name":"wp","href":"https:\/\/api.w.org\/{rel}","templated":true}]}}