{"id":47072,"date":"2020-06-27T21:39:41","date_gmt":"2020-06-27T19:39:41","guid":{"rendered":"https:\/\/mestergull.no\/neerbye\/produkt\/bankett-fiskegaffel-med-solvtinner\/"},"modified":"2026-01-30T05:54:37","modified_gmt":"2026-01-30T04:54:37","slug":"bankett-fiskegaffel-med-solvtinner","status":"publish","type":"product","link":"https:\/\/mestergull.no\/neerbye\/produkt\/bankett-fiskegaffel-med-solvtinner\/","title":{"rendered":"Bankett, Fiskegaffel Med S\u00f8lvtinner"},"content":{"rendered":"<ul>\n<li>S\u00f8lv 830S<\/li>\n<li>Lengde: 193 mm<\/li>\n<\/ul>\n","protected":false},"excerpt":{"rendered":"<p>S\u00f8lv fiskegaffel med S\u00f8lvtinner i m\u00f8nsteret Bankett<\/p>\n","protected":false},"featured_media":46552,"comment_status":"open","ping_status":"closed","template":"","meta":{"_acf_changed":false},"product_cat":[623],"product_tag":[],"merke":[604],"product_serie":[{"id":576,"name":"Servering","slug":"servering"}],"produsent":[],"leverandor":[171],"varetype":[],"geografisk_tilknytning":[],"varegruppe":[{"id":28,"name":"S\u00f8lvbestikk","slug":"solvbestikk"}],"butikkrettigheter":[],"class_list":{"0":"post-47072","1":"product","2":"type-product","3":"status-publish","4":"has-post-thumbnail","6":"product_cat-gaffel","7":"pa_materiale-solv","8":"product_brand-bankett","9":"product_serie-servering","10":"product_leverandor-th-marthinsen-solvvarefabrikk","11":"varegruppe-solvbestikk","13":"first","14":"outofstock","15":"taxable","16":"shipping-taxable","17":"purchasable","18":"product-type-simple"},"acf":[],"product_brand":[{"id":604,"name":"BANKETT","slug":"bankett"}],"product_leverandor":[{"id":171,"name":"Th. Marthinsen S\u00f8lvvarefabrikk","slug":"th-marthinsen-solvvarefabrikk"}],"_links":{"self":[{"href":"https:\/\/mestergull.no\/neerbye\/wp-json\/wp\/v2\/product\/47072"}],"collection":[{"href":"https:\/\/mestergull.no\/neerbye\/wp-json\/wp\/v2\/product"}],"about":[{"href":"https:\/\/mestergull.no\/neerbye\/wp-json\/wp\/v2\/types\/product"}],"replies":[{"embeddable":true,"href":"https:\/\/mestergull.no\/neerbye\/wp-json\/wp\/v2\/comments?post=47072"}],"wp:featuredmedia":[{"embeddable":true,"href":"https:\/\/mestergull.no\/neerbye\/wp-json\/wp\/v2\/media\/46552"}],"wp:attachment":[{"href":"https:\/\/mestergull.no\/neerbye\/wp-json\/wp\/v2\/media?parent=47072"}],"wp:term":[{"taxonomy":"product_cat","embeddable":true,"href":"https:\/\/mestergull.no\/neerbye\/wp-json\/wp\/v2\/product_cat?post=47072"},{"taxonomy":"product_tag","embeddable":true,"href":"https:\/\/mestergull.no\/neerbye\/wp-json\/wp\/v2\/product_tag?post=47072"},{"taxonomy":"product_brand","embeddable":true,"href":"https:\/\/mestergull.no\/neerbye\/wp-json\/wp\/v2\/merke?post=47072"},{"taxonomy":"product_serie","embeddable":true,"href":"https:\/\/mestergull.no\/neerbye\/wp-json\/wp\/v2\/product_serie?post=47072"},{"taxonomy":"produsent","embeddable":true,"href":"https:\/\/mestergull.no\/neerbye\/wp-json\/wp\/v2\/produsent?post=47072"},{"taxonomy":"product_leverandor","embeddable":true,"href":"https:\/\/mestergull.no\/neerbye\/wp-json\/wp\/v2\/leverandor?post=47072"},{"taxonomy":"varetype","embeddable":true,"href":"https:\/\/mestergull.no\/neerbye\/wp-json\/wp\/v2\/varetype?post=47072"},{"taxonomy":"geografisk_tilknytning","embeddable":true,"href":"https:\/\/mestergull.no\/neerbye\/wp-json\/wp\/v2\/geografisk_tilknytning?post=47072"},{"taxonomy":"varegruppe","embeddable":true,"href":"https:\/\/mestergull.no\/neerbye\/wp-json\/wp\/v2\/varegruppe?post=47072"},{"taxonomy":"butikkrettigheter","embeddable":true,"href":"https:\/\/mestergull.no\/neerbye\/wp-json\/wp\/v2\/butikkrettigheter?post=47072"}],"curies":[{"name":"wp","href":"https:\/\/api.w.org\/{rel}","templated":true}]}}