{"id":47838,"date":"2020-07-07T20:52:20","date_gmt":"2020-07-07T18:52:20","guid":{"rendered":"https:\/\/mestergull.no\/neerbye\/produkt\/allianse-ring-5\/"},"modified":"2025-04-24T06:07:01","modified_gmt":"2025-04-24T04:07:01","slug":"allianse-ring-5","status":"publish","type":"product","link":"https:\/\/mestergull.no\/neerbye\/produkt\/allianse-ring-5\/","title":{"rendered":"Allianse Ring"},"content":{"rendered":"<ul>\n<li>Hvitt gull 585<\/li>\n<li>3 diamanter<\/li>\n<li>0,08 ct. Totalt 0,24 ct. HSi<\/li>\n<li>4 Safirer<\/li>\n<\/ul>\n","protected":false},"excerpt":{"rendered":"<p>V\u00e5r Allianse ring har siden 1992 v\u00e6rt en av de mest klassiske diamantringene i landet. Allianse lar deg bygge p\u00e5 med nye stener for hver ny anledning.<\/p>\n","protected":false},"featured_media":47806,"comment_status":"open","ping_status":"closed","template":"","meta":{"_acf_changed":false},"product_cat":[269],"product_tag":[],"merke":[644],"product_serie":[{"id":640,"name":"Saf.\/Dia. 0,08 ct.","slug":"saf-dia-008-ct"}],"produsent":[{"id":181,"name":"Continental Jewellery Mfg. Ltd","slug":"continental-jewellery-mfg-ltd"}],"leverandor":[166],"varetype":[{"id":1183,"name":"Annet","slug":"annet-ringer-smykker-damesmykker"}],"geografisk_tilknytning":[],"varegruppe":[{"id":21,"name":"Diamantsmykker","slug":"diamantsmykker"}],"butikkrettigheter":[],"class_list":{"0":"post-47838","1":"product","2":"type-product","3":"status-publish","4":"has-post-thumbnail","6":"product_cat-ring","7":"pa_materiale-hvitt-gull","8":"product_brand-allianse","9":"product_serie-saf-dia-008-ct","10":"produsent-continental-jewellery-mfg-ltd","11":"product_leverandor-mestergull-as","12":"varetype-annet-ringer-smykker-damesmykker","13":"varegruppe-diamantsmykker","15":"first","16":"outofstock","17":"taxable","18":"shipping-taxable","19":"purchasable","20":"product-type-simple"},"acf":[],"product_brand":[{"id":644,"name":"ALLIANSE","slug":"allianse"}],"product_leverandor":[{"id":166,"name":"Mestergull AS","slug":"mestergull-as"}],"_links":{"self":[{"href":"https:\/\/mestergull.no\/neerbye\/wp-json\/wp\/v2\/product\/47838"}],"collection":[{"href":"https:\/\/mestergull.no\/neerbye\/wp-json\/wp\/v2\/product"}],"about":[{"href":"https:\/\/mestergull.no\/neerbye\/wp-json\/wp\/v2\/types\/product"}],"replies":[{"embeddable":true,"href":"https:\/\/mestergull.no\/neerbye\/wp-json\/wp\/v2\/comments?post=47838"}],"wp:featuredmedia":[{"embeddable":true,"href":"https:\/\/mestergull.no\/neerbye\/wp-json\/wp\/v2\/media\/47806"}],"wp:attachment":[{"href":"https:\/\/mestergull.no\/neerbye\/wp-json\/wp\/v2\/media?parent=47838"}],"wp:term":[{"taxonomy":"product_cat","embeddable":true,"href":"https:\/\/mestergull.no\/neerbye\/wp-json\/wp\/v2\/product_cat?post=47838"},{"taxonomy":"product_tag","embeddable":true,"href":"https:\/\/mestergull.no\/neerbye\/wp-json\/wp\/v2\/product_tag?post=47838"},{"taxonomy":"product_brand","embeddable":true,"href":"https:\/\/mestergull.no\/neerbye\/wp-json\/wp\/v2\/merke?post=47838"},{"taxonomy":"product_serie","embeddable":true,"href":"https:\/\/mestergull.no\/neerbye\/wp-json\/wp\/v2\/product_serie?post=47838"},{"taxonomy":"produsent","embeddable":true,"href":"https:\/\/mestergull.no\/neerbye\/wp-json\/wp\/v2\/produsent?post=47838"},{"taxonomy":"product_leverandor","embeddable":true,"href":"https:\/\/mestergull.no\/neerbye\/wp-json\/wp\/v2\/leverandor?post=47838"},{"taxonomy":"varetype","embeddable":true,"href":"https:\/\/mestergull.no\/neerbye\/wp-json\/wp\/v2\/varetype?post=47838"},{"taxonomy":"geografisk_tilknytning","embeddable":true,"href":"https:\/\/mestergull.no\/neerbye\/wp-json\/wp\/v2\/geografisk_tilknytning?post=47838"},{"taxonomy":"varegruppe","embeddable":true,"href":"https:\/\/mestergull.no\/neerbye\/wp-json\/wp\/v2\/varegruppe?post=47838"},{"taxonomy":"butikkrettigheter","embeddable":true,"href":"https:\/\/mestergull.no\/neerbye\/wp-json\/wp\/v2\/butikkrettigheter?post=47838"}],"curies":[{"name":"wp","href":"https:\/\/api.w.org\/{rel}","templated":true}]}}