{"id":9867,"date":"2018-09-04T22:58:56","date_gmt":"2018-09-04T20:58:56","guid":{"rendered":"https:\/\/mestergull.no\/neerbye\/produkt\/barneskje-noste\/"},"modified":"2026-01-30T05:52:13","modified_gmt":"2026-01-30T04:52:13","slug":"barneskje-noste","status":"publish","type":"product","link":"https:\/\/mestergull.no\/neerbye\/produkt\/barneskje-noste\/","title":{"rendered":"Barneskje S\u00f8lv"},"content":{"rendered":"<ul>\n<li>S\u00f8lv 830S<\/li>\n<li>Lengde: 155 mm<\/li>\n<li>Egnet for gravering<\/li>\n<\/ul>\n","protected":false},"excerpt":{"rendered":"<p>S\u00f8lv barneskje i m\u00f8nsteret N\u00f8ste<\/p>\n","protected":false},"featured_media":3591,"comment_status":"open","ping_status":"closed","template":"","meta":{"_acf_changed":false},"product_cat":[280],"product_tag":[],"merke":[246],"product_serie":[],"produsent":[],"leverandor":[171],"varetype":[],"geografisk_tilknytning":[],"varegruppe":[{"id":28,"name":"S\u00f8lvbestikk","slug":"solvbestikk"}],"butikkrettigheter":[],"class_list":{"0":"post-9867","1":"product","2":"type-product","3":"status-publish","4":"has-post-thumbnail","6":"product_cat-barneskje","7":"pa_materiale-solv","8":"product_brand-noste","9":"product_leverandor-th-marthinsen-solvvarefabrikk","10":"varegruppe-solvbestikk","12":"first","13":"outofstock","14":"taxable","15":"shipping-taxable","16":"purchasable","17":"product-type-simple"},"acf":[],"product_brand":[{"id":246,"name":"N\u00d8STE","slug":"noste"}],"product_leverandor":[{"id":171,"name":"Th. Marthinsen S\u00f8lvvarefabrikk","slug":"th-marthinsen-solvvarefabrikk"}],"_links":{"self":[{"href":"https:\/\/mestergull.no\/neerbye\/wp-json\/wp\/v2\/product\/9867"}],"collection":[{"href":"https:\/\/mestergull.no\/neerbye\/wp-json\/wp\/v2\/product"}],"about":[{"href":"https:\/\/mestergull.no\/neerbye\/wp-json\/wp\/v2\/types\/product"}],"replies":[{"embeddable":true,"href":"https:\/\/mestergull.no\/neerbye\/wp-json\/wp\/v2\/comments?post=9867"}],"wp:featuredmedia":[{"embeddable":true,"href":"https:\/\/mestergull.no\/neerbye\/wp-json\/wp\/v2\/media\/3591"}],"wp:attachment":[{"href":"https:\/\/mestergull.no\/neerbye\/wp-json\/wp\/v2\/media?parent=9867"}],"wp:term":[{"taxonomy":"product_cat","embeddable":true,"href":"https:\/\/mestergull.no\/neerbye\/wp-json\/wp\/v2\/product_cat?post=9867"},{"taxonomy":"product_tag","embeddable":true,"href":"https:\/\/mestergull.no\/neerbye\/wp-json\/wp\/v2\/product_tag?post=9867"},{"taxonomy":"product_brand","embeddable":true,"href":"https:\/\/mestergull.no\/neerbye\/wp-json\/wp\/v2\/merke?post=9867"},{"taxonomy":"product_serie","embeddable":true,"href":"https:\/\/mestergull.no\/neerbye\/wp-json\/wp\/v2\/product_serie?post=9867"},{"taxonomy":"produsent","embeddable":true,"href":"https:\/\/mestergull.no\/neerbye\/wp-json\/wp\/v2\/produsent?post=9867"},{"taxonomy":"product_leverandor","embeddable":true,"href":"https:\/\/mestergull.no\/neerbye\/wp-json\/wp\/v2\/leverandor?post=9867"},{"taxonomy":"varetype","embeddable":true,"href":"https:\/\/mestergull.no\/neerbye\/wp-json\/wp\/v2\/varetype?post=9867"},{"taxonomy":"geografisk_tilknytning","embeddable":true,"href":"https:\/\/mestergull.no\/neerbye\/wp-json\/wp\/v2\/geografisk_tilknytning?post=9867"},{"taxonomy":"varegruppe","embeddable":true,"href":"https:\/\/mestergull.no\/neerbye\/wp-json\/wp\/v2\/varegruppe?post=9867"},{"taxonomy":"butikkrettigheter","embeddable":true,"href":"https:\/\/mestergull.no\/neerbye\/wp-json\/wp\/v2\/butikkrettigheter?post=9867"}],"curies":[{"name":"wp","href":"https:\/\/api.w.org\/{rel}","templated":true}]}}