{"id":65117,"date":"2025-11-10T16:45:31","date_gmt":"2025-11-10T15:45:31","guid":{"rendered":"https:\/\/mestergull.no\/ronning\/?page_id=65117"},"modified":"2026-02-12T13:10:10","modified_gmt":"2026-02-12T12:10:10","slug":"flora-danica","status":"publish","type":"page","link":"https:\/\/mestergull.no\/ronning\/kolleksjoner\/flora-danica\/","title":{"rendered":"FLORA DANICA"},"content":{"rendered":"<p class=\"has-text-align-center\">Eventyret om Flora Danica-smykkene startet i 1952, da selskapet ble verdens f\u00f8rste til \u00e5 forgylde og bevare ekte blomster og blader som smykker. Navnet Flora Danica kommer fra det ber\u00f8mte oppslagsverket som dokumenterte den danske floraen over 122 \u00e5r. <\/p><p class=\"has-text-align-center\"><\/p><h2 class=\"wp-block-heading has-text-align-center\"><\/h2><figure class=\"wp-block-gallery has-nested-images columns-default is-cropped wp-block-gallery-1 is-layout-flex wp-block-gallery-is-layout-flex\"><\/figure>","protected":false},"excerpt":{"rendered":"<p>Eventyret om Flora Danica-smykkene startet i 1952, da selskapet ble verdens f\u00f8rste til \u00e5 forgylde og bevare ekte blomster og blader som smykker. Navnet Flora Danica kommer fra det ber\u00f8mte oppslagsverket som dokumenterte den danske floraen over 122 \u00e5r.<\/p>\n","protected":false},"author":80,"featured_media":0,"parent":10623,"menu_order":0,"comment_status":"closed","ping_status":"closed","template":"","meta":{"_acf_changed":false,"footnotes":""},"class_list":["post-65117","page","type-page","status-publish","hentry"],"acf":[],"_links":{"self":[{"href":"https:\/\/mestergull.no\/ronning\/wp-json\/wp\/v2\/pages\/65117"}],"collection":[{"href":"https:\/\/mestergull.no\/ronning\/wp-json\/wp\/v2\/pages"}],"about":[{"href":"https:\/\/mestergull.no\/ronning\/wp-json\/wp\/v2\/types\/page"}],"author":[{"embeddable":true,"href":"https:\/\/mestergull.no\/ronning\/wp-json\/wp\/v2\/users\/80"}],"replies":[{"embeddable":true,"href":"https:\/\/mestergull.no\/ronning\/wp-json\/wp\/v2\/comments?post=65117"}],"version-history":[{"count":12,"href":"https:\/\/mestergull.no\/ronning\/wp-json\/wp\/v2\/pages\/65117\/revisions"}],"predecessor-version":[{"id":65771,"href":"https:\/\/mestergull.no\/ronning\/wp-json\/wp\/v2\/pages\/65117\/revisions\/65771"}],"up":[{"embeddable":true,"href":"https:\/\/mestergull.no\/ronning\/wp-json\/wp\/v2\/pages\/10623"}],"wp:attachment":[{"href":"https:\/\/mestergull.no\/ronning\/wp-json\/wp\/v2\/media?parent=65117"}],"curies":[{"name":"wp","href":"https:\/\/api.w.org\/{rel}","templated":true}]}}