{"id":10097,"date":"2018-09-05T07:32:02","date_gmt":"2018-09-05T05:32:02","guid":{"rendered":"https:\/\/mestergull.no\/ronning\/produkt\/grotskal-noste\/"},"modified":"2026-01-30T07:22:16","modified_gmt":"2026-01-30T06:22:16","slug":"grotskal-noste","status":"publish","type":"product","link":"https:\/\/mestergull.no\/ronning\/produkt\/grotskal-noste\/","title":{"rendered":"Sk\u00e5l \/ Tallerken S\u00f8lv"},"content":{"rendered":"<ul>\n<li>S\u00f8lv 830S<\/li>\n<li>Diameter: 130 mm<\/li>\n<li>Egnet for gravering<\/li>\n<\/ul>\n","protected":false},"excerpt":{"rendered":"<p>S\u00f8lv gr\u00f8tsk\u00e5l i m\u00f8nsteret N\u00f8ste<\/p>\n","protected":false},"featured_media":1686,"comment_status":"open","ping_status":"closed","template":"","meta":{"_acf_changed":false},"product_cat":[285],"product_tag":[],"merke":[255],"product_serie":[],"produsent":[],"leverandor":[171],"varetype":[],"geografisk_tilknytning":[],"varegruppe":[{"id":25,"name":"Korpus","slug":"korpus"}],"butikkrettigheter":[],"class_list":{"0":"post-10097","1":"product","2":"type-product","3":"status-publish","4":"has-post-thumbnail","6":"product_cat-skal-tallerken","7":"product_brand-noste","8":"product_leverandor-th-marthinsen-solvvarefabrikk","9":"varegruppe-korpus","11":"first","12":"outofstock","13":"taxable","14":"shipping-taxable","15":"purchasable","16":"product-type-simple"},"acf":[],"product_brand":[{"id":255,"name":"N\u00d8STE","slug":"noste"}],"product_leverandor":[{"id":171,"name":"Th. Marthinsen S\u00f8lvvarefabrikk","slug":"th-marthinsen-solvvarefabrikk"}],"_links":{"self":[{"href":"https:\/\/mestergull.no\/ronning\/wp-json\/wp\/v2\/product\/10097"}],"collection":[{"href":"https:\/\/mestergull.no\/ronning\/wp-json\/wp\/v2\/product"}],"about":[{"href":"https:\/\/mestergull.no\/ronning\/wp-json\/wp\/v2\/types\/product"}],"replies":[{"embeddable":true,"href":"https:\/\/mestergull.no\/ronning\/wp-json\/wp\/v2\/comments?post=10097"}],"wp:featuredmedia":[{"embeddable":true,"href":"https:\/\/mestergull.no\/ronning\/wp-json\/wp\/v2\/media\/1686"}],"wp:attachment":[{"href":"https:\/\/mestergull.no\/ronning\/wp-json\/wp\/v2\/media?parent=10097"}],"wp:term":[{"taxonomy":"product_cat","embeddable":true,"href":"https:\/\/mestergull.no\/ronning\/wp-json\/wp\/v2\/product_cat?post=10097"},{"taxonomy":"product_tag","embeddable":true,"href":"https:\/\/mestergull.no\/ronning\/wp-json\/wp\/v2\/product_tag?post=10097"},{"taxonomy":"product_brand","embeddable":true,"href":"https:\/\/mestergull.no\/ronning\/wp-json\/wp\/v2\/merke?post=10097"},{"taxonomy":"product_serie","embeddable":true,"href":"https:\/\/mestergull.no\/ronning\/wp-json\/wp\/v2\/product_serie?post=10097"},{"taxonomy":"produsent","embeddable":true,"href":"https:\/\/mestergull.no\/ronning\/wp-json\/wp\/v2\/produsent?post=10097"},{"taxonomy":"product_leverandor","embeddable":true,"href":"https:\/\/mestergull.no\/ronning\/wp-json\/wp\/v2\/leverandor?post=10097"},{"taxonomy":"varetype","embeddable":true,"href":"https:\/\/mestergull.no\/ronning\/wp-json\/wp\/v2\/varetype?post=10097"},{"taxonomy":"geografisk_tilknytning","embeddable":true,"href":"https:\/\/mestergull.no\/ronning\/wp-json\/wp\/v2\/geografisk_tilknytning?post=10097"},{"taxonomy":"varegruppe","embeddable":true,"href":"https:\/\/mestergull.no\/ronning\/wp-json\/wp\/v2\/varegruppe?post=10097"},{"taxonomy":"butikkrettigheter","embeddable":true,"href":"https:\/\/mestergull.no\/ronning\/wp-json\/wp\/v2\/butikkrettigheter?post=10097"}],"curies":[{"name":"wp","href":"https:\/\/api.w.org\/{rel}","templated":true}]}}