{"id":61678,"date":"2024-10-08T00:33:19","date_gmt":"2024-10-07T22:33:19","guid":{"rendered":"https:\/\/mestergull.no\/ronning\/produkt\/srh-id-armband-cz-lakk-142-cm\/"},"modified":"2026-01-26T20:42:22","modified_gmt":"2026-01-26T19:42:22","slug":"srh-id-armband-cz-lakk-142-cm","status":"publish","type":"product","link":"https:\/\/mestergull.no\/ronning\/produkt\/srh-id-armband-cz-lakk-142-cm\/","title":{"rendered":"Armb\u00e5nd S\u00f8lv"},"content":{"rendered":"<ul>\n<li>S\u00f8lv 925S<\/li>\n<li>Cubic zirkonia\/Rosa lakk<\/li>\n<li>Bredde 5,5 mm<\/li>\n<li>14+2 cm<\/li>\n<\/ul>\n","protected":false},"excerpt":{"rendered":"<p>S\u00f8tt hjerte ID-armb\u00e5nd i rhodinert s\u00f8lv med cubic zirkonia og rosa lakk<\/p>\n","protected":false},"featured_media":60878,"comment_status":"open","ping_status":"closed","template":"","meta":{"_acf_changed":false},"product_cat":[262],"product_tag":[],"merke":[225],"product_serie":[],"produsent":[{"id":207,"name":"Sjr Gmbh","slug":"sjr-gmbh"}],"leverandor":[166],"varetype":[{"id":913,"name":"Annet","slug":"annet-armsmykker"}],"geografisk_tilknytning":[],"varegruppe":[{"id":29,"name":"S\u00f8lvsmykker","slug":"solvsmykker"}],"butikkrettigheter":[],"class_list":{"0":"post-61678","1":"product","2":"type-product","3":"status-publish","4":"has-post-thumbnail","6":"product_cat-armband","7":"product_brand-mg-basic","8":"produsent-sjr-gmbh","9":"product_leverandor-mestergull-as","10":"varetype-annet-armsmykker","11":"varegruppe-solvsmykker","13":"first","14":"instock","15":"taxable","16":"shipping-taxable","17":"purchasable","18":"product-type-simple"},"acf":[],"product_brand":[{"id":225,"name":"MG BASIC","slug":"mg-basic"}],"product_leverandor":[{"id":166,"name":"Mestergull AS","slug":"mestergull-as"}],"_links":{"self":[{"href":"https:\/\/mestergull.no\/ronning\/wp-json\/wp\/v2\/product\/61678"}],"collection":[{"href":"https:\/\/mestergull.no\/ronning\/wp-json\/wp\/v2\/product"}],"about":[{"href":"https:\/\/mestergull.no\/ronning\/wp-json\/wp\/v2\/types\/product"}],"replies":[{"embeddable":true,"href":"https:\/\/mestergull.no\/ronning\/wp-json\/wp\/v2\/comments?post=61678"}],"wp:featuredmedia":[{"embeddable":true,"href":"https:\/\/mestergull.no\/ronning\/wp-json\/wp\/v2\/media\/60878"}],"wp:attachment":[{"href":"https:\/\/mestergull.no\/ronning\/wp-json\/wp\/v2\/media?parent=61678"}],"wp:term":[{"taxonomy":"product_cat","embeddable":true,"href":"https:\/\/mestergull.no\/ronning\/wp-json\/wp\/v2\/product_cat?post=61678"},{"taxonomy":"product_tag","embeddable":true,"href":"https:\/\/mestergull.no\/ronning\/wp-json\/wp\/v2\/product_tag?post=61678"},{"taxonomy":"product_brand","embeddable":true,"href":"https:\/\/mestergull.no\/ronning\/wp-json\/wp\/v2\/merke?post=61678"},{"taxonomy":"product_serie","embeddable":true,"href":"https:\/\/mestergull.no\/ronning\/wp-json\/wp\/v2\/product_serie?post=61678"},{"taxonomy":"produsent","embeddable":true,"href":"https:\/\/mestergull.no\/ronning\/wp-json\/wp\/v2\/produsent?post=61678"},{"taxonomy":"product_leverandor","embeddable":true,"href":"https:\/\/mestergull.no\/ronning\/wp-json\/wp\/v2\/leverandor?post=61678"},{"taxonomy":"varetype","embeddable":true,"href":"https:\/\/mestergull.no\/ronning\/wp-json\/wp\/v2\/varetype?post=61678"},{"taxonomy":"geografisk_tilknytning","embeddable":true,"href":"https:\/\/mestergull.no\/ronning\/wp-json\/wp\/v2\/geografisk_tilknytning?post=61678"},{"taxonomy":"varegruppe","embeddable":true,"href":"https:\/\/mestergull.no\/ronning\/wp-json\/wp\/v2\/varegruppe?post=61678"},{"taxonomy":"butikkrettigheter","embeddable":true,"href":"https:\/\/mestergull.no\/ronning\/wp-json\/wp\/v2\/butikkrettigheter?post=61678"}],"curies":[{"name":"wp","href":"https:\/\/api.w.org\/{rel}","templated":true}]}}